{"id":240,"date":"2024-03-13T23:23:45","date_gmt":"2024-03-13T23:23:45","guid":{"rendered":"https:\/\/help.unhcr.org\/honduras\/?page_id=240"},"modified":"2024-04-22T16:17:49","modified_gmt":"2024-04-22T16:17:49","slug":"quienes-son-las-personas-desplazadas-internamente-por-la-violencia-en-honduras","status":"publish","type":"page","link":"https:\/\/help.unhcr.org\/honduras\/quienes-son-las-personas-desplazadas-internamente-por-la-violencia-en-honduras\/","title":{"rendered":"\u00bfQui\u00e9nes son las personas desplazadas internamente por la violencia en Honduras?"},"content":{"rendered":"\n<p class=\"has-text-color has-background has-link-color has-medium-font-size wp-elements-2da965752acff32c14aa4a64fe17fd11\" style=\"color:#faeb00;background-color:#0072bc\">Recuerda que <strong>todos nuestros servicios son GRATUITOS<\/strong>. Para m\u00e1s informaci\u00f3n, visita la secci\u00f3n: <strong>Cuidado con el fraude<\/strong>.<\/p>\n\n\n\n<figure class=\"wp-block-embed aligncenter is-type-video is-provider-youtube wp-block-embed-youtube wp-embed-aspect-16-9 wp-has-aspect-ratio\"><div class=\"wp-block-embed__wrapper\">\n<iframe loading=\"lazy\" title=\"\u00bfQui\u00e9nes son las personas desplazadas internas?\" width=\"640\" height=\"360\" src=\"https:\/\/www.youtube.com\/embed\/ZWU5qs3xgw0?feature=oembed\" frameborder=\"0\" allow=\"accelerometer; autoplay; clipboard-write; encrypted-media; gyroscope; picture-in-picture; web-share\" referrerpolicy=\"strict-origin-when-cross-origin\" allowfullscreen><\/iframe>\n<\/div><figcaption class=\"wp-element-caption\"><em>A trav\u00e9s de este video podr\u00e1s informarte sobre qui\u00e9nes son las personas desplazadas internamente.<\/em><\/figcaption><\/figure>\n\n\n\n<p>Las personas desplazadas internamente son aquellas que se han visto forzadas u obligadas a escapar o huir de su hogar o de su lugar de residencia habitual, en particular como resultado o para evitar los efectos de un conflicto armado, de situaciones de violencia generalizada o de violaciones de Derechos Humanos y que no han cruzado una frontera estatal internacionalmente reconocida (Art. 1 de la Ley Para La Prevenci\u00f3n, Atenci\u00f3n Y Protecci\u00f3n De Las Personas Desplazadas Internamente)&nbsp;<\/p>\n\n\n\n<p class=\"has-background\" style=\"background-color:#fdf799\">\u26a0\ufe0f Si eres una persona desplazada o te encuentras en riesgo de desplazamiento interno y necesitas asesor\u00eda o apoyo, podemos ayudarte.&nbsp;<strong>Cont\u00e1ctanos:<\/strong>&nbsp;<\/p>\n\n\n\n<p>?Tel\u00e9fono: +504 3373-5003 y +504 8814-5837&nbsp;<\/p>\n\n\n\n<p>\u23f0Horario de atenci\u00f3n:\u202f 8:00 a.m. \u2013 5:00 p.m.\u202f\u202f&nbsp;<\/p>\n\n\n\n<p>?Correo electr\u00f3nico: <a href=\"mailto:ayudahonduras@unhcr.org\" target=\"_blank\" rel=\"noreferrer noopener\">ayudahonduras@unhcr.org<\/a> &nbsp;<\/p>\n\n\n\n<p class=\"has-white-color has-text-color has-background has-link-color wp-elements-45a6239cb2fa5e4954ed64bb3b251a4b\" style=\"background-color:#0072bc\"><strong>\u00bfC\u00f3mo solicitar asistencia ante instituciones del Estado?&nbsp;<\/strong>&nbsp;<\/p>\n\n\n\n<p><strong>Mecanismo de protecci\u00f3n de la Direcci\u00f3n para la Prevenci\u00f3n, Atenci\u00f3n y Protecci\u00f3n de las Personas Desplazadas Internamente por Violencia, Secretar\u00eda de Derechos Humanos (SEDH): protecci\u00f3n, asistencia humanitaria y orientaci\u00f3n para el acceso a derechos.&nbsp;<\/strong><\/p>\n\n\n\n<p>?Tel\u00e9fono: +504 3183-8376 (disponible para contacto en cualquier horario).&nbsp;<\/p>\n\n\n\n<p>\u23f0Horario de atenci\u00f3n:\u202fLunes a viernes de 8:00 a.m. \u2013 4:00 p.m.&nbsp;<\/p>\n\n\n\n<p>?Correo electr\u00f3nico: <a href=\"mailto:atencion.dippdiv@sedh.gob.hn\" target=\"_blank\" rel=\"noreferrer noopener\">atencion.dippdiv@sedh.gob.hn<\/a>&nbsp;<\/p>\n\n\n\n<p>?Direcci\u00f3n: Edificio La Sage, Colonia Florencia Oeste, Bulevard Suyapa, frente a Lamamotor\/Volvo, Tegucigalpa&nbsp;<br>&nbsp;<\/p>\n\n\n\n<p><strong>Unidad de Desplazamiento Forzado Interno, Comisionado Nacional de los Derechos Humanos (CONADEH): presentaci\u00f3n de quejas, orientaci\u00f3n legal, asistencia humanitaria en emergencia y referencia a mecanismos de protecci\u00f3n&nbsp;<\/strong><\/p>\n\n\n\n<p>?Tel\u00e9fono: +504 9581-1846 (disponible para contacto en cualquier horario).&nbsp;<\/p>\n\n\n\n<p>?Direcci\u00f3n: Delegaci\u00f3n del CONADEH m\u00e1s cercana para atenci\u00f3n presencial.&nbsp;&nbsp;<\/p>\n\n\n\n<p>\u23f0Horario de atenci\u00f3n:\u202fLunes a viernes de 8:00 a.m. \u2013 4:00 p.m.&nbsp;<\/p>\n\n\n\n<p class=\"has-white-color has-text-color has-background has-link-color wp-elements-82e0317046598b3f8e69a83d93010859\" style=\"background-color:#0072bc\"><strong>Datos importantes que debes conocer:<\/strong><\/p>\n\n\n\n<ul class=\"wp-block-list\">\n<li>Para solicitar protecci\u00f3n no se requieren formalidades ni la representaci\u00f3n de abogados\/as o apoderados\/as legales.&nbsp;&nbsp;<\/li>\n\n\n\n<li>El procedimiento para solicitar y acceder a medidas de asistencia humanitaria y protecci\u00f3n es gratuito y nadie te debe solicitar o exigir nada a cambio.&nbsp;&nbsp;<\/li>\n\n\n\n<li>Para solicitar protecci\u00f3n no se exigen medios probatorios ni la presentaci\u00f3n previa de denuncias o demandas.&nbsp;&nbsp;<\/li>\n\n\n\n<li>La informaci\u00f3n que brindes debe ser tratada confidencialmente y solo se podr\u00e1 utilizar con tu consentimiento para los fines necesarios de brindar asistencia y protecci\u00f3n.&nbsp;&nbsp;<\/li>\n\n\n\n<li>Las medidas de asistencia y protecci\u00f3n no son iguales para todos los casos. Estas estar\u00e1n sujetas a una evaluaci\u00f3n de las necesidades de las personas afectadas.&nbsp;&nbsp;<\/li>\n<\/ul>\n\n\n\n<p class=\"has-white-color has-text-color has-background has-link-color wp-elements-f59c47a7636d033cd2130404fdb0b20d\" style=\"background-color:#0072bc\"><strong>Informaci\u00f3n para personas retornadas a Centros de Atenci\u00f3n al Migrante Retornado (CAMR) con necesidades de protecci\u00f3n:<\/strong><\/p>\n\n\n\n<ul class=\"wp-block-list\">\n<li>Las personas retornadas son aquellas cuya causa de salida est\u00e1 vinculada con hechos de violencia similares a los que enfrentan las personas desplazadas internamente y que a su retorno persisten los factores de riesgo que originaron su salida del pa\u00eds.&nbsp;<\/li>\n\n\n\n<li>Las personas retornadas con necesidades de protecci\u00f3n tambi\u00e9n tienen derecho a solicitar y recibir asistencia y protecci\u00f3n en Honduras.&nbsp;<\/li>\n<\/ul>\n","protected":false},"excerpt":{"rendered":"<p>Recuerda que todos nuestros servicios son GRATUITOS. Para m\u00e1s informaci\u00f3n, visita la secci\u00f3n: Cuidado con el fraude. Las personas desplazadas internamente son aquellas que se han visto forzadas u obligadas a escapar o huir de su hogar o de su lugar de residencia habitual, en particular como resultado o para evitar los efectos de un [&hellip;]<\/p>\n","protected":false},"author":437,"featured_media":0,"parent":0,"menu_order":6,"comment_status":"closed","ping_status":"closed","template":"","meta":{"_acf_changed":false,"footnotes":""},"class_list":["post-240","page","type-page","status-publish","hentry"],"acf":[],"_links":{"self":[{"href":"https:\/\/help.unhcr.org\/honduras\/wp-json\/wp\/v2\/pages\/240","targetHints":{"allow":["GET"]}}],"collection":[{"href":"https:\/\/help.unhcr.org\/honduras\/wp-json\/wp\/v2\/pages"}],"about":[{"href":"https:\/\/help.unhcr.org\/honduras\/wp-json\/wp\/v2\/types\/page"}],"author":[{"embeddable":true,"href":"https:\/\/help.unhcr.org\/honduras\/wp-json\/wp\/v2\/users\/437"}],"replies":[{"embeddable":true,"href":"https:\/\/help.unhcr.org\/honduras\/wp-json\/wp\/v2\/comments?post=240"}],"version-history":[{"count":8,"href":"https:\/\/help.unhcr.org\/honduras\/wp-json\/wp\/v2\/pages\/240\/revisions"}],"predecessor-version":[{"id":331,"href":"https:\/\/help.unhcr.org\/honduras\/wp-json\/wp\/v2\/pages\/240\/revisions\/331"}],"wp:attachment":[{"href":"https:\/\/help.unhcr.org\/honduras\/wp-json\/wp\/v2\/media?parent=240"}],"curies":[{"name":"wp","href":"https:\/\/api.w.org\/{rel}","templated":true}]}}