{"id":234,"date":"2024-03-13T23:11:24","date_gmt":"2024-03-13T23:11:24","guid":{"rendered":"https:\/\/help.unhcr.org\/honduras\/?page_id=234"},"modified":"2024-07-05T23:01:36","modified_gmt":"2024-07-05T23:01:36","slug":"quien-es-una-persona-refugiada","status":"publish","type":"page","link":"https:\/\/help.unhcr.org\/honduras\/quien-es-una-persona-refugiada\/","title":{"rendered":"\u00bfQui\u00e9n es una persona refugiada?"},"content":{"rendered":"\n<figure class=\"wp-block-embed aligncenter is-type-video is-provider-youtube wp-block-embed-youtube wp-embed-aspect-16-9 wp-has-aspect-ratio\"><div class=\"wp-block-embed__wrapper\">\n<iframe loading=\"lazy\" title=\"\u00bfQui\u00e9n es una persona refugiada?\" width=\"640\" height=\"360\" src=\"https:\/\/www.youtube.com\/embed\/qV4SiUi-hBQ?feature=oembed\" frameborder=\"0\" allow=\"accelerometer; autoplay; clipboard-write; encrypted-media; gyroscope; picture-in-picture; web-share\" referrerpolicy=\"strict-origin-when-cross-origin\" allowfullscreen><\/iframe>\n<\/div><figcaption class=\"wp-element-caption\"><em>A trav\u00e9s de este video podr\u00e1s informarte sobre qui\u00e9n es una persona refugiada. <br>Recuerda, si saliste de tu pa\u00eds porque tu vida corre peligro, <strong>solicitar protecci\u00f3n como una persona refugiada es tu derecho.<\/strong>&nbsp;<\/em><\/figcaption><\/figure>\n\n\n\n<p>Las personas refugiadas son personas que se han visto obligadas a huir de su pa\u00eds y no pueden regresar porque su vida, integridad, libertad o seguridad se han visto amenazadas por uno o varios de los siguientes motivos: raza, religi\u00f3n, nacionalidad, opini\u00f3n pol\u00edtica o pertenencia a un determinado grupo social.&nbsp;&nbsp;<\/p>\n\n\n\n<p>Adem\u00e1s, en Honduras, tambi\u00e9n son reconocidas personas como refugiadas si est\u00e1n en riesgo de sufrir persecuci\u00f3n por motivos de violencia generalizada, agresi\u00f3n extranjera, conflictos internos, violaciones masivas de los derechos humanos u otras circunstancias que hayan perturbado gravemente el orden p\u00fablico, violencia sexual u otras formas de persecuci\u00f3n de g\u00e9nero.\u00a0<\/p>\n\n\n\n<p><strong>Los Estados tienen la obligaci\u00f3n de no devolver a ninguna persona a un pa\u00eds o territorio donde su vida, integridad, libertad o seguridad est\u00e1n en peligro.<\/strong> A esto llamamos <strong>principio de no-devoluci\u00f3n<\/strong> <strong>y significa que no puedes ser retornado\/a tu pa\u00eds de origen sin antes tener el derecho de presentar tu solicitud de asilo y que sea analizada por el INM<\/strong>. Ning\u00fan funcionario p\u00fablico deber\u00e1 negarte el acceso al territorio de Honduras y no deber\u00e1n devolverte al pa\u00eds donde tienes miedo de regresar.\u00a0<\/p>\n\n\n\n<p class=\"has-white-color has-text-color has-background has-link-color wp-elements-e5a5f651ac80b6842262df9a60059d55\" style=\"background-color:#0071bd\">\u26a0\ufe0f <strong>Si has salido de tu pa\u00eds y tienes miedo de regresar porque tu vida, integridad, libertad o seguridad corre peligro, tienes derecho de solicitar protecci\u00f3n como persona refugiada en Honduras ante el <\/strong><a href=\"https:\/\/inm.gob.hn\/\" target=\"_blank\" rel=\"noreferrer noopener\"><strong>Instituto Nacional de Migraci\u00f3n (INM)<\/strong><\/a><strong>.&nbsp;<\/strong>&nbsp;<\/p>\n\n\n\n<p><strong>\u00bfQu\u00e9 debes saber sobre la solicitud de asilo en Honduras?<\/strong><\/p>\n\n\n\n<ul class=\"wp-block-list\">\n<li>La solicitud de asilo en Honduras <strong>es gratuita<\/strong> y puedes hacerla en cualquier momento, es decir no hay un l\u00edmite de tiempo para presentar tu solicitud.&nbsp;&nbsp;<\/li>\n\n\n\n<li>Toda la informaci\u00f3n que proporcionas al Instituto Nacional de Migraci\u00f3n (INM) ser\u00e1 tratada de manera <strong>confidencial <\/strong>y no ser\u00e1 compartida con personas o autoridades de tu pa\u00eds de origen.&nbsp;<\/li>\n\n\n\n<li>La presentaci\u00f3n de documentos o pruebas no es un requisito para hacer la solicitud. Sin embargo, si los tienes, no dudes en presentarlos al INM.&nbsp;<\/li>\n\n\n\n<li>Recuerda que <strong>no es posible solicitar asilo en tu propio pa\u00eds de origen.<\/strong> Debes haber salido de tu pa\u00eds para solicitar asilo en Honduras.&nbsp;<\/li>\n\n\n\n<li>La solicitud de asilo tambi\u00e9n es llamada solicitud de la condici\u00f3n de persona refugiada o solicitud de protecci\u00f3n como persona refugiada. El INM de Honduras la llama solicitud de refugio.<\/li>\n<\/ul>\n\n\n\n<p class=\"has-text-color has-background has-link-color has-medium-font-size wp-elements-a36234b9c8e3bd55e735c43a1a7c09a6\" style=\"color:#faeb00;background-color:#0072bc\">Recuerda que<strong> <strong>todos nuestros servicios son GRATUITOS<\/strong>. <\/strong>Para m\u00e1s informaci\u00f3n, visita la secci\u00f3n: <strong><strong>Cuidado con el fraude<\/strong>.<\/strong><\/p>\n","protected":false},"excerpt":{"rendered":"<p>Las personas refugiadas son personas que se han visto obligadas a huir de su pa\u00eds y no pueden regresar porque su vida, integridad, libertad o seguridad se han visto amenazadas por uno o varios de los siguientes motivos: raza, religi\u00f3n, nacionalidad, opini\u00f3n pol\u00edtica o pertenencia a un determinado grupo social.&nbsp;&nbsp; Adem\u00e1s, en Honduras, tambi\u00e9n son [&hellip;]<\/p>\n","protected":false},"author":437,"featured_media":0,"parent":0,"menu_order":2,"comment_status":"closed","ping_status":"closed","template":"","meta":{"_acf_changed":false,"footnotes":""},"class_list":["post-234","page","type-page","status-publish","hentry"],"acf":[],"_links":{"self":[{"href":"https:\/\/help.unhcr.org\/honduras\/wp-json\/wp\/v2\/pages\/234","targetHints":{"allow":["GET"]}}],"collection":[{"href":"https:\/\/help.unhcr.org\/honduras\/wp-json\/wp\/v2\/pages"}],"about":[{"href":"https:\/\/help.unhcr.org\/honduras\/wp-json\/wp\/v2\/types\/page"}],"author":[{"embeddable":true,"href":"https:\/\/help.unhcr.org\/honduras\/wp-json\/wp\/v2\/users\/437"}],"replies":[{"embeddable":true,"href":"https:\/\/help.unhcr.org\/honduras\/wp-json\/wp\/v2\/comments?post=234"}],"version-history":[{"count":7,"href":"https:\/\/help.unhcr.org\/honduras\/wp-json\/wp\/v2\/pages\/234\/revisions"}],"predecessor-version":[{"id":353,"href":"https:\/\/help.unhcr.org\/honduras\/wp-json\/wp\/v2\/pages\/234\/revisions\/353"}],"wp:attachment":[{"href":"https:\/\/help.unhcr.org\/honduras\/wp-json\/wp\/v2\/media?parent=234"}],"curies":[{"name":"wp","href":"https:\/\/api.w.org\/{rel}","templated":true}]}}