{"id":228,"date":"2024-03-13T23:04:33","date_gmt":"2024-03-13T23:04:33","guid":{"rendered":"https:\/\/help.unhcr.org\/honduras\/?page_id=228"},"modified":"2024-03-14T21:45:17","modified_gmt":"2024-03-14T21:45:17","slug":"secretaria-de-derechos-humanos-sedh","status":"publish","type":"page","link":"https:\/\/help.unhcr.org\/honduras\/donde-encontrar-ayuda\/secretaria-de-derechos-humanos-sedh\/","title":{"rendered":"Secretar\u00eda de Derechos Humanos (SEDH)"},"content":{"rendered":"\n<p>La SEDH es una institucion del Estado hondure\u00f1o que promueve el respeto, protecci\u00f3n y garant\u00eda de los Derechos Humanos para toda la ciudadan\u00eda. La Direcci\u00f3n para la Protecci\u00f3n de las Personas Desplazadas Internamente por Violencia es parte de la SEDH , y promueve la prevenci\u00f3n, atenci\u00f3n y protecci\u00f3n de las personas desplazadas en Honduras.<\/p>\n\n\n\n<p class=\"has-background\" style=\"background-color:#fdf799\">\u26a0\ufe0f Si eres una persona que por situaciones relacionadas con la violencia o violaciones a derechos humanos ha tenido que huir de su hogar o te encuentras en riesgo de hacerlo, puedes contactarte con:<\/p>\n\n\n\n<p><strong>Direcci\u00f3n para la Protecci\u00f3n de las Personas Desplazadas Internamente por Violencia&nbsp;<\/strong><\/p>\n\n\n\n<p>?Tel\u00e9fono: +504 3183-8376 (disponible para contacto en cualquier horario).&nbsp;<\/p>\n\n\n\n<p>\u23f0Horario de atenci\u00f3n:\u202fLunes a viernes de 8:00 a.m. &#8211; 4:00 p.m.\u00a0\u00a0<\/p>\n\n\n\n<p>?Correo electr\u00f3nico: <a href=\"mailto:atencion.dippdiv@sedh.gob.hn\" target=\"_blank\" rel=\"noreferrer noopener\">atencion.dippdiv@sedh.gob.hn<\/a>&nbsp;<\/p>\n\n\n\n<p>?Direcci\u00f3n: Edificio La Sage, Colonia Florencia Oeste, Bulevard Suyapa, frente a Lamamotor\/Volvo, Tegucigalpa&nbsp;<\/p>\n","protected":false},"excerpt":{"rendered":"<p>La SEDH es una institucion del Estado hondure\u00f1o que promueve el respeto, protecci\u00f3n y garant\u00eda de los Derechos Humanos para toda la ciudadan\u00eda. La Direcci\u00f3n para la Protecci\u00f3n de las Personas Desplazadas Internamente por Violencia es parte de la SEDH , y promueve la prevenci\u00f3n, atenci\u00f3n y protecci\u00f3n de las personas desplazadas en Honduras. \u26a0\ufe0f [&hellip;]<\/p>\n","protected":false},"author":437,"featured_media":0,"parent":99,"menu_order":4,"comment_status":"closed","ping_status":"closed","template":"","meta":{"_acf_changed":false,"footnotes":""},"class_list":["post-228","page","type-page","status-publish","hentry"],"acf":[],"_links":{"self":[{"href":"https:\/\/help.unhcr.org\/honduras\/wp-json\/wp\/v2\/pages\/228","targetHints":{"allow":["GET"]}}],"collection":[{"href":"https:\/\/help.unhcr.org\/honduras\/wp-json\/wp\/v2\/pages"}],"about":[{"href":"https:\/\/help.unhcr.org\/honduras\/wp-json\/wp\/v2\/types\/page"}],"author":[{"embeddable":true,"href":"https:\/\/help.unhcr.org\/honduras\/wp-json\/wp\/v2\/users\/437"}],"replies":[{"embeddable":true,"href":"https:\/\/help.unhcr.org\/honduras\/wp-json\/wp\/v2\/comments?post=228"}],"version-history":[{"count":4,"href":"https:\/\/help.unhcr.org\/honduras\/wp-json\/wp\/v2\/pages\/228\/revisions"}],"predecessor-version":[{"id":294,"href":"https:\/\/help.unhcr.org\/honduras\/wp-json\/wp\/v2\/pages\/228\/revisions\/294"}],"up":[{"embeddable":true,"href":"https:\/\/help.unhcr.org\/honduras\/wp-json\/wp\/v2\/pages\/99"}],"wp:attachment":[{"href":"https:\/\/help.unhcr.org\/honduras\/wp-json\/wp\/v2\/media?parent=228"}],"curies":[{"name":"wp","href":"https:\/\/api.w.org\/{rel}","templated":true}]}}