{"id":2,"date":"2020-04-04T09:11:17","date_gmt":"2020-04-04T09:11:17","guid":{"rendered":"http:\/\/help.unhcr.org\/honduras\/?page_id=2"},"modified":"2025-01-24T14:49:21","modified_gmt":"2025-01-24T14:49:21","slug":"sample-page","status":"publish","type":"page","link":"https:\/\/help.unhcr.org\/honduras\/","title":{"rendered":"\u00a1Bienvenida\/o!"},"content":{"rendered":"\n<p>ACNUR, la Agencia de la ONU para los Refugiados en Honduras, cre\u00f3 el sitio web ayuda.acnur.org\/honduras para brindar informaci\u00f3n a personas desplazadas forzosamente, refugiadas y solicitantes de asilo en Honduras.&nbsp;<\/p>\n\n\n\n<p>Si tienes miedo de regresar a tu pa\u00eds porque tu vida corre peligro puedes solicitar protecci\u00f3n como refugiada\/o en Honduras.&nbsp;&nbsp;<\/p>\n\n\n\n<p class=\"has-white-color has-text-color has-background has-link-color wp-elements-50c23f3cccd7abe53edfc9513b559bbd\" style=\"background-color:#0072bc\"><strong>Aqu\u00ed encontrar\u00e1s informaci\u00f3n sobre:<\/strong><\/p>\n\n\n\n<ul class=\"wp-block-list\">\n<li><a href=\"https:\/\/help.unhcr.org\/honduras\/donde-encontrar-ayuda\/\">\u00bfD\u00f3nde encontrar ayuda?<\/a><\/li>\n\n\n\n<li><a href=\"https:\/\/help.unhcr.org\/honduras\/como-solicitar-asilo\/como-solicitar-la-condicion-de-refugiado\/\">\u00bfQui\u00e9n es una persona refugiada?<\/a><\/li>\n\n\n\n<li><a href=\"https:\/\/help.unhcr.org\/honduras\/como-solicitar-asilo\/como-solicitar-la-condicion-de-refugiado\/\">\u00bfC\u00f3mo solicitar la condici\u00f3n de persona refugiada en Honduras?<\/a><\/li>\n\n\n\n<li><a href=\"https:\/\/help.unhcr.org\/honduras\/accesso-a-otros-derechos\/\">Acceso a otros derechos<\/a><\/li>\n\n\n\n<li><a href=\"https:\/\/help.unhcr.org\/honduras\/quienes-son-las-personas-desplazadas-internamente-por-la-violencia-en-honduras\/\">\u00bfQui\u00e9nes son las personas desplazadas internamentepor violencia en Honduras?<\/a><\/li>\n\n\n\n<li><a href=\"https:\/\/help.unhcr.org\/honduras\/nuevo-proceso-de-control-migratorio-para-ingresar-a-los-ee-uu-para-nacionales-de-cuba-haiti-nicaragua-y-venezuela\/\">Nuevo proceso de control migratorio para ingresar a los EE.UU. para nacionales de Cuba, Hait\u00ed, Nicaragua y Venezuela<\/a><\/li>\n\n\n\n<li><a href=\"https:\/\/help.unhcr.org\/honduras\/buzon-de-sugerencias-comentarios-y-quejas\/\">Buz\u00f3n de sugerencias, comentarios y quejas<\/a><\/li>\n\n\n\n<li><a href=\"https:\/\/help.unhcr.org\/honduras\/explotacion-y-abuso-sexual-por-parte-de-trabajadores-humanitarios\/\">Explotaci\u00f3n y abuso sexual por parte de trabajadores humanitarios<\/a><\/li>\n\n\n\n<li><a href=\"https:\/\/help.unhcr.org\/honduras\/cuidado-con-el-fraude\/\">\u00a1Cuidado con el fraude!<\/a><\/li>\n<\/ul>\n\n\n\n<p class=\"has-text-color has-background has-link-color has-large-font-size wp-elements-d2cf62a88a67fa436982eb93d772d136\" style=\"color:#faeb00;background-color:#0072bc\">Recuerda que <strong>todos nuestros servicios son GRATUITOS<\/strong>. Para m\u00e1s informaci\u00f3n, visita la secci\u00f3n: <strong>Cuidado con el fraude<\/strong>.<\/p>\n\n\n\n<p><\/p>\n\n\n\n<p><\/p>\n\n\n\n<p><\/p>\n\n\n\n<p><\/p>\n\n\n\n<p><\/p>\n","protected":false},"excerpt":{"rendered":"<p>ACNUR, la Agencia de la ONU para los Refugiados en Honduras, cre\u00f3 el sitio web ayuda.acnur.org\/honduras para brindar informaci\u00f3n a personas desplazadas forzosamente, refugiadas y solicitantes de asilo en Honduras.&nbsp; Si tienes miedo de regresar a tu pa\u00eds porque tu vida corre peligro puedes solicitar protecci\u00f3n como refugiada\/o en Honduras.&nbsp;&nbsp; Aqu\u00ed encontrar\u00e1s informaci\u00f3n sobre: Recuerda [&hellip;]<\/p>\n","protected":false},"author":1,"featured_media":0,"parent":0,"menu_order":0,"comment_status":"closed","ping_status":"open","template":"","meta":{"_acf_changed":false,"footnotes":""},"class_list":["post-2","page","type-page","status-publish","hentry"],"acf":[],"_links":{"self":[{"href":"https:\/\/help.unhcr.org\/honduras\/wp-json\/wp\/v2\/pages\/2","targetHints":{"allow":["GET"]}}],"collection":[{"href":"https:\/\/help.unhcr.org\/honduras\/wp-json\/wp\/v2\/pages"}],"about":[{"href":"https:\/\/help.unhcr.org\/honduras\/wp-json\/wp\/v2\/types\/page"}],"author":[{"embeddable":true,"href":"https:\/\/help.unhcr.org\/honduras\/wp-json\/wp\/v2\/users\/1"}],"replies":[{"embeddable":true,"href":"https:\/\/help.unhcr.org\/honduras\/wp-json\/wp\/v2\/comments?post=2"}],"version-history":[{"count":33,"href":"https:\/\/help.unhcr.org\/honduras\/wp-json\/wp\/v2\/pages\/2\/revisions"}],"predecessor-version":[{"id":336,"href":"https:\/\/help.unhcr.org\/honduras\/wp-json\/wp\/v2\/pages\/2\/revisions\/336"}],"wp:attachment":[{"href":"https:\/\/help.unhcr.org\/honduras\/wp-json\/wp\/v2\/media?parent=2"}],"curies":[{"name":"wp","href":"https:\/\/api.w.org\/{rel}","templated":true}]}}