{"id":109,"date":"2020-04-04T09:51:42","date_gmt":"2020-04-04T09:51:42","guid":{"rendered":"http:\/\/help.unhcr.org\/honduras\/?page_id=109"},"modified":"2025-01-02T23:05:33","modified_gmt":"2025-01-02T23:05:33","slug":"instituto-nacional-de-migracion-inm","status":"publish","type":"page","link":"https:\/\/help.unhcr.org\/honduras\/donde-encontrar-ayuda\/instituto-nacional-de-migracion-inm\/","title":{"rendered":"Instituto Nacional de Migraci\u00f3n (INM)"},"content":{"rendered":"\n<p>El Instituto Nacional de Migraci\u00f3n es la m\u00e1xima autoridad en materia migratoria en Honduras. Sirve a nacionales y extranjeros en el marco de la protecci\u00f3n de sus derechos y seguridad, en aplicaci\u00f3n de la Ley de Migraci\u00f3n y Extranjer\u00eda y la Pol\u00edtica Migratoria del Gobierno de la Rep\u00fablica de Honduras.<\/p>\n\n\n\n<p>En las siguientes delegaciones el INM cuenta con personal de la Gerencia de Derechos Humanos y Atenci\u00f3n al Migrante. Sin embargo, puede presentar su solicitud de asilo tambi\u00e9n en cualquier otra delegaci\u00f3n terrestre, mar\u00edtima o a\u00e9rea del INM.<\/p>\n\n\n\n<p><\/p>\n","protected":false},"excerpt":{"rendered":"<p>El Instituto Nacional de Migraci\u00f3n es la m\u00e1xima autoridad en materia migratoria en Honduras. Sirve a nacionales y extranjeros en el marco de la protecci\u00f3n de sus derechos y seguridad, en aplicaci\u00f3n de la Ley de Migraci\u00f3n y Extranjer\u00eda y la Pol\u00edtica Migratoria del Gobierno de la Rep\u00fablica de Honduras. En las siguientes delegaciones el [&hellip;]<\/p>\n","protected":false},"author":1,"featured_media":0,"parent":99,"menu_order":2,"comment_status":"closed","ping_status":"closed","template":"page-templates\/sectioned.php","meta":{"_acf_changed":false,"footnotes":""},"class_list":["post-109","page","type-page","status-publish","hentry"],"acf":[],"_links":{"self":[{"href":"https:\/\/help.unhcr.org\/honduras\/wp-json\/wp\/v2\/pages\/109","targetHints":{"allow":["GET"]}}],"collection":[{"href":"https:\/\/help.unhcr.org\/honduras\/wp-json\/wp\/v2\/pages"}],"about":[{"href":"https:\/\/help.unhcr.org\/honduras\/wp-json\/wp\/v2\/types\/page"}],"author":[{"embeddable":true,"href":"https:\/\/help.unhcr.org\/honduras\/wp-json\/wp\/v2\/users\/1"}],"replies":[{"embeddable":true,"href":"https:\/\/help.unhcr.org\/honduras\/wp-json\/wp\/v2\/comments?post=109"}],"version-history":[{"count":6,"href":"https:\/\/help.unhcr.org\/honduras\/wp-json\/wp\/v2\/pages\/109\/revisions"}],"predecessor-version":[{"id":362,"href":"https:\/\/help.unhcr.org\/honduras\/wp-json\/wp\/v2\/pages\/109\/revisions\/362"}],"up":[{"embeddable":true,"href":"https:\/\/help.unhcr.org\/honduras\/wp-json\/wp\/v2\/pages\/99"}],"wp:attachment":[{"href":"https:\/\/help.unhcr.org\/honduras\/wp-json\/wp\/v2\/media?parent=109"}],"curies":[{"name":"wp","href":"https:\/\/api.w.org\/{rel}","templated":true}]}}