{"id":105,"date":"2020-04-04T09:47:03","date_gmt":"2020-04-04T09:47:03","guid":{"rendered":"http:\/\/help.unhcr.org\/honduras\/?page_id=105"},"modified":"2024-07-05T22:58:52","modified_gmt":"2024-07-05T22:58:52","slug":"comisionado-nacional-de-los-derechos-humanos-en-honduras-conadeh","status":"publish","type":"page","link":"https:\/\/help.unhcr.org\/honduras\/donde-encontrar-ayuda\/comisionado-nacional-de-los-derechos-humanos-en-honduras-conadeh\/","title":{"rendered":"Comisionado Nacional de los Derechos Humanos en Honduras (CONADEH)"},"content":{"rendered":"\n<p>CONADEH es el \u00f3rgano del Estado hondure\u00f1o que garantiza el respeto y promoci\u00f3n de la dignidad humana de todas y todos los habitantes y migrantes, asegur\u00e1ndoles la efectividad progresiva y protecci\u00f3n adecuada de sus derechos humanos y libertades fundamentales. <\/p>\n","protected":false},"excerpt":{"rendered":"<p>CONADEH es el \u00f3rgano del Estado hondure\u00f1o que garantiza el respeto y promoci\u00f3n de la dignidad humana de todas y todos los habitantes y migrantes, asegur\u00e1ndoles la efectividad progresiva y protecci\u00f3n adecuada de sus derechos humanos y libertades fundamentales.<\/p>\n","protected":false},"author":1,"featured_media":0,"parent":99,"menu_order":1,"comment_status":"closed","ping_status":"closed","template":"page-templates\/sectioned.php","meta":{"_acf_changed":false,"footnotes":""},"class_list":["post-105","page","type-page","status-publish","hentry"],"acf":[],"_links":{"self":[{"href":"https:\/\/help.unhcr.org\/honduras\/wp-json\/wp\/v2\/pages\/105","targetHints":{"allow":["GET"]}}],"collection":[{"href":"https:\/\/help.unhcr.org\/honduras\/wp-json\/wp\/v2\/pages"}],"about":[{"href":"https:\/\/help.unhcr.org\/honduras\/wp-json\/wp\/v2\/types\/page"}],"author":[{"embeddable":true,"href":"https:\/\/help.unhcr.org\/honduras\/wp-json\/wp\/v2\/users\/1"}],"replies":[{"embeddable":true,"href":"https:\/\/help.unhcr.org\/honduras\/wp-json\/wp\/v2\/comments?post=105"}],"version-history":[{"count":4,"href":"https:\/\/help.unhcr.org\/honduras\/wp-json\/wp\/v2\/pages\/105\/revisions"}],"predecessor-version":[{"id":351,"href":"https:\/\/help.unhcr.org\/honduras\/wp-json\/wp\/v2\/pages\/105\/revisions\/351"}],"up":[{"embeddable":true,"href":"https:\/\/help.unhcr.org\/honduras\/wp-json\/wp\/v2\/pages\/99"}],"wp:attachment":[{"href":"https:\/\/help.unhcr.org\/honduras\/wp-json\/wp\/v2\/media?parent=105"}],"curies":[{"name":"wp","href":"https:\/\/api.w.org\/{rel}","templated":true}]}}