{"id":101,"date":"2020-04-04T09:37:54","date_gmt":"2020-04-04T09:37:54","guid":{"rendered":"http:\/\/help.unhcr.org\/honduras\/?page_id=101"},"modified":"2025-09-05T15:49:27","modified_gmt":"2025-09-05T15:49:27","slug":"oficinas-del-acnur","status":"publish","type":"page","link":"https:\/\/help.unhcr.org\/honduras\/donde-encontrar-ayuda\/oficinas-del-acnur\/","title":{"rendered":"Oficinas del ACNUR en Honduras"},"content":{"rendered":"\n<p class=\"has-text-color has-background has-link-color has-medium-font-size wp-elements-172a3b2149a6e4f8a29879665e5717e2\" style=\"color:#faeb00;background-color:#0072bc\">Recuerda que <strong>todos nuestros servicios son GRATUITOS.<\/strong> Para m\u00e1s informaci\u00f3n, visita la secci\u00f3n: <strong>Cuidado con el fraude<\/strong>.<\/p>\n\n\n\n<h2 class=\"wp-block-heading has-white-color has-text-color has-background has-link-color wp-elements-ba1dd7a8f8bfa8261578208d7e9b5f81\" style=\"background-color:#0072bc\">Unidad de Terreno &#8211; Tegucigalpa<\/h2>\n\n\n\n<p>\u23f0Horario de atenci\u00f3n:\u202flunes a viernes de 8:00 a.m. \u2013 5:00 p.m.&nbsp;<\/p>\n\n\n\n<p>?Tel\u00e9fono: +504 3174-2939&nbsp;<\/p>\n\n\n\n<p>?Direcci\u00f3n: <a href=\"https:\/\/maps.app.goo.gl\/xmQcctaWgD4yc68u5\">2006 C. Ua Xac, Lomas del Mayab, Casa 3127, Tegucigalpa, Francisco Moraz\u00e1n&nbsp;<\/a><\/p>\n\n\n\n<p>?Como llegar: Oficinas localizadas abajo de la Embajada de Brasil, casa con portones grises.&nbsp;<\/p>\n\n\n\n<h2 class=\"wp-block-heading has-white-color has-text-color has-background has-link-color wp-elements-2f30cea5ec2024e67513a13f860d84d5\" style=\"background-color:#0072bc\">Unidad de Terreno &#8211; San Pedro Sula<\/h2>\n\n\n\n<p>\u23f0Horario de atenci\u00f3n:\u202flunes a viernes de 8:00 a.m. \u2013 5:00 p.m.&nbsp;<\/p>\n\n\n\n<p>?Tel\u00e9fono: +504 2565-3100&nbsp;<\/p>\n\n\n\n<p>?Direcci\u00f3n: <a href=\"https:\/\/maps.app.goo.gl\/8HvEL9XRqX9c8VdG6\">Predio #15, Residencial Lomas del Pedregal. Blvd. MacKay, San Pedro Sula<\/a>&nbsp;<\/p>\n\n\n\n<p>?Como llegar: Oficinas localizadas a 350 Mts Adelante entrada Residencial Merend\u00f3n Hills y 100 mts. antes de Helados Sarita, casa con el port\u00f3n azul.&nbsp;&nbsp;<\/p>\n\n\n\n<h2 class=\"wp-block-heading has-white-color has-text-color has-background has-link-color wp-elements-715d8325cbf61d91818b03c92fe4201e\" style=\"background-color:#0072bc\">Unidad de Terreno &#8211; Choluteca<\/h2>\n\n\n\n<p>\u23f0Horario de atenci\u00f3n:\u202flunes a viernes de 8:00 a.m. \u2013 12:00 p.m. y de 2:00 p.m. \u2013 5:00 p.m.&nbsp;<\/p>\n\n\n\n<p>?Tel\u00e9fono: +504 3172-1182&nbsp;<\/p>\n\n\n\n<p>?Direcci\u00f3n: <a href=\"https:\/\/maps.app.goo.gl\/58ibKv5hSnMARwGg8\">Barrio El Corbeta, Choluteca, dos cuadras a la izquierda de canchas El corbeta, casa de esquina&nbsp;<\/a><\/p>\n\n\n\n<p>?Como llegar: Oficinas localizadas a 500 mts del Instituto Nacional de Migraci\u00f3n, tomando la calle de la 9na avenida en direcci\u00f3n a canchas El Corbeta, girar a la izquierda continuando dos cuadras hasta llegar a casa de esquina color blanco (r\u00f3tulo de ACNUR).&nbsp;<\/p>\n\n\n\n<h2 class=\"wp-block-heading has-white-color has-text-color has-background has-link-color wp-elements-c33ccf788e811458a9be7a3b920651bc\" style=\"background-color:#0072bc\">Unidad de Terreno &#8211; Ocotepeque<\/h2>\n\n\n\n<p>\u23f0Horario de atenci\u00f3n:\u202flunes a viernes de 8:00 a.m. \u2013 12:00 p.m. y de 2:00 p.m. \u2013 5:00 p.m.&nbsp;<\/p>\n\n\n\n<p>?Tel\u00e9fono: +504 3175-2065&nbsp;<\/p>\n\n\n\n<p>?Direcci\u00f3n: <a href=\"https:\/\/maps.app.goo.gl\/VNE6im4WUu7qh2UM7\" data-type=\"link\" data-id=\"https:\/\/maps.app.goo.gl\/VNE6im4WUu7qh2UM7\">Casa de la Cultura Ocopeteque, Ocotepeque<\/a><\/p>\n\n\n\n<p>?Como llegar: Oficinas localizadas en Barrio San Jos\u00e9, frente al Parque Central en la Casa de la Cultura de Ocotepeque, Ocotepeque, esquina opuesta a la iglesia cat\u00f3lica.<\/p>\n\n\n\n<p><\/p>\n\n\n\n<p><\/p>\n","protected":false},"excerpt":{"rendered":"<p>Recuerda que todos nuestros servicios son GRATUITOS. Para m\u00e1s informaci\u00f3n, visita la secci\u00f3n: Cuidado con el fraude. Unidad de Terreno &#8211; Tegucigalpa \u23f0Horario de atenci\u00f3n:\u202flunes a viernes de 8:00 a.m. \u2013 5:00 p.m.&nbsp; ?Tel\u00e9fono: +504 3174-2939&nbsp; ?Direcci\u00f3n: 2006 C. Ua Xac, Lomas del Mayab, Casa 3127, Tegucigalpa, Francisco Moraz\u00e1n&nbsp; ?Como llegar: Oficinas localizadas abajo de [&hellip;]<\/p>\n","protected":false},"author":1,"featured_media":0,"parent":99,"menu_order":0,"comment_status":"closed","ping_status":"closed","template":"","meta":{"_acf_changed":false,"footnotes":""},"class_list":["post-101","page","type-page","status-publish","hentry"],"acf":[],"_links":{"self":[{"href":"https:\/\/help.unhcr.org\/honduras\/wp-json\/wp\/v2\/pages\/101","targetHints":{"allow":["GET"]}}],"collection":[{"href":"https:\/\/help.unhcr.org\/honduras\/wp-json\/wp\/v2\/pages"}],"about":[{"href":"https:\/\/help.unhcr.org\/honduras\/wp-json\/wp\/v2\/types\/page"}],"author":[{"embeddable":true,"href":"https:\/\/help.unhcr.org\/honduras\/wp-json\/wp\/v2\/users\/1"}],"replies":[{"embeddable":true,"href":"https:\/\/help.unhcr.org\/honduras\/wp-json\/wp\/v2\/comments?post=101"}],"version-history":[{"count":16,"href":"https:\/\/help.unhcr.org\/honduras\/wp-json\/wp\/v2\/pages\/101\/revisions"}],"predecessor-version":[{"id":425,"href":"https:\/\/help.unhcr.org\/honduras\/wp-json\/wp\/v2\/pages\/101\/revisions\/425"}],"up":[{"embeddable":true,"href":"https:\/\/help.unhcr.org\/honduras\/wp-json\/wp\/v2\/pages\/99"}],"wp:attachment":[{"href":"https:\/\/help.unhcr.org\/honduras\/wp-json\/wp\/v2\/media?parent=101"}],"curies":[{"name":"wp","href":"https:\/\/api.w.org\/{rel}","templated":true}]}}