{"id":91,"date":"2018-05-08T13:07:32","date_gmt":"2018-05-08T13:07:32","guid":{"rendered":"http:\/\/help.unhcr.org\/guatemala\/?page_id=91"},"modified":"2023-06-14T16:29:48","modified_gmt":"2023-06-14T16:29:48","slug":"asistencia-legal","status":"publish","type":"page","link":"https:\/\/help.unhcr.org\/guatemala\/donde-encontrar-ayuda\/asistencia-legal\/","title":{"rendered":"Asistencia Legal"},"content":{"rendered":"<h2>Instituto de la Defensa P\u00fablica Penal<\/h2>\n<p>La ley guatemalteca garantiza que toda persona que no pueda contratar los servicios de un abogado y no pueda pagar por los procedimientos legales, tiene derecho a asistencia legal gratuita. En Guatemala el Instituto de la Defensa P\u00fablica Penal es responsable de brindar asesor\u00eda y orientaci\u00f3n jur\u00eddica a las personas que no pueden pagar dichos costos. Los solicitantes de refugio y los refugiados tambi\u00e9n tienen derecho a recibir ayuda de esta instituci\u00f3n. El Instituto de la Defensa P\u00fablica Penal est\u00e1 presente en las cabeceras departamentales de Guatemala.<\/p>\n<p>Visita su sitio web <a href=\"http:\/\/www.idpp.gob.gt\/\" target=\"_blank\" rel=\"noopener\">aqu\u00ed.<\/a><br \/>\nEncuentra sus sedes <a href=\"http:\/\/www.idpp.gob.gt\/mapas\/sedes.aspx\" target=\"_blank\" rel=\"noopener\">aqu\u00ed.<\/a><br \/>\nConsulta los servicios que brindan <a href=\"http:\/\/www.idpp.gob.gt\/institucion\/defensapenal.aspx\" target=\"_blank\" rel=\"noopener\">aqu\u00ed.<\/a><\/p>\n<h2>Pastoral de Movilidad Humana (PMH)<\/h2>\n<p>La Pastoral de Movilidad Humana te podr\u00e1 brindar asesor\u00eda legal gratuita en todos los tr\u00e1mites para solicitar el reconocimiento de la condici\u00f3n de persona refugiada en Guatemala, incluyendo el caso en que tengas que presentar una apelaci\u00f3n.<\/p>\n<p><strong>Asistencia y servicios disponibles:<\/strong><\/p>\n<ul>\n<li>Asesor\u00eda legal en el proceso de asilo en Guatemala<\/li>\n<li>Asistencia humanitaria<\/li>\n<\/ul>\n<p><strong>Tel\u00e9fono:&nbsp;<\/strong>(+502) 2432-5654<br \/>\n<strong>Website:&nbsp;<\/strong><a href=\"http:\/\/www.movilidadhumana.com\/\">http:\/\/www.movilidadhumana.com\/<\/a><br \/>\n<strong>Direcci\u00f3n:&nbsp;<\/strong>Km. 15, Calzada Roosevelt, 4-54, zona 3, Mixco, Ciudad de Guatemala.<br \/>\n<strong>Horario:&nbsp;<\/strong>lunes a viernes de 8.00 am a 5.00 pm.<br \/>\nConsulta su ubicaci\u00f3n en el mapa <a href=\"https:\/\/www.google.com.gt\/maps\/place\/Conferencia+Episcopal+de+Guatemala\/@14.6362502,-90.5937761,17z\/data=!3m1!4b1!4m5!3m4!1s0x8589a012988dcd8d:0x406c3b8487728579!8m2!3d14.6362423!4d-90.5915294?hl=en\" target=\"_blank\" rel=\"noopener\">aqu\u00ed.<\/a><\/p>\n<p><strong>Horario administrativo:<\/strong><br \/>\nLunes \u2013 viernes de 8:00 am \u2013 4:00 pm.<br \/>\n<strong>Tel\u00e9fono:<\/strong> (502) 2414-8787.<br \/>\n<strong>Direcci\u00f3n:<\/strong> 15 Avenida 9-69 Zona 13 Ciudad, Guatemala.<\/p>\n<p><strong>Atenci\u00f3n de denuncias y rescates:<\/strong><br \/>\n<strong>Tel\u00e9fono:<\/strong> (502) 4987-2285.<br \/>\n24 horas al d\u00eda los 365 d\u00edas del a\u00f1o.<\/p>\n<h2>Unidad Operativa del Sistema de Alerta Alba-Keneth:<\/h2>\n<p>Esta alerta tiene como principal objetivo la b\u00fasqueda, localizaci\u00f3n y resguardo inmediato de ni\u00f1as, ni\u00f1os y adolescentes desaparecidos o sustra\u00eddos.<\/p>\n<p><strong>N\u00famero de emergencia:<\/strong> 1546.<br \/>\n24 horas al d\u00eda los 365 d\u00edas del a\u00f1o.<\/p>\n<h2>Asociaci\u00f3n El Refugio de la Ni\u00f1ez ONG en Pet\u00e9n<\/h2>\n<p>Punto de informaci\u00f3n y asistencia a personas solicitantes de asilo, refugiadas y migrantes.<\/p>\n<p>Est\u00e1 ubicada dos calles atr\u00e1s de la Terminal Nueva de Buses de Santa Elena, en el antiguo Juzgado de la Mujer, cerca de Auto vidrios del Norte. Es una casa color hueso con port\u00f3n negro.<\/p>\n<p><strong>Tel\u00e9fono:<\/strong> (+502) 7926-3806<br \/>\n<strong>Direcci\u00f3n:<\/strong> 8\u00aa Avenida 365, Zona 2, Santa Elena, Pet\u00e9n<br \/>\n<strong>Horario:<\/strong> lunes a viernes de 8:00 am a 2:00 pm<br \/>\n<strong>Atenci\u00f3n de casos urgentes: <\/strong>(+502) 4941-2365 \u2013 todos los d\u00edas de la semana<\/p>\n<h2>Save the Children<\/h2>\n<p><span data-contrast=\"auto\">Punto de informaci\u00f3n y asistencia a personas solicitantes de asilo, refugiadas y migrantes.<\/span><span data-ccp-props=\"{&quot;201341983&quot;:0,&quot;335551550&quot;:6,&quot;335551620&quot;:6,&quot;335559739&quot;:160,&quot;335559740&quot;:259}\">&nbsp;<\/span><\/p>\n<p><span data-contrast=\"auto\"><strong>Asistencia y servicios disponibles: &nbsp;&nbsp;<\/strong><\/span><span data-ccp-props=\"{&quot;201341983&quot;:0,&quot;335551550&quot;:6,&quot;335551620&quot;:6,&quot;335559739&quot;:160,&quot;335559740&quot;:259}\">&nbsp;<\/span><\/p>\n<ul>\n<li><span data-contrast=\"auto\">Asesor\u00eda legal<\/span><\/li>\n<\/ul>\n<p><span data-contrast=\"auto\"><strong><em>Jutiapa<\/em><br \/>\nTel\u00e9fono:<\/strong><\/span><span data-contrast=\"auto\"> (+502) 4096-1657, (+502) 4476-8051 y (+502) 4828-4365<br \/>\n<\/span><span data-contrast=\"auto\"><strong>Direcci\u00f3n:<\/strong><\/span><span data-contrast=\"auto\">&nbsp;Lote 8, Sector \u201cC\u201d Lotificaci\u00f3n Villa de Santa Barbara zona 1, Jutiapa, Jutiapa.<\/span><br \/>\n<span data-contrast=\"auto\"><strong>Horario:<\/strong><\/span><span data-contrast=\"auto\">&nbsp;lunes a viernes de 8:00 a.m. a 5 p.m.&nbsp;<\/span><span data-ccp-props=\"{&quot;201341983&quot;:0,&quot;335551550&quot;:6,&quot;335551620&quot;:6,&quot;335559739&quot;:160,&quot;335559740&quot;:259}\">&nbsp;<\/span><\/p>\n<p><em><strong>Chiquimula<\/strong><\/em><br \/>\n<span style=\"font-weight: bold\">Tel\u00e9fono:<\/span>&nbsp;(+502) 3005-9631 y (+502) 3005-3377<br \/>\n<span style=\"font-weight: bold\">Direcci\u00f3n:<\/span>&nbsp;Interior Finca El Tule, Km 177.5, Chiquimula (Chiquimula).<br \/>\n<span style=\"font-weight: bold\">Horario:&nbsp;<\/span>lunes a viernes de 8:00 a.m. a 5 p.m.<\/p>\n<h2><strong>&nbsp;<\/strong>Otros enlaces de inter\u00e9s:<\/h2>\n<ul>\n<li>Visita el sitio web del Ministerio P\u00fablico <a href=\"https:\/\/www.mp.gob.gt\/\" target=\"_blank\" rel=\"noopener\">aqu\u00ed.<\/a><\/li>\n<li>Visita el sitio web de la Polic\u00eda Nacional Civil <a href=\"https:\/\/www.pnc.gob.gt\/\" target=\"_blank\" rel=\"noopener\">aqu\u00ed.<\/a><\/li>\n<li>Visita el sitio web del Instituto de la Defensa P\u00fablica Penal <a href=\"http:\/\/www.idpp.gob.gt\/\" target=\"_blank\" rel=\"noopener\">aqu\u00ed.<\/a><\/li>\n<li>Visita el sitio web del Procurador de los Derechos Humanos <a href=\"http:\/\/www.pdh.org.gt\/\" target=\"_blank\" rel=\"noopener\">aqu\u00ed.<\/a><\/li>\n<li>Visita el sitio web de la Procuradur\u00eda General de la Naci\u00f3n <a href=\"http:\/\/www.pgn.gob.gt\/\" target=\"_blank\" rel=\"noopener\">aqu\u00ed.<\/a><\/li>\n<\/ul>\n","protected":false},"excerpt":{"rendered":"<p>Instituto de la Defensa P\u00fablica Penal La ley guatemalteca garantiza que toda persona que no pueda contratar los servicios de un abogado y no pueda pagar por los procedimientos legales, tiene derecho a asistencia legal gratuita. En Guatemala el Instituto de la Defensa P\u00fablica Penal es responsable de brindar asesor\u00eda y orientaci\u00f3n jur\u00eddica a las [&hellip;]<\/p>\n","protected":false},"author":1,"featured_media":0,"parent":75,"menu_order":5,"comment_status":"closed","ping_status":"closed","template":"","meta":{"_acf_changed":false,"footnotes":""},"class_list":["post-91","page","type-page","status-publish","hentry"],"acf":[],"_links":{"self":[{"href":"https:\/\/help.unhcr.org\/guatemala\/wp-json\/wp\/v2\/pages\/91","targetHints":{"allow":["GET"]}}],"collection":[{"href":"https:\/\/help.unhcr.org\/guatemala\/wp-json\/wp\/v2\/pages"}],"about":[{"href":"https:\/\/help.unhcr.org\/guatemala\/wp-json\/wp\/v2\/types\/page"}],"author":[{"embeddable":true,"href":"https:\/\/help.unhcr.org\/guatemala\/wp-json\/wp\/v2\/users\/1"}],"replies":[{"embeddable":true,"href":"https:\/\/help.unhcr.org\/guatemala\/wp-json\/wp\/v2\/comments?post=91"}],"version-history":[{"count":14,"href":"https:\/\/help.unhcr.org\/guatemala\/wp-json\/wp\/v2\/pages\/91\/revisions"}],"predecessor-version":[{"id":2470,"href":"https:\/\/help.unhcr.org\/guatemala\/wp-json\/wp\/v2\/pages\/91\/revisions\/2470"}],"up":[{"embeddable":true,"href":"https:\/\/help.unhcr.org\/guatemala\/wp-json\/wp\/v2\/pages\/75"}],"wp:attachment":[{"href":"https:\/\/help.unhcr.org\/guatemala\/wp-json\/wp\/v2\/media?parent=91"}],"curies":[{"name":"wp","href":"https:\/\/api.w.org\/{rel}","templated":true}]}}