{"id":89,"date":"2018-05-08T13:05:51","date_gmt":"2018-05-08T13:05:51","guid":{"rendered":"http:\/\/help.unhcr.org\/guatemala\/?page_id=89"},"modified":"2023-06-14T16:30:08","modified_gmt":"2023-06-14T16:30:08","slug":"asistencia-a-personas-con-necesidades-especificas","status":"publish","type":"page","link":"https:\/\/help.unhcr.org\/guatemala\/donde-encontrar-ayuda\/asistencia-a-personas-con-necesidades-especificas\/","title":{"rendered":"Asistencia para personas con necesidades espec\u00edficas"},"content":{"rendered":"<h2>Asociaci\u00f3n El Refugio de la Ni\u00f1ez ONG<\/h2>\n<p><strong>Asistencia y servicios disponibles:<\/strong><\/p>\n<ul>\n<li>Albergue y asistencia a ni\u00f1as, ni\u00f1os y adolescentes en situaciones de riesgo.<\/li>\n<li>Albergue y asistencia para ni\u00f1os, ni\u00f1as y adolescentes refugiados, y a su familia.<\/li>\n<\/ul>\n<p><strong>Tel\u00e9fono.: <\/strong>(+502) 2335-0205<br \/>\n<strong>Direcci\u00f3n: <\/strong>4a. Avenida 10-52 zona 9, Guatemala<br \/>\n<strong>Horario:<\/strong> Lunes a viernes de 8.00 a.m. a 5.00 p.m.<\/p>\n<h2>Asociaci\u00f3n Lambda<\/h2>\n<p>Es una asociaci\u00f3n que brinda apoyo a personas de la comunidad LGBTI.<\/p>\n<p><strong>Asistencia y servicios disponibles:<\/strong><\/p>\n<ul>\n<li>Albergue<\/li>\n<li>Asesor\u00eda legal<\/li>\n<li>Apoyo psicosocial.<\/li>\n<\/ul>\n<p><strong>Tel\u00e9fono:<\/strong> (+502) 2251-9216<br \/>\n<strong>Direcci\u00f3n: <\/strong>Avenida Centro Am\u00e9rica 14-30 zona 1, Guatemala<br \/>\n<strong>Horario:<\/strong> Lunes a viernes de 8.00 a.m. a 5.00 p.m.<\/p>\n","protected":false},"excerpt":{"rendered":"<p>Asociaci\u00f3n El Refugio de la Ni\u00f1ez ONG Asistencia y servicios disponibles: Albergue y asistencia a ni\u00f1as, ni\u00f1os y adolescentes en situaciones de riesgo. Albergue y asistencia para ni\u00f1os, ni\u00f1as y adolescentes refugiados, y a su familia. Tel\u00e9fono.: (+502) 2335-0205 Direcci\u00f3n: 4a. Avenida 10-52 zona 9, Guatemala Horario: Lunes a viernes de 8.00 a.m. a 5.00 [&hellip;]<\/p>\n","protected":false},"author":1,"featured_media":0,"parent":75,"menu_order":6,"comment_status":"closed","ping_status":"closed","template":"","meta":{"_acf_changed":false,"footnotes":""},"class_list":["post-89","page","type-page","status-publish","hentry"],"acf":[],"_links":{"self":[{"href":"https:\/\/help.unhcr.org\/guatemala\/wp-json\/wp\/v2\/pages\/89","targetHints":{"allow":["GET"]}}],"collection":[{"href":"https:\/\/help.unhcr.org\/guatemala\/wp-json\/wp\/v2\/pages"}],"about":[{"href":"https:\/\/help.unhcr.org\/guatemala\/wp-json\/wp\/v2\/types\/page"}],"author":[{"embeddable":true,"href":"https:\/\/help.unhcr.org\/guatemala\/wp-json\/wp\/v2\/users\/1"}],"replies":[{"embeddable":true,"href":"https:\/\/help.unhcr.org\/guatemala\/wp-json\/wp\/v2\/comments?post=89"}],"version-history":[{"count":10,"href":"https:\/\/help.unhcr.org\/guatemala\/wp-json\/wp\/v2\/pages\/89\/revisions"}],"predecessor-version":[{"id":2471,"href":"https:\/\/help.unhcr.org\/guatemala\/wp-json\/wp\/v2\/pages\/89\/revisions\/2471"}],"up":[{"embeddable":true,"href":"https:\/\/help.unhcr.org\/guatemala\/wp-json\/wp\/v2\/pages\/75"}],"wp:attachment":[{"href":"https:\/\/help.unhcr.org\/guatemala\/wp-json\/wp\/v2\/media?parent=89"}],"curies":[{"name":"wp","href":"https:\/\/api.w.org\/{rel}","templated":true}]}}