{"id":87,"date":"2018-05-08T12:55:13","date_gmt":"2018-05-08T12:55:13","guid":{"rendered":"http:\/\/help.unhcr.org\/guatemala\/?page_id=87"},"modified":"2023-06-14T16:26:45","modified_gmt":"2023-06-14T16:26:45","slug":"ciudad-de-guatemala-asistencia","status":"publish","type":"page","link":"https:\/\/help.unhcr.org\/guatemala\/donde-encontrar-ayuda\/ciudad-de-guatemala-asistencia\/","title":{"rendered":"Asistencia en Ciudad de Guatemala"},"content":{"rendered":"<h2>Misioneros de San Carlos Escalabrinianos<\/h2>\n<p><strong>Asistencia y servicios disponibles:<\/strong><\/p>\n<ul>\n<li>Albergue.<\/li>\n<li>Asistencia.<\/li>\n<li>Apoyo material y espiritual a personas refugiadas y migrantes.<\/li>\n<li>Asesor\u00eda en los tr\u00e1mites de migraci\u00f3n.<\/li>\n<\/ul>\n<p><strong>Tel\u00e9fono:&nbsp;<\/strong>(+502) 2230-2781<br \/>\n<strong>Direcci\u00f3n:&nbsp;<\/strong>15 Avenida 1-94 \u201cA\u201d Zona 1, Ciudad de Guatemala<br \/>\n<strong>Horario: <\/strong>Lunes a viernes de 8:00 am a 9:00 pm. S\u00e1bado: 11:00 am a 01:00 pm y de 05:00 pm y 9:00 pm. Domingo despu\u00e9s de 5:00 pm a 9:00 pm.<\/p>\n<h2>Cruz Roja Guatemalteca<\/h2>\n<p>La Cruz Roja Guatemalteca brinda apoyo a personas solicitantes de asilo, refugiadas y migrantes<\/p>\n<p><strong>Asistencia y servicios disponibles:<\/strong><\/p>\n<ul>\n<li>Atenci\u00f3n m\u00e9dica.<\/li>\n<li>Informaci\u00f3n.<\/li>\n<li>Llamadas telef\u00f3nicas.<\/li>\n<\/ul>\n<p><strong>Tel\u00e9fono:<\/strong>&nbsp;(+502) 2381-6565<br \/>\n<strong>Tel\u00e9fono: 24horas los7d\u00edas de la semana:<\/strong>&nbsp;125<br \/>\n<strong>Direcci\u00f3n:&nbsp;<\/strong>3 Calle 8-40 Zona 1, Ciudad de Guatemala<br \/>\n<strong>Horario:&nbsp;<\/strong>lunes a viernes de 6:30 am a 4:14 pm.<\/p>\n<p>Puedes encontrar los centros de asistencia visitando la pagina de internet <a href=\"http:\/\/www.cruzroja.gt\/delegaciones\/\" target=\"_blank\" rel=\"noopener\">aqu\u00ed<\/a>.<\/p>\n<p>Puedes acceder al mapa de ubicaci\u00f3n de la Cruz Roja en Ciudad de Guatemala <a href=\"https:\/\/goo.gl\/maps\/bhrJYFFdcDp\" target=\"_blank\" rel=\"noopener\">aqu\u00ed.<\/a><\/p>\n<p>Tambi\u00e9n puedes encontrar puntos de asistencia de la Cruz Roja Guatemalteca en:<br \/>\n\u2013&nbsp; Guatemala City en Guatemala<br \/>\n\u2013&nbsp; Esquipulas en Chiquimula<br \/>\n\u2013&nbsp; Quetzaltenango, Coatepeque, y Chiquirichapa en Quetzaltenango<br \/>\n\u2013&nbsp; San Marcos, Tec\u00fan Um\u00e1n, y Tejutla en San Marcos<br \/>\n\u2013&nbsp; Santo Tom\u00e1s de Castilla, El Estor, y Puerto Barrios en Izabal<br \/>\n\u2013&nbsp; Cob\u00e1n en Alta Verapaz<br \/>\n\u2013&nbsp; Purulh\u00e1 en Baja Verapaz<br \/>\n\u2013&nbsp; Santa Elena en Pet\u00e9n<br \/>\n\u2013&nbsp; Mazatenango en Suchitep\u00e9quez<\/p>\n<h2>Oficina de Derechos Humanos del Arzobispado de Guatemala (ODHAG)<\/h2>\n<p>Es una organizaci\u00f3n que se ocupa de la protecci\u00f3n y defensa de los derechos humanos. Esta organizaci\u00f3n provee albergue y asistencia a personas que corren riesgos que atentan contra su vida.<\/p>\n<p><strong>Tel\u00e9fono:&nbsp;<\/strong>(+502) 2256-7400<br \/>\n<strong>Direcci\u00f3n:&nbsp;<\/strong>6a. calle 7-70, zona 1, puerta No. 2, Ciudad de Guatemala.<br \/>\n<strong>Horario:<\/strong> Lunes a viernes de 8:00 am a 1:00 pm.<\/p>\n","protected":false},"excerpt":{"rendered":"<p>Misioneros de San Carlos Escalabrinianos Asistencia y servicios disponibles: Albergue. Asistencia. Apoyo material y espiritual a personas refugiadas y migrantes. Asesor\u00eda en los tr\u00e1mites de migraci\u00f3n. Tel\u00e9fono:&nbsp;(+502) 2230-2781 Direcci\u00f3n:&nbsp;15 Avenida 1-94 \u201cA\u201d Zona 1, Ciudad de Guatemala Horario: Lunes a viernes de 8:00 am a 9:00 pm. S\u00e1bado: 11:00 am a 01:00 pm y de [&hellip;]<\/p>\n","protected":false},"author":1,"featured_media":0,"parent":75,"menu_order":2,"comment_status":"closed","ping_status":"closed","template":"","meta":{"_acf_changed":false,"footnotes":""},"class_list":["post-87","page","type-page","status-publish","hentry"],"acf":[],"_links":{"self":[{"href":"https:\/\/help.unhcr.org\/guatemala\/wp-json\/wp\/v2\/pages\/87","targetHints":{"allow":["GET"]}}],"collection":[{"href":"https:\/\/help.unhcr.org\/guatemala\/wp-json\/wp\/v2\/pages"}],"about":[{"href":"https:\/\/help.unhcr.org\/guatemala\/wp-json\/wp\/v2\/types\/page"}],"author":[{"embeddable":true,"href":"https:\/\/help.unhcr.org\/guatemala\/wp-json\/wp\/v2\/users\/1"}],"replies":[{"embeddable":true,"href":"https:\/\/help.unhcr.org\/guatemala\/wp-json\/wp\/v2\/comments?post=87"}],"version-history":[{"count":12,"href":"https:\/\/help.unhcr.org\/guatemala\/wp-json\/wp\/v2\/pages\/87\/revisions"}],"predecessor-version":[{"id":2457,"href":"https:\/\/help.unhcr.org\/guatemala\/wp-json\/wp\/v2\/pages\/87\/revisions\/2457"}],"up":[{"embeddable":true,"href":"https:\/\/help.unhcr.org\/guatemala\/wp-json\/wp\/v2\/pages\/75"}],"wp:attachment":[{"href":"https:\/\/help.unhcr.org\/guatemala\/wp-json\/wp\/v2\/media?parent=87"}],"curies":[{"name":"wp","href":"https:\/\/api.w.org\/{rel}","templated":true}]}}