{"id":75,"date":"2018-05-08T12:11:20","date_gmt":"2018-05-08T12:11:20","guid":{"rendered":"http:\/\/help.unhcr.org\/guatemala\/?page_id=75"},"modified":"2023-06-14T16:26:19","modified_gmt":"2023-06-14T16:26:19","slug":"donde-encontrar-ayuda","status":"publish","type":"page","link":"https:\/\/help.unhcr.org\/guatemala\/donde-encontrar-ayuda\/","title":{"rendered":"\u00bfD\u00f3nde encontrar ayuda?"},"content":{"rendered":"\n<p><img decoding=\"async\" src=\"https:\/\/help.unhcr.org\/guatemala\/wp-content\/uploads\/sites\/23\/2022\/02\/Radio-1.png\" alt=\"\" style=\"width: 50px\"> \u2014 <a href=\"https:\/\/help.unhcr.org\/guatemala\/wp-content\/uploads\/sites\/23\/2022\/03\/AUDIO-Donde-encontrar-ayuda-HELP.mp4\"><strong>AUDIO:<\/strong> Escucha aqu\u00ed el contenido de esta pesta\u00f1a \u2013 \u00bfD\u00f3nde encontrar ayuda?<\/a><\/p>\n\n\n\n<h3 class=\"wp-block-heading has-large-font-size\"><strong>Directorio de n\u00fameros de emergencia<\/strong><\/h3>\n\n\n\n<p><img loading=\"lazy\" decoding=\"async\" width=\"108\" height=\"108\" class=\"wp-image-582\" style=\"width: 30px\" src=\"https:\/\/help.unhcr.org\/guatemala\/wp-content\/uploads\/sites\/23\/2021\/12\/pnc.png\" alt=\"\"> Polic\u00eda Nacional Civil: 110.   Visita su p\u00e1gina de internet <a rel=\"noreferrer noopener\" href=\"https:\/\/www.pnc.gob.gt\/\" target=\"_blank\">Aqu\u00ed.<\/a><\/p>\n\n\n\n<p><img loading=\"lazy\" decoding=\"async\" width=\"110\" height=\"110\" class=\"wp-image-584\" style=\"width: 30px\" src=\"https:\/\/help.unhcr.org\/guatemala\/wp-content\/uploads\/sites\/23\/2021\/12\/bomberos-muni.png\" alt=\"\"> Bomberos municipales: 123.    Visita su p\u00e1gina de internet <a rel=\"noreferrer noopener\" href=\"http:\/\/www.muniguate.com\/bomberos-municipales\/\" target=\"_blank\">Aqu\u00ed.<\/a><\/p>\n\n\n\n<p><img loading=\"lazy\" decoding=\"async\" width=\"95\" height=\"99\" class=\"wp-image-586\" style=\"width: 30px\" src=\"https:\/\/help.unhcr.org\/guatemala\/wp-content\/uploads\/sites\/23\/2021\/12\/igss.png\" alt=\"\">  Ambulancias del Instituto Guatemalteco de Seguridad Social: 128 <\/p>\n\n\n\n<p><img loading=\"lazy\" decoding=\"async\" width=\"101\" height=\"61\" class=\"wp-image-597\" style=\"width: 30px\" src=\"https:\/\/help.unhcr.org\/guatemala\/wp-content\/uploads\/sites\/23\/2021\/12\/PDH.png\" alt=\"\"> Procuradur\u00eda de Derechos Humanos: 1555.   Visita su p\u00e1gina de internet <a rel=\"noreferrer noopener\" href=\"https:\/\/www.pdh.org.gt\/\" target=\"_blank\">Aqu\u00ed.<\/a> <\/p>\n\n\n\n<p><img loading=\"lazy\" decoding=\"async\" width=\"96\" height=\"96\" class=\"wp-image-599\" style=\"width: 30px\" src=\"https:\/\/help.unhcr.org\/guatemala\/wp-content\/uploads\/sites\/23\/2021\/12\/PGN.png\" alt=\"\">  Procuradur\u00eda General de la Naci\u00f3n: 2414-8787.    Visita su p\u00e1gina de internet <a rel=\"noreferrer noopener\" href=\"https:\/\/www.pgn.gob.gt\/\" target=\"_blank\">Aqu\u00ed.<\/a>   <\/p>\n\n\n\n<h3 class=\"wp-block-heading has-large-font-size\"><strong>Otros n\u00fameros \u00fatiles<\/strong><\/h3>\n\n\n\n<ul class=\"wp-block-list\">\n<li>L\u00ednea de Informaci\u00f3n Nacional del VIH \/Sida y Coronavirus: 1540<\/li>\n\n\n\n<li>Consejer\u00eda y prevenci\u00f3n de drogas\/ L\u00ednea de crisis para drogadictos: 1545<\/li>\n\n\n\n<li>Hospital Roosevelt (Ciudad de Guatemala): 2321-7400<\/li>\n\n\n\n<li>Hospital San Juan de Dios (Ciudad de Guatemala): 2321-9191<\/li>\n\n\n\n<li>Atenci\u00f3n a las mujeres v\u00edctimas de violencia f\u00edsica, psicol\u00f3gica y sexual\/L\u00ednea para reportar mujeres desaparecidas: 1572. Atenci\u00f3n las 24 horas y los 365 d\u00edas del a\u00f1o.<\/li>\n\n\n\n<li>Centro de llamadas contra las extorsiones del Ministerio P\u00fablico: 1574<\/li>\n<\/ul>\n\n\n\n<h3 class=\"wp-block-heading has-pale-pink-background-color has-background has-medium-font-size\"><strong>S\u00ed has sufrido violencia sexual y de g\u00e9nero en tu pa\u00eds de origen, durante tu tr\u00e1nsito o permanencia en Guatemala <\/strong><\/h3>\n\n\n\n<p>Cualquier organizaci\u00f3n antes mencionada puede brindarte apoyo, sino te encuentras cerca de ninguna de ellas debes acudir a un hospital o centro de salud dentro de los 3 primeros d\u00edas (72 horas), para que te puedan brindar el tratamiento m\u00e9dico para evitar&nbsp;infecciones&nbsp;de&nbsp;transmisi\u00f3n&nbsp;sexual como el VIH\/SIDA,&nbsp; embarazos&nbsp; no deseados, recibir&nbsp; atenci\u00f3n&nbsp;hospitalaria&nbsp;y&nbsp; apoyo&nbsp; emocional&nbsp; gratuito&nbsp; y confidencial.<\/p>\n\n\n\n<p>Puedes encontrar el listado de Hospitales P\u00fablicos <a href=\"https:\/\/www.mspas.gob.gt\/index.php\/servicios\/webs-de-hospitales\" target=\"_blank\" rel=\"noreferrer noopener\">aqu\u00ed.<\/a><\/p>\n\n\n\n<h3 class=\"wp-block-heading\"> <strong>Otros enlaces de inter\u00e9s<\/strong> <\/h3>\n\n\n\n<ul class=\"wp-block-list\">\n<li>Visita el sitio web de Bomberos Voluntarios <a rel=\"noreferrer noopener\" href=\"http:\/\/bomberosvoluntarios.org.gt\/\" target=\"_blank\">aqu\u00ed.<\/a><\/li>\n\n\n\n<li>Visita el sitio web del Ministerio P\u00fablico <a rel=\"noreferrer noopener\" href=\"http:\/\/www.mp.gob.gt\/\" target=\"_blank\">aqu\u00ed.<\/a><\/li>\n\n\n\n<li>Visita el sitio web de la Polic\u00eda Nacional Civil <a rel=\"noreferrer noopener\" href=\"http:\/\/www.pnc.gob.gt\/\" target=\"_blank\">aqu\u00ed.<\/a><\/li>\n\n\n\n<li>Visita el sitio web del Instituto de la Defensa P\u00fablica Penal <a rel=\"noreferrer noopener\" href=\"http:\/\/www.idpp.gob.gt\/\" target=\"_blank\">aqu\u00ed.<\/a><\/li>\n\n\n\n<li>Visita el sitio web del Procurador de los Derechos Humanos <a rel=\"noreferrer noopener\" href=\"http:\/\/www.pdh.org.gt\/\" target=\"_blank\">aqu\u00ed<\/a>.<\/li>\n\n\n\n<li>Visita el sitio web de la Procuradur\u00eda General de la Naci\u00f3n <a rel=\"noreferrer noopener\" href=\"http:\/\/www.pgn.gob.gt\/\" target=\"_blank\">aqu\u00ed.<\/a><\/li>\n\n\n\n<li>Visita el sitio web del Organismo Judicial <a rel=\"noreferrer noopener\" href=\"http:\/\/www.oj.gob.gt\/\" target=\"_blank\">aqu\u00ed.<\/a><\/li>\n<\/ul>\n\n\n\n<p class=\"has-luminous-vivid-amber-background-color has-background has-large-font-size\">Asistencia humanitaria a trav\u00e9s de los socios del ACNUR y otras instituciones en Guatemala<\/p>\n","protected":false},"excerpt":{"rendered":"<p>\u2014 AUDIO: Escucha aqu\u00ed el contenido de esta pesta\u00f1a \u2013 \u00bfD\u00f3nde encontrar ayuda? Directorio de n\u00fameros de emergencia Polic\u00eda Nacional Civil: 110. Visita su p\u00e1gina de internet Aqu\u00ed. Bomberos municipales: 123. Visita su p\u00e1gina de internet Aqu\u00ed. Ambulancias del Instituto Guatemalteco de Seguridad Social: 128 Procuradur\u00eda de Derechos Humanos: 1555. Visita su p\u00e1gina de internet [&hellip;]<\/p>\n","protected":false},"author":1,"featured_media":0,"parent":0,"menu_order":3,"comment_status":"closed","ping_status":"closed","template":"page-templates\/listing_page.php","meta":{"_acf_changed":false,"footnotes":""},"class_list":["post-75","page","type-page","status-publish","hentry"],"acf":[],"_links":{"self":[{"href":"https:\/\/help.unhcr.org\/guatemala\/wp-json\/wp\/v2\/pages\/75","targetHints":{"allow":["GET"]}}],"collection":[{"href":"https:\/\/help.unhcr.org\/guatemala\/wp-json\/wp\/v2\/pages"}],"about":[{"href":"https:\/\/help.unhcr.org\/guatemala\/wp-json\/wp\/v2\/types\/page"}],"author":[{"embeddable":true,"href":"https:\/\/help.unhcr.org\/guatemala\/wp-json\/wp\/v2\/users\/1"}],"replies":[{"embeddable":true,"href":"https:\/\/help.unhcr.org\/guatemala\/wp-json\/wp\/v2\/comments?post=75"}],"version-history":[{"count":29,"href":"https:\/\/help.unhcr.org\/guatemala\/wp-json\/wp\/v2\/pages\/75\/revisions"}],"predecessor-version":[{"id":2455,"href":"https:\/\/help.unhcr.org\/guatemala\/wp-json\/wp\/v2\/pages\/75\/revisions\/2455"}],"wp:attachment":[{"href":"https:\/\/help.unhcr.org\/guatemala\/wp-json\/wp\/v2\/media?parent=75"}],"curies":[{"name":"wp","href":"https:\/\/api.w.org\/{rel}","templated":true}]}}