{"id":724,"date":"2021-12-29T19:48:01","date_gmt":"2021-12-29T19:48:01","guid":{"rendered":"https:\/\/help.unhcr.org\/guatemala\/?page_id=724"},"modified":"2025-02-12T17:05:47","modified_gmt":"2025-02-12T17:05:47","slug":"asistencia-medica-por-violencia-sexual-y-de-genero","status":"publish","type":"page","link":"https:\/\/help.unhcr.org\/guatemala\/acceso-a-servicios-de-salud\/asistencia-medica-por-violencia-sexual-y-de-genero\/","title":{"rendered":"Asistencia m\u00e9dica por violencia sexual"},"content":{"rendered":"\n<p>S\u00ed has sido v\u00edctima de violencia sexual:<\/p>\n\n\n\n<ul class=\"wp-block-list\">\n<li>En tu pa\u00eds de origen,<\/li>\n\n\n\n<li>Durante tu tr\u00e1nsito en territorio guatemalteco, y\/o<\/li>\n\n\n\n<li>Permanencia en Guatemala<\/li>\n<\/ul>\n\n\n\n<p class=\"has-white-color has-vivid-cyan-blue-background-color has-text-color has-background has-medium-font-size\"><strong>Las organizaciones socias del ACNUR que encuentras en este sitio pueden brindarte apoyo para buscar y recibir asistencia m\u00e9dica, si necesitas orientaci\u00f3n.<\/strong><\/p>\n\n\n\n<p><strong>IMPORTANTE:<\/strong><\/p>\n\n\n\n<p>Acude al hospital o centro de salud m\u00e1s cercano de forma inmediata o dentro de las 3 primeros d\u00edas (72 horas) luego de ocurrida la agresi\u00f3n, para que te brinden servicios de salud urgentes y el tratamiento m\u00e9dico adecuado que evite&nbsp;infecciones&nbsp;de&nbsp;transmisi\u00f3n&nbsp;sexual, VIH\/SIDA,&nbsp;embarazos&nbsp;no deseados, as\u00ed como&nbsp;apoyo&nbsp;emocional&nbsp;gratuito y confidencial.<\/p>\n\n\n\n<p>Tambi\u00e9n puedes acudir a:<\/p>\n\n\n\n<p class=\"has-luminous-vivid-amber-background-color has-background has-medium-font-size\"><strong>Modelo de Atenci\u00f3n Integral para Mujeres V\u00edctimas de Violencia -MAIMI- del Ministerio P\u00fablico<\/strong><\/p>\n\n\n\n<p><strong>Direcci\u00f3n: <\/strong>11 avenida \u201cA\u201d 11-47 zona 7, La Verbena, Ciudad de Guatemala<br><strong>Horario: <\/strong>atenci\u00f3n las 24 horas, todos los d\u00edas a nivel nacional<br><strong>Servicios completamente gratuitos<\/strong>:<\/p>\n\n\n\n<ul class=\"wp-block-list\">\n<li>Ventanilla \u00fanica para la detecci\u00f3n del tipo de atenci\u00f3n que necesita la v\u00edctima.<\/li>\n\n\n\n<li>La atenci\u00f3n urgente para la estabilizaci\u00f3n m\u00e9dica, psicol\u00f3gica, f\u00edsica y social de la v\u00edctima.<\/li>\n\n\n\n<li>La atenci\u00f3n en el MAI en caso de denuncia penal.<\/li>\n\n\n\n<li>La atenci\u00f3n <em><strong>Alerta Isabel Claudina<\/strong><\/em> en caso de mujer desaparecida.<\/li>\n\n\n\n<li>La atenci\u00f3n por el Juzgado de Familia, en caso de medidas de seguridad.<\/li>\n\n\n\n<li>Atenci\u00f3n a distancia las 24 horas los 365 d\u00edas del a\u00f1o a nivel nacional por medio de la l\u00ednea 1572, el Bot\u00f3n de P\u00e1nico y servicio por medio de Whatsapp a mujeres con discapacidad auditiva.<\/li>\n\n\n\n<li>Atenci\u00f3n con pertinencia cultural. Servicio de int\u00e9rpretes de idiomas mayas m\u00e1s predominantes.<\/li>\n\n\n\n<li>Servicio de guarder\u00eda para los hijas e hijas de las mujeres que se presenten al MAIMI.<\/li>\n\n\n\n<li>Asesor\u00eda Legal.<\/li>\n\n\n\n<li>Educaci\u00f3n y capacitaci\u00f3n.<\/li>\n\n\n\n<li>Empoderamiento econ\u00f3mico.<\/li>\n\n\n\n<li>Generaci\u00f3n de empleo.<\/li>\n\n\n\n<li>Medidas urgentes para v\u00edctimas en riesgo.<\/li>\n\n\n\n<li>Servicios sociales, entre otros.<\/li>\n<\/ul>\n\n\n\n<p class=\"has-luminous-vivid-amber-background-color has-background has-medium-font-size\"><strong>Modelo de Atenci\u00f3n Integral de Ni\u00f1ez y Adolescencia \u2013MAINA- del Ministerio P\u00fablico<\/strong><\/p>\n\n\n\n<p><strong>Direcci\u00f3n: <\/strong>Avenida Sime\u00f3n Ca\u00f1as, 6 ave. 10-71 zona 2<br><strong>Horario: <\/strong>atenci\u00f3n las 24 horas, todos los d\u00edas<br><strong>Servicios completamente gratuitos<\/strong>: Atenci\u00f3n especializada para ni\u00f1ez y adolescencia v\u00edctima de delitos como:<\/p>\n\n\n\n<ul class=\"wp-block-list\">\n<li>Maltrato contra menores de edad\n<ul class=\"wp-block-list\">\n<li>Abandono de ni\u00f1os y personas desvalidas<\/li>\n\n\n\n<li>Abandono por estado afectivo<\/li>\n\n\n\n<li>Omisi\u00f3n de auxilio<\/li>\n\n\n\n<li>Incumplimiento de deberes de asistencia<\/li>\n\n\n\n<li>Lesiones (leves, culposas, graves, grav\u00edsimas, espec\u00edficas)<\/li>\n\n\n\n<li>Violencia contra la mujer<\/li>\n\n\n\n<li>Delitos relacionados a violencia sexual<\/li>\n<\/ul>\n<\/li>\n\n\n\n<li>Violaci\u00f3n\n<ul class=\"wp-block-list\">\n<li>Agresi\u00f3n sexual<\/li>\n\n\n\n<li>Exhibicionismo sexual<\/li>\n\n\n\n<li>Violaci\u00f3n a la intimidad sexual<\/li>\n\n\n\n<li>Contagio de infecciones de transmisi\u00f3n sexual<\/li>\n\n\n\n<li>Actividades sexuales remuneradas<\/li>\n\n\n\n<li>Delitos relacionados a la desaparici\u00f3n de ni\u00f1as, ni\u00f1os y adolescentes<\/li>\n<\/ul>\n<\/li>\n\n\n\n<li>Sustracci\u00f3n de menores\n<ul class=\"wp-block-list\">\n<li>Inducci\u00f3n al abandono del hogar<\/li>\n\n\n\n<li>Entrega indebida de un menor<\/li>\n\n\n\n<li>Sustituci\u00f3n de ni\u00f1o por otro<\/li>\n\n\n\n<li>Supresi\u00f3n y alteraci\u00f3n de estado civil<\/li>\n<\/ul>\n<\/li>\n<\/ul>\n\n\n\n<p class=\"has-luminous-vivid-amber-background-color has-background has-medium-font-size\"><strong>Otros enlaces de inter\u00e9s:&nbsp;<\/strong><\/p>\n\n\n\n<ul class=\"wp-block-list\">\n<li>Visita el sitio web de Bomberos Voluntarios de Guatemala <a href=\"http:\/\/bomberosvoluntarios.org.gt\" target=\"_blank\" rel=\"noreferrer noopener\">aqu\u00ed.<\/a> <\/li>\n\n\n\n<li>Visita el sitio web de Bomberos municipales (Cd. De Guatemala) <a href=\"http:\/\/www.muniguate.com\/bomberos-municipales\/\" target=\"_blank\" rel=\"noreferrer noopener\">aqu\u00ed.<\/a>  <\/li>\n<\/ul>\n","protected":false},"excerpt":{"rendered":"<p>S\u00ed has sido v\u00edctima de violencia sexual: Las organizaciones socias del ACNUR que encuentras en este sitio pueden brindarte apoyo para buscar y recibir asistencia m\u00e9dica, si necesitas orientaci\u00f3n. IMPORTANTE: Acude al hospital o centro de salud m\u00e1s cercano de forma inmediata o dentro de las 3 primeros d\u00edas (72 horas) luego de ocurrida la [&hellip;]<\/p>\n","protected":false},"author":219,"featured_media":0,"parent":705,"menu_order":5,"comment_status":"closed","ping_status":"closed","template":"","meta":{"_acf_changed":false,"footnotes":""},"class_list":["post-724","page","type-page","status-publish","hentry"],"acf":[],"_links":{"self":[{"href":"https:\/\/help.unhcr.org\/guatemala\/wp-json\/wp\/v2\/pages\/724","targetHints":{"allow":["GET"]}}],"collection":[{"href":"https:\/\/help.unhcr.org\/guatemala\/wp-json\/wp\/v2\/pages"}],"about":[{"href":"https:\/\/help.unhcr.org\/guatemala\/wp-json\/wp\/v2\/types\/page"}],"author":[{"embeddable":true,"href":"https:\/\/help.unhcr.org\/guatemala\/wp-json\/wp\/v2\/users\/219"}],"replies":[{"embeddable":true,"href":"https:\/\/help.unhcr.org\/guatemala\/wp-json\/wp\/v2\/comments?post=724"}],"version-history":[{"count":17,"href":"https:\/\/help.unhcr.org\/guatemala\/wp-json\/wp\/v2\/pages\/724\/revisions"}],"predecessor-version":[{"id":3282,"href":"https:\/\/help.unhcr.org\/guatemala\/wp-json\/wp\/v2\/pages\/724\/revisions\/3282"}],"up":[{"embeddable":true,"href":"https:\/\/help.unhcr.org\/guatemala\/wp-json\/wp\/v2\/pages\/705"}],"wp:attachment":[{"href":"https:\/\/help.unhcr.org\/guatemala\/wp-json\/wp\/v2\/media?parent=724"}],"curies":[{"name":"wp","href":"https:\/\/api.w.org\/{rel}","templated":true}]}}