{"id":686,"date":"2021-12-29T18:40:51","date_gmt":"2021-12-29T18:40:51","guid":{"rendered":"https:\/\/help.unhcr.org\/guatemala\/?page_id=686"},"modified":"2023-06-14T16:29:05","modified_gmt":"2023-06-14T16:29:05","slug":"asistencia-en-occidente","status":"publish","type":"page","link":"https:\/\/help.unhcr.org\/guatemala\/donde-encontrar-ayuda\/asistencia-en-occidente\/","title":{"rendered":"Asistencia en Quetzaltenango y San Marcos"},"content":{"rendered":"\n<h2 class=\"wp-block-heading\"><mark class=\"has-inline-color has-vivid-cyan-blue-color\"><em><strong>Quetzaltenango<\/strong><\/em> <\/mark><\/h2>\n\n\n\n<h2 class=\"wp-block-heading\">Organizaci\u00f3n Tierra Nueva<\/h2>\n\n\n\n<p><strong>Asistencia y servicios disponibles:<\/strong><\/p>\n\n\n\n<ul class=\"wp-block-list\">\n<li>Informaci\u00f3n sobre proceso de asilo en Guatemala.<\/li>\n\n\n\n<li>Asistencia psicosocial y legal.<\/li>\n\n\n\n<li>Kits de higiene<\/li>\n\n\n\n<li>Kits de alimentaci\u00f3n.<\/li>\n<\/ul>\n\n\n<p><strong>Tel\u00e9fono:<\/strong> (+502) 3000-1422<br><strong>Direcci\u00f3n:<\/strong> 4ta calle 21-22 Zona 3 Quetzaltenango<br><strong>Horario:<\/strong> lunes a viernes de 8:00 am. a 12:00 pm. y de 2:00 pm.&nbsp; a 05:00 pm..<\/p>\n<h2>Cruz Roja Guatemalteca<\/h2>\n<p><span data-ccp-props=\"{&quot;201341983&quot;:0,&quot;335551550&quot;:6,&quot;335551620&quot;:6,&quot;335559739&quot;:160,&quot;335559740&quot;:259}\"><strong>Asistencia y servicios disponibles:<\/strong><\/span><\/p>\n<ul>\n<li>Atenci\u00f3n m\u00e9dica b\u00e1sica<\/li>\n<li>Emergencias.<\/li>\n<\/ul>\n<p><strong>Tel\u00e9fonos:<\/strong> (+502) 7761-2746 \/ (+502) 7761-7591<br><strong>Direcci\u00f3n:<\/strong> 8\u00aa. Av. 6-62, zona 1, Quetzaltenango<br><strong>Horario:<\/strong> Atenci\u00f3n las 24 horas.<\/p>\n<h2>Refugio de la Ni\u00f1ez<\/h2>\n<p><span data-ccp-props=\"{&quot;201341983&quot;:0,&quot;335551550&quot;:6,&quot;335551620&quot;:6,&quot;335559739&quot;:160,&quot;335559740&quot;:259}\"><strong>Asistencia y servicios disponibles:<\/strong><\/span><\/p>\n<ul>\n<li>Apoyo y acompa\u00f1amiento a ni\u00f1os, ni\u00f1as y adolescentes.<\/li>\n<\/ul>\n<p><strong>Tel\u00e9fono:<\/strong> (+502) 7933-9168<br><strong>Direcci\u00f3n:<\/strong> Quetzaltenango<br><strong>Horario:<\/strong> lunes a viernes de 8:00 am. a 05:00 pm.<\/p>\n\n\n<h2 class=\"wp-block-heading\"><strong><em><span class=\"has-inline-color has-vivid-cyan-blue-color\">Tec\u00fan Um\u00e1n, San Marcos<\/span><\/em><\/strong><\/h2>\n\n\n<h2>Casa del Migrante<\/h2>\n<p><span data-ccp-props=\"{&quot;201341983&quot;:0,&quot;335551550&quot;:6,&quot;335551620&quot;:6,&quot;335559739&quot;:160,&quot;335559740&quot;:259}\"><strong>Asistencia y servicios disponibles:<\/strong><\/span><\/p>\n<ul>\n<li>Albergue<\/li>\n<li>Kits de alimentaci\u00f3n<\/li>\n<li>Agua<\/li>\n<li>Orientaci\u00f3n jur\u00eddica<\/li>\n<li>Asistencia psicosocial<\/li>\n<\/ul>\n<p><strong>Tel\u00e9fono:<\/strong> (+502) 7776-8416<br><strong>Direcci\u00f3n:<\/strong> 0 Av. 0-22 Col. Olguita de Le\u00f3n, Tec\u00fan Um\u00e1n, San Marcos.<br><strong>Horario<\/strong>: Lunes a viernes de 8:00 am. a 01:00 pm. y de 03:00 pm. a 05:00 pm.<\/p>\n<h2>Cruz Roja Guatemalteca<\/h2>\n<p><span data-ccp-props=\"{&quot;201341983&quot;:0,&quot;335551550&quot;:6,&quot;335551620&quot;:6,&quot;335559739&quot;:160,&quot;335559740&quot;:259}\"><strong>Asistencia y servicios disponibles:<\/strong><\/span><\/p>\n<ul>\n<li>Atenci\u00f3n m\u00e9dica b\u00e1sica<\/li>\n<li>Emergencias.<\/li>\n<\/ul>\n<p><strong>Tel\u00e9fonos:<\/strong> (+502) 7761-2746 \/ (+502) 7761-7591<br><strong>Direcci\u00f3n:<\/strong> 1era avenida 4-38, Zona 1. Tec\u00fan Um\u00e1n Ayutla<br><strong>Horario:<\/strong> Lunes a viernes de 8:00 am. a 01:00 pm. y de 02:00 pm. a 05:00 pm.<\/p>\n<h2>Organizaci\u00f3n Tierra Nueva<\/h2>\n<p><span data-ccp-props=\"{&quot;201341983&quot;:0,&quot;335551550&quot;:6,&quot;335551620&quot;:6,&quot;335559739&quot;:160,&quot;335559740&quot;:259}\"><strong>Asistencia y servicios disponibles:<\/strong><\/span><\/p>\n<ul>\n<li>Informaci\u00f3n sobre proceso de asilo en Guatemala.<\/li>\n<li>Asistencia psicosocial y legal.<\/li>\n<li>Kits de higiene<\/li>\n<li>Kits de alimentaci\u00f3n.<\/li>\n<\/ul>\n<p><strong>Tel\u00e9fonos:<\/strong> (+502) 4890-2438 y (+502) 4890-2845<br><strong>Direcci\u00f3n:<\/strong> A una cuadra de la terminal de buses de Tec\u00fan Um\u00e1n.<br><strong>Horario:<\/strong> Lunes a viernes de 8:00 am. a 12:00 pm. y de 2:00 pm.&nbsp; a 05:00 pm.<\/p>\n<h2>Refugio de la Ni\u00f1ez<\/h2>\n<p><span data-ccp-props=\"{&quot;201341983&quot;:0,&quot;335551550&quot;:6,&quot;335551620&quot;:6,&quot;335559739&quot;:160,&quot;335559740&quot;:259}\"><strong>Asistencia y servicios disponibles:<\/strong><\/span><\/p>\n<ul>\n<li>Apoyo y acompa\u00f1amiento a personas retornadas con necesidades de protecci\u00f3n<\/li>\n<\/ul>\n<p><strong>Direcci\u00f3n:<\/strong> 8a calle 2-58 zona 1, ciudad de Tec\u00fan Um\u00e1n, Municipio de Ayutla.<br><strong>Horario:<\/strong> Lunes a viernes de 8:00 am. a 4:00 pm.<\/p>\n\n\n<h2 class=\"wp-block-heading\">Oficina Parroquial de informaci\u00f3n, atenci\u00f3n y protecci\u00f3n de la Pastoral de Movilidad Humana en Tec\u00fan Um\u00e1n<\/h2>\n\n\n\n<p><strong>Asistencia y servicios disponibles:<\/strong><\/p>\n\n\n\n<ul class=\"wp-block-list\">\n<li>Orientaci\u00f3n informativa<\/li>\n\n\n\n<li>Asistencia legal,<\/li>\n\n\n\n<li>Kits de higiene, de protecci\u00f3n personal, de merienda<\/li>\n<\/ul>\n\n\n\n<p><strong>Direcci\u00f3n:<\/strong> 3a calle 2-47, Zona 1, ciudad de Tec\u00fan Um\u00e1n<br><strong>Horario:<\/strong> Lunes a viernes de 9:00 am. a 5:00 pm.<\/p>\n\n\n\n<h2 class=\"wp-block-heading\">Parroquia Se\u00f1or de las Tres Ca\u00eddas<\/h2>\n\n\n\n<p><strong>Servicio disponible<\/strong>:<\/p>\n\n\n\n<ul class=\"wp-block-list\">\n<li>Centro de carga para celulares<\/li>\n<\/ul>\n\n\n\n<p><strong>Tel\u00e9fonos:<\/strong> (+502) 5414-6279<br><strong>Direcci\u00f3n:<\/strong> Parque Central, ciudad de Tec\u00fan Um\u00e1n<br><strong>Horario:<\/strong> Lunes a viernes de 9:00 am. a 5:00 pm. <\/p>\n","protected":false},"excerpt":{"rendered":"<p>Quetzaltenango Organizaci\u00f3n Tierra Nueva Asistencia y servicios disponibles: Tel\u00e9fono: (+502) 3000-1422Direcci\u00f3n: 4ta calle 21-22 Zona 3 QuetzaltenangoHorario: lunes a viernes de 8:00 am. a 12:00 pm. y de 2:00 pm.&nbsp; a 05:00 pm.. Cruz Roja Guatemalteca Asistencia y servicios disponibles: Atenci\u00f3n m\u00e9dica b\u00e1sica Emergencias. Tel\u00e9fonos: (+502) 7761-2746 \/ (+502) 7761-7591Direcci\u00f3n: 8\u00aa. Av. 6-62, zona 1, [&hellip;]<\/p>\n","protected":false},"author":220,"featured_media":0,"parent":75,"menu_order":4,"comment_status":"closed","ping_status":"closed","template":"","meta":{"_acf_changed":false,"footnotes":""},"class_list":["post-686","page","type-page","status-publish","hentry"],"acf":[],"_links":{"self":[{"href":"https:\/\/help.unhcr.org\/guatemala\/wp-json\/wp\/v2\/pages\/686","targetHints":{"allow":["GET"]}}],"collection":[{"href":"https:\/\/help.unhcr.org\/guatemala\/wp-json\/wp\/v2\/pages"}],"about":[{"href":"https:\/\/help.unhcr.org\/guatemala\/wp-json\/wp\/v2\/types\/page"}],"author":[{"embeddable":true,"href":"https:\/\/help.unhcr.org\/guatemala\/wp-json\/wp\/v2\/users\/220"}],"replies":[{"embeddable":true,"href":"https:\/\/help.unhcr.org\/guatemala\/wp-json\/wp\/v2\/comments?post=686"}],"version-history":[{"count":28,"href":"https:\/\/help.unhcr.org\/guatemala\/wp-json\/wp\/v2\/pages\/686\/revisions"}],"predecessor-version":[{"id":2466,"href":"https:\/\/help.unhcr.org\/guatemala\/wp-json\/wp\/v2\/pages\/686\/revisions\/2466"}],"up":[{"embeddable":true,"href":"https:\/\/help.unhcr.org\/guatemala\/wp-json\/wp\/v2\/pages\/75"}],"wp:attachment":[{"href":"https:\/\/help.unhcr.org\/guatemala\/wp-json\/wp\/v2\/media?parent=686"}],"curies":[{"name":"wp","href":"https:\/\/api.w.org\/{rel}","templated":true}]}}