{"id":5,"date":"2017-11-22T11:05:41","date_gmt":"2017-11-22T11:05:41","guid":{"rendered":"http:\/\/help.unhcr.org\/guatemala\/?page_id=5"},"modified":"2025-06-13T16:09:19","modified_gmt":"2025-06-13T16:09:19","slug":"bienvenido-a","status":"publish","type":"page","link":"https:\/\/help.unhcr.org\/guatemala\/","title":{"rendered":"Bienvenido\/a"},"content":{"rendered":"\n<p>Te damos la bienvenida al canal de orientaci\u00f3n de ACNUR Guatemala, la Agencia de las Naciones Unidas para los Refugiados. Este espacio ha sido dise\u00f1ado especialmente para ofrecer informaci\u00f3n esencial y apoyo a personas refugiadas, quienes buscan protecci\u00f3n internacional, personas retornadas, ap\u00e1tridas y aquellas que enfrentan riesgo de desplazamiento forzado en territorio guatemalteco.&nbsp;<\/p>\n\n\n\n<figure class=\"wp-block-gallery has-nested-images columns-default is-cropped wp-block-gallery-1 is-layout-flex wp-block-gallery-is-layout-flex\">\n<figure class=\"wp-block-image size-full\"><img loading=\"lazy\" decoding=\"async\" width=\"960\" height=\"355\" data-id=\"3511\" src=\"https:\/\/help.unhcr.org\/guatemala\/wp-content\/uploads\/sites\/23\/2025\/06\/acnur_guatemala_banner_4.jpg\" alt=\"\" class=\"wp-image-3511\" srcset=\"https:\/\/help.unhcr.org\/guatemala\/wp-content\/uploads\/sites\/23\/2025\/06\/acnur_guatemala_banner_4.jpg 960w, https:\/\/help.unhcr.org\/guatemala\/wp-content\/uploads\/sites\/23\/2025\/06\/acnur_guatemala_banner_4-300x111.jpg 300w, https:\/\/help.unhcr.org\/guatemala\/wp-content\/uploads\/sites\/23\/2025\/06\/acnur_guatemala_banner_4-768x284.jpg 768w\" sizes=\"auto, (max-width: 960px) 100vw, 960px\" \/><\/figure>\n<\/figure>\n\n\n\n<p><\/p>\n\n\n\n<h2 class=\"wp-block-heading\"><strong>\u00bfNecesitas respuestas?<\/strong><\/h2>\n\n\n\n<p class=\"has-text-align-center\"><strong>\u00a1Tenemos m\u00e1s formas de conectar contigo!<\/strong><\/p>\n\n\n\n<div class=\"wp-block-columns is-layout-flex wp-container-core-columns-is-layout-9d6595d7 wp-block-columns-is-layout-flex\">\n<div class=\"wp-block-column is-layout-flow wp-block-column-is-layout-flow\">\n<p class=\"has-text-align-center\">? <strong>Chatbot en WhatsApp <\/strong>                                    Con respuestas autom\u00e1ticas, 24\/7, cuando m\u00e1s las necesites. <\/p>\n\n\n\n<div class=\"wp-block-buttons is-content-justification-center is-layout-flex wp-container-core-buttons-is-layout-16018d1d wp-block-buttons-is-layout-flex\">\n<div class=\"wp-block-button\"><a class=\"wp-block-button__link has-black-color has-text-color has-background has-link-color has-text-align-center wp-element-button\" href=\"https:\/\/api.whatsapp.com\/send\/?phone=50222772650&amp;text&amp;type=phone_number&amp;app_absent=0\" style=\"background-color:#8ebeff\" target=\"_blank\" rel=\"noreferrer noopener\"><strong>+502 2277 2650<\/strong> <\/a><\/div>\n<\/div>\n<\/div>\n\n\n\n<div class=\"wp-block-column is-layout-flow wp-block-column-is-layout-flow\" style=\"flex-basis:75px\"><\/div>\n\n\n\n<div class=\"wp-block-column is-layout-flow wp-block-column-is-layout-flow\">\n<p class=\"has-text-align-center\">? <strong>Correo electr\u00f3nico<\/strong>                                   Consultas detalladas con respuesta personalizada de nuestro equipo. Escr\u00edbenos a: <\/p>\n\n\n\n<div class=\"wp-block-buttons is-content-justification-center is-layout-flex wp-container-core-buttons-is-layout-16018d1d wp-block-buttons-is-layout-flex\">\n<div class=\"wp-block-button\"><a class=\"wp-block-button__link has-black-color has-text-color has-background has-link-color has-text-align-center wp-element-button\" href=\"mailto:guagu@unhcr.org\" style=\"background-color:#8ebeff\" target=\"_blank\" rel=\"noreferrer noopener\"><strong>guagu@unhcr.org<\/strong><\/a><\/div>\n<\/div>\n<\/div>\n<\/div>\n\n\n\n<p><\/p>\n\n\n\n<p><\/p>\n\n\n\n<h2 class=\"wp-block-heading\"><strong>Descubre todo lo que tenemos para ti:<\/strong><\/h2>\n\n\n\n<p>? Tu ruta de apoyo personalizada \u2192 explora el men\u00fa para comenzar<\/p>\n\n\n\n<p>? Red de aliados &nbsp;\u2192 conoce las organizaciones y contactos de emergencia que te acompa\u00f1an<\/p>\n\n\n\n<p>? Gu\u00eda de derechos y oportunidades \u2192 informaci\u00f3n fresca y actualizada esper\u00e1ndote<\/p>\n\n\n\n<p><strong>Nuestros equipos te esperan presencialmente en:<\/strong><\/p>\n\n\n\n<p>? Esquipulas, Chiquimula<\/p>\n\n\n\n<p>? Santa Elena, Pet\u00e9n<\/p>\n\n\n\n<p>? Ciudad Guatemala<\/p>\n\n\n\n<h2 class=\"wp-block-heading has-text-align-center\"><strong>\u00a1Juntos construimos tu camino hacia adelante!<\/strong><\/h2>\n\n\n\n<p><\/p>\n","protected":false},"excerpt":{"rendered":"<p>Te damos la bienvenida al canal de orientaci\u00f3n de ACNUR Guatemala, la Agencia de las Naciones Unidas para los Refugiados. Este espacio ha sido dise\u00f1ado especialmente para ofrecer informaci\u00f3n esencial y apoyo a personas refugiadas, quienes buscan protecci\u00f3n internacional, personas retornadas, ap\u00e1tridas y aquellas que enfrentan riesgo de desplazamiento forzado en territorio guatemalteco.&nbsp; \u00bfNecesitas respuestas? [&hellip;]<\/p>\n","protected":false},"author":475,"featured_media":0,"parent":0,"menu_order":0,"comment_status":"closed","ping_status":"closed","template":"","meta":{"_acf_changed":false,"footnotes":""},"class_list":["post-5","page","type-page","status-publish","hentry"],"acf":[],"_links":{"self":[{"href":"https:\/\/help.unhcr.org\/guatemala\/wp-json\/wp\/v2\/pages\/5","targetHints":{"allow":["GET"]}}],"collection":[{"href":"https:\/\/help.unhcr.org\/guatemala\/wp-json\/wp\/v2\/pages"}],"about":[{"href":"https:\/\/help.unhcr.org\/guatemala\/wp-json\/wp\/v2\/types\/page"}],"author":[{"embeddable":true,"href":"https:\/\/help.unhcr.org\/guatemala\/wp-json\/wp\/v2\/users\/475"}],"replies":[{"embeddable":true,"href":"https:\/\/help.unhcr.org\/guatemala\/wp-json\/wp\/v2\/comments?post=5"}],"version-history":[{"count":91,"href":"https:\/\/help.unhcr.org\/guatemala\/wp-json\/wp\/v2\/pages\/5\/revisions"}],"predecessor-version":[{"id":3515,"href":"https:\/\/help.unhcr.org\/guatemala\/wp-json\/wp\/v2\/pages\/5\/revisions\/3515"}],"wp:attachment":[{"href":"https:\/\/help.unhcr.org\/guatemala\/wp-json\/wp\/v2\/media?parent=5"}],"curies":[{"name":"wp","href":"https:\/\/api.w.org\/{rel}","templated":true}]}}