{"id":3488,"date":"2025-06-11T15:23:08","date_gmt":"2025-06-11T15:23:08","guid":{"rendered":"https:\/\/help.unhcr.org\/guatemala\/?page_id=3488"},"modified":"2025-06-11T15:25:50","modified_gmt":"2025-06-11T15:25:50","slug":"busqueda-de-empleo","status":"publish","type":"page","link":"https:\/\/help.unhcr.org\/guatemala\/medios-de-vida-e-inclusion-economica\/busqueda-de-empleo\/","title":{"rendered":"B\u00fasqueda de Empleo\u00a0"},"content":{"rendered":"\n<p>El Ministerio de Trabajo y Previsi\u00f3n Social pone a disposici\u00f3n de las personas guatemaltecas y personas refugiadas y solicitantes de la condici\u00f3n de refugiado el portal electr\u00f3nico para la b\u00fasqueda de oportunidades laborales <strong>Tu Empleo. <\/strong><\/p>\n\n\n\n<p>Ingresando al siguiente enlace podr\u00e1s encontrar informaci\u00f3n acerca de los procesos de selecci\u00f3n y  vacantes disponibles: <strong> <\/strong><a href=\"https:\/\/tuempleo.mintrabajo.gob.gt\/\" target=\"_blank\" rel=\"noreferrer noopener\"><strong>https:\/\/tuempleo.mintrabajo.gob.gt\/<\/strong><\/a>\u00a0<\/p>\n\n\n\n<p>El Portal <strong>Tu Empleo<\/strong> es un servicio p\u00fablico, gratuito, \u00e1gil y confiable. Para acceder al portal y ubicar oportunidades de empleo acordes a tu perfil y experiencia debes seguir los pasos que se indican en el siguiente tutorial:\u00a0<\/p>\n\n\n\n<figure class=\"wp-block-embed is-type-video is-provider-youtube wp-block-embed-youtube wp-embed-aspect-16-9 wp-has-aspect-ratio\"><div class=\"wp-block-embed__wrapper\">\n<iframe loading=\"lazy\" title=\"Tutorial para registrarse en TUEMPLEO\" width=\"640\" height=\"360\" src=\"https:\/\/www.youtube.com\/embed\/fYzN4f-gRBQ?feature=oembed\" frameborder=\"0\" allow=\"accelerometer; autoplay; clipboard-write; encrypted-media; gyroscope; picture-in-picture; web-share\" referrerpolicy=\"strict-origin-when-cross-origin\" allowfullscreen><\/iframe>\n<\/div><\/figure>\n\n\n\n<p><\/p>\n","protected":false},"excerpt":{"rendered":"<p>El Ministerio de Trabajo y Previsi\u00f3n Social pone a disposici\u00f3n de las personas guatemaltecas y personas refugiadas y solicitantes de la condici\u00f3n de refugiado el portal electr\u00f3nico para la b\u00fasqueda de oportunidades laborales Tu Empleo. Ingresando al siguiente enlace podr\u00e1s encontrar informaci\u00f3n acerca de los procesos de selecci\u00f3n y vacantes disponibles: https:\/\/tuempleo.mintrabajo.gob.gt\/\u00a0 El Portal Tu [&hellip;]<\/p>\n","protected":false},"author":220,"featured_media":0,"parent":3336,"menu_order":7,"comment_status":"closed","ping_status":"closed","template":"page-templates\/listing_page.php","meta":{"_acf_changed":false,"footnotes":""},"class_list":["post-3488","page","type-page","status-publish","hentry"],"acf":[],"_links":{"self":[{"href":"https:\/\/help.unhcr.org\/guatemala\/wp-json\/wp\/v2\/pages\/3488","targetHints":{"allow":["GET"]}}],"collection":[{"href":"https:\/\/help.unhcr.org\/guatemala\/wp-json\/wp\/v2\/pages"}],"about":[{"href":"https:\/\/help.unhcr.org\/guatemala\/wp-json\/wp\/v2\/types\/page"}],"author":[{"embeddable":true,"href":"https:\/\/help.unhcr.org\/guatemala\/wp-json\/wp\/v2\/users\/220"}],"replies":[{"embeddable":true,"href":"https:\/\/help.unhcr.org\/guatemala\/wp-json\/wp\/v2\/comments?post=3488"}],"version-history":[{"count":2,"href":"https:\/\/help.unhcr.org\/guatemala\/wp-json\/wp\/v2\/pages\/3488\/revisions"}],"predecessor-version":[{"id":3494,"href":"https:\/\/help.unhcr.org\/guatemala\/wp-json\/wp\/v2\/pages\/3488\/revisions\/3494"}],"up":[{"embeddable":true,"href":"https:\/\/help.unhcr.org\/guatemala\/wp-json\/wp\/v2\/pages\/3336"}],"wp:attachment":[{"href":"https:\/\/help.unhcr.org\/guatemala\/wp-json\/wp\/v2\/media?parent=3488"}],"curies":[{"name":"wp","href":"https:\/\/api.w.org\/{rel}","templated":true}]}}