{"id":3357,"date":"2025-06-02T21:26:26","date_gmt":"2025-06-02T21:26:26","guid":{"rendered":"https:\/\/help.unhcr.org\/guatemala\/?page_id=3357"},"modified":"2025-06-11T15:24:47","modified_gmt":"2025-06-11T15:24:47","slug":"antecedentes-policiales","status":"publish","type":"page","link":"https:\/\/help.unhcr.org\/guatemala\/medios-de-vida-e-inclusion-economica\/antecedentes-policiales\/","title":{"rendered":"Antecedentes Policiales"},"content":{"rendered":"\n<p>Ingresando en el sitio oficial de internet de la Polic\u00eda Nacional Civil podr\u00e1s encontrar informaci\u00f3n y la ubicaci\u00f3n de las delegaciones en las cuales puede realizar la solicitud de Antecedentes Policiales:<\/p>\n\n\n\n<div class=\"wp-block-buttons is-content-justification-center is-layout-flex wp-container-core-buttons-is-layout-16018d1d wp-block-buttons-is-layout-flex\">\n<div class=\"wp-block-button\"><a class=\"wp-block-button__link has-white-color has-text-color has-background has-link-color wp-element-button\" href=\"https:\/\/mingob.gob.gt\/antecedentes-policiales-en-linea-sede-central-y-comisarias\/\" style=\"background-color:#8ebeff\" target=\"_blank\" rel=\"noreferrer noopener\"><strong>https:\/\/mingob.gob.gt\/antecedentes-policiales-en-linea-sede-central-y-comisarias\/<\/strong><\/a><\/div>\n<\/div>\n\n\n\n<p><\/p>\n\n\n\n<p>Tienen un costo: Q 30.00 que puedes pagar en el banco dentro del centro donde se emiten los antecedentes o en agencias del Banco Industrial o Banrural<\/p>\n\n\n\n<h3 class=\"wp-block-heading has-vivid-cyan-blue-color has-text-color has-link-color wp-elements-8dd25927461c5eb188321cc3381ae4f7\">Requisitos:<\/h3>\n\n\n\n<ul class=\"wp-block-list\">\n<li>DPI \u2013 Especial (personas solicitantes de la condici\u00f3n de refugiado) vigente<\/li>\n\n\n\n<li>DPI Rojo (personas refugiadas)<\/li>\n\n\n\n<li>Estatuto de Permanencia Provisional -EPP- vigente<\/li>\n\n\n\n<li>Constancia de solicitud de refugio emitida por la CONARE (vigente)<\/li>\n<\/ul>\n\n\n\n<p><\/p>\n","protected":false},"excerpt":{"rendered":"<p>Ingresando en el sitio oficial de internet de la Polic\u00eda Nacional Civil podr\u00e1s encontrar informaci\u00f3n y la ubicaci\u00f3n de las delegaciones en las cuales puede realizar la solicitud de Antecedentes Policiales: Tienen un costo: Q 30.00 que puedes pagar en el banco dentro del centro donde se emiten los antecedentes o en agencias del Banco [&hellip;]<\/p>\n","protected":false},"author":220,"featured_media":0,"parent":3336,"menu_order":9,"comment_status":"closed","ping_status":"closed","template":"page-templates\/listing_page.php","meta":{"_acf_changed":false,"footnotes":""},"class_list":["post-3357","page","type-page","status-publish","hentry"],"acf":[],"_links":{"self":[{"href":"https:\/\/help.unhcr.org\/guatemala\/wp-json\/wp\/v2\/pages\/3357","targetHints":{"allow":["GET"]}}],"collection":[{"href":"https:\/\/help.unhcr.org\/guatemala\/wp-json\/wp\/v2\/pages"}],"about":[{"href":"https:\/\/help.unhcr.org\/guatemala\/wp-json\/wp\/v2\/types\/page"}],"author":[{"embeddable":true,"href":"https:\/\/help.unhcr.org\/guatemala\/wp-json\/wp\/v2\/users\/220"}],"replies":[{"embeddable":true,"href":"https:\/\/help.unhcr.org\/guatemala\/wp-json\/wp\/v2\/comments?post=3357"}],"version-history":[{"count":5,"href":"https:\/\/help.unhcr.org\/guatemala\/wp-json\/wp\/v2\/pages\/3357\/revisions"}],"predecessor-version":[{"id":3481,"href":"https:\/\/help.unhcr.org\/guatemala\/wp-json\/wp\/v2\/pages\/3357\/revisions\/3481"}],"up":[{"embeddable":true,"href":"https:\/\/help.unhcr.org\/guatemala\/wp-json\/wp\/v2\/pages\/3336"}],"wp:attachment":[{"href":"https:\/\/help.unhcr.org\/guatemala\/wp-json\/wp\/v2\/media?parent=3357"}],"curies":[{"name":"wp","href":"https:\/\/api.w.org\/{rel}","templated":true}]}}