{"id":3355,"date":"2025-06-02T21:25:14","date_gmt":"2025-06-02T21:25:14","guid":{"rendered":"https:\/\/help.unhcr.org\/guatemala\/?page_id=3355"},"modified":"2025-06-11T15:24:21","modified_gmt":"2025-06-11T15:24:21","slug":"antecedentes-penales","status":"publish","type":"page","link":"https:\/\/help.unhcr.org\/guatemala\/medios-de-vida-e-inclusion-economica\/antecedentes-penales\/","title":{"rendered":"Antecedentes Penales"},"content":{"rendered":"\n<p>Para gestionar personalmente la emisi\u00f3n de antecedentes penales, puedes consultar la ubicaci\u00f3n de la delegaci\u00f3n m\u00e1s cercana en el siguiente enlace del Organismo Judicial:<\/p>\n\n\n\n<div class=\"wp-block-buttons is-content-justification-center is-layout-flex wp-container-core-buttons-is-layout-16018d1d wp-block-buttons-is-layout-flex\">\n<div class=\"wp-block-button\"><a class=\"wp-block-button__link has-vivid-cyan-blue-color has-text-color has-background has-link-color wp-element-button\" href=\"https:\/\/cape.oj.gob.gt\/assets\/Delegaciones.pdf\" style=\"background-color:#fff9cb\" target=\"_blank\" rel=\"noreferrer noopener\"><strong>https:\/\/cape.oj.gob.gt\/assets\/Delegaciones.pdf<\/strong><\/a><\/div>\n<\/div>\n\n\n\n<p> O descargando el siguiente documento:<\/p>\n\n\n\n<div data-wp-interactive=\"core\/file\" class=\"wp-block-file has-background\" style=\"background-color:#e0e9fe\"><object data-wp-bind--hidden=\"!state.hasPdfPreview\" hidden class=\"wp-block-file__embed\" data=\"https:\/\/help.unhcr.org\/guatemala\/wp-content\/uploads\/sites\/23\/2025\/06\/Delegaciones-para-la-emision-de-antecedentes-penales.pdf\" type=\"application\/pdf\" style=\"width:100%;height:1049px\" aria-label=\"Embed of Ingresa aqu\u00ed para descargar el listado de delegaciones para la emisi\u00f3n de antecedentes penales.\"><\/object><a id=\"wp-block-file--media-19e9e300-cc6e-4429-8e52-66308b90a86d\" href=\"https:\/\/help.unhcr.org\/guatemala\/wp-content\/uploads\/sites\/23\/2025\/06\/Delegaciones-para-la-emision-de-antecedentes-penales.pdf\" target=\"_blank\" rel=\"noreferrer noopener\">Ingresa aqu\u00ed para descargar el listado de delegaciones para la emisi\u00f3n de antecedentes penales<\/a><\/div>\n\n\n\n<p><\/p>\n\n\n\n<p>Tienen un costo de Q 30.00 que se pagan en el banco dentro del centro donde se emiten los antecedentes o en agencias de Banco Industrial o Banrural<\/p>\n\n\n\n<h3 class=\"wp-block-heading has-vivid-cyan-blue-color has-text-color has-link-color wp-elements-8dd25927461c5eb188321cc3381ae4f7\">Requisitos:<\/h3>\n\n\n\n<ul class=\"wp-block-list\">\n<li>DPI \u2013 Especial (personas solicitantes de la condici\u00f3n de refugiado) vigente<\/li>\n\n\n\n<li>DPI Rojo (personas refugiadas reconocidos)<\/li>\n\n\n\n<li>Estatuto de Permanencia Provisional -EPP- vigente<\/li>\n\n\n\n<li>Constancia de solicitud de refugio emitida por la CONARE (vigente)<\/li>\n<\/ul>\n\n\n\n<p><\/p>\n","protected":false},"excerpt":{"rendered":"<p>Para gestionar personalmente la emisi\u00f3n de antecedentes penales, puedes consultar la ubicaci\u00f3n de la delegaci\u00f3n m\u00e1s cercana en el siguiente enlace del Organismo Judicial: O descargando el siguiente documento: Tienen un costo de Q 30.00 que se pagan en el banco dentro del centro donde se emiten los antecedentes o en agencias de Banco Industrial [&hellip;]<\/p>\n","protected":false},"author":220,"featured_media":0,"parent":3336,"menu_order":8,"comment_status":"closed","ping_status":"closed","template":"page-templates\/listing_page.php","meta":{"_acf_changed":false,"footnotes":""},"class_list":["post-3355","page","type-page","status-publish","hentry"],"acf":[],"_links":{"self":[{"href":"https:\/\/help.unhcr.org\/guatemala\/wp-json\/wp\/v2\/pages\/3355","targetHints":{"allow":["GET"]}}],"collection":[{"href":"https:\/\/help.unhcr.org\/guatemala\/wp-json\/wp\/v2\/pages"}],"about":[{"href":"https:\/\/help.unhcr.org\/guatemala\/wp-json\/wp\/v2\/types\/page"}],"author":[{"embeddable":true,"href":"https:\/\/help.unhcr.org\/guatemala\/wp-json\/wp\/v2\/users\/220"}],"replies":[{"embeddable":true,"href":"https:\/\/help.unhcr.org\/guatemala\/wp-json\/wp\/v2\/comments?post=3355"}],"version-history":[{"count":8,"href":"https:\/\/help.unhcr.org\/guatemala\/wp-json\/wp\/v2\/pages\/3355\/revisions"}],"predecessor-version":[{"id":3482,"href":"https:\/\/help.unhcr.org\/guatemala\/wp-json\/wp\/v2\/pages\/3355\/revisions\/3482"}],"up":[{"embeddable":true,"href":"https:\/\/help.unhcr.org\/guatemala\/wp-json\/wp\/v2\/pages\/3336"}],"wp:attachment":[{"href":"https:\/\/help.unhcr.org\/guatemala\/wp-json\/wp\/v2\/media?parent=3355"}],"curies":[{"name":"wp","href":"https:\/\/api.w.org\/{rel}","templated":true}]}}