{"id":3352,"date":"2025-06-02T21:11:15","date_gmt":"2025-06-02T21:11:15","guid":{"rendered":"https:\/\/help.unhcr.org\/guatemala\/?page_id=3352"},"modified":"2025-06-02T22:09:58","modified_gmt":"2025-06-02T22:09:58","slug":"gestion-de-patente-de-comercio","status":"publish","type":"page","link":"https:\/\/help.unhcr.org\/guatemala\/medios-de-vida-e-inclusion-economica\/gestion-de-patente-de-comercio\/","title":{"rendered":"Gesti\u00f3n de Patente de Comercio \u00a0"},"content":{"rendered":"\n<p>Toma en cuenta que para obtener una patente de comercio, debes cumplir con los siguientes requisitos:<\/p>\n\n\n\n<ul class=\"wp-block-list\">\n<li>Obtener NIT primero para solicitar la Patente de Comercio<\/li>\n\n\n\n<li>Tener DPI de Extranjero Domiciliado (DPI Rojo)<\/li>\n\n\n\n<li>Llenar el formulario para la inscripci\u00f3n de Comerciante Individual y Empresa Registro Mercantil e imprimir en hoja tama\u00f1o oficio. <a href=\"https:\/\/www.registromercantil.gob.gt\/webrm\/\" target=\"_blank\" rel=\"noreferrer noopener\">https:\/\/www.registromercantil.gob.gt\/webrm\/<\/a><\/li>\n\n\n\n<li>Pagar en una agencia Banrural:\n<ul class=\"wp-block-list\">\n<li>Empresa Individual Q.100.00, o<\/li>\n\n\n\n<li>Comerciante Q.100.00<\/li>\n<\/ul>\n<\/li>\n\n\n\n<li>Comprar 2 timbres Q.25.00 (A la venta en el s\u00f3tano del Registro Mercantil)<\/li>\n\n\n\n<li>Presentar fotocopia de DPI Extranjero Domiciliado (obligatorio, no aceptan pasaporte ni DPI E)<\/li>\n\n\n\n<li>Entregar personalmente en la ventanilla de Registro mercantil, el folder con los 3 documentos descritos anteriormente.<\/li>\n<\/ul>\n\n\n\n<p><\/p>\n\n\n\n<p>Al cumplir con lo anterior, podr\u00e1s descargar la patente para tu negocio en la p\u00e1gina de internet del Registro Mercantil, ingresando peri\u00f3dicamente con la contrase\u00f1a que te proporcionaran al entregar el expediente.<\/p>\n\n\n\n<p>Por \u00faltimo podr\u00e1s imprimir la patente y colocar los timbres en el espacio correspondiente.<\/p>\n\n\n\n<p><\/p>\n","protected":false},"excerpt":{"rendered":"<p>Toma en cuenta que para obtener una patente de comercio, debes cumplir con los siguientes requisitos: Al cumplir con lo anterior, podr\u00e1s descargar la patente para tu negocio en la p\u00e1gina de internet del Registro Mercantil, ingresando peri\u00f3dicamente con la contrase\u00f1a que te proporcionaran al entregar el expediente. Por \u00faltimo podr\u00e1s imprimir la patente y [&hellip;]<\/p>\n","protected":false},"author":220,"featured_media":0,"parent":3336,"menu_order":6,"comment_status":"closed","ping_status":"closed","template":"page-templates\/listing_page.php","meta":{"_acf_changed":false,"footnotes":""},"class_list":["post-3352","page","type-page","status-publish","hentry"],"acf":[],"_links":{"self":[{"href":"https:\/\/help.unhcr.org\/guatemala\/wp-json\/wp\/v2\/pages\/3352","targetHints":{"allow":["GET"]}}],"collection":[{"href":"https:\/\/help.unhcr.org\/guatemala\/wp-json\/wp\/v2\/pages"}],"about":[{"href":"https:\/\/help.unhcr.org\/guatemala\/wp-json\/wp\/v2\/types\/page"}],"author":[{"embeddable":true,"href":"https:\/\/help.unhcr.org\/guatemala\/wp-json\/wp\/v2\/users\/220"}],"replies":[{"embeddable":true,"href":"https:\/\/help.unhcr.org\/guatemala\/wp-json\/wp\/v2\/comments?post=3352"}],"version-history":[{"count":5,"href":"https:\/\/help.unhcr.org\/guatemala\/wp-json\/wp\/v2\/pages\/3352\/revisions"}],"predecessor-version":[{"id":3465,"href":"https:\/\/help.unhcr.org\/guatemala\/wp-json\/wp\/v2\/pages\/3352\/revisions\/3465"}],"up":[{"embeddable":true,"href":"https:\/\/help.unhcr.org\/guatemala\/wp-json\/wp\/v2\/pages\/3336"}],"wp:attachment":[{"href":"https:\/\/help.unhcr.org\/guatemala\/wp-json\/wp\/v2\/media?parent=3352"}],"curies":[{"name":"wp","href":"https:\/\/api.w.org\/{rel}","templated":true}]}}