{"id":3350,"date":"2025-06-02T21:20:07","date_gmt":"2025-06-02T21:20:07","guid":{"rendered":"https:\/\/help.unhcr.org\/guatemala\/?page_id=3350"},"modified":"2025-06-02T22:06:06","modified_gmt":"2025-06-02T22:06:06","slug":"solicitud-de-numero-de-identificacion-tributaria-nit","status":"publish","type":"page","link":"https:\/\/help.unhcr.org\/guatemala\/medios-de-vida-e-inclusion-economica\/solicitud-de-numero-de-identificacion-tributaria-nit\/","title":{"rendered":"Solicitud de N\u00famero de Identificaci\u00f3n Tributaria -NIT-"},"content":{"rendered":"\n<ul class=\"wp-block-list\">\n<li>El tr\u00e1mite puede realizarse en l\u00ednea si se cuenta con un usuario en la Agencia Virtual en la p\u00e1gina de la Superintendencia de Administraci\u00f3n Tributaria -SAT- <a href=\"https:\/\/portal.sat.gob.gt\/portal\/\" target=\"_blank\" rel=\"noreferrer noopener\">https:\/\/portal.sat.gob.gt\/portal\/<\/a> <\/li>\n\n\n\n<li>Tambi\u00e9n puedes acercarte a la agencia SAT m\u00e1s cercana y pedir ser inscrito como peque\u00f1o contribuyente, siguiendo los procesos establecidos para cada actividad comercial.<\/li>\n<\/ul>\n\n\n\n<p><strong>Requisitos:<\/strong><\/p>\n\n\n\n<ul class=\"wp-block-list\">\n<li>Hoja DPI Especial \u2013 RENAP (personas solicitantes de la condici\u00f3n de refugiado)<\/li>\n\n\n\n<li>Recibo de servicios (agua, luz o tel\u00e9fono) no mayor a 3 meses.<\/li>\n\n\n\n<li>DPI Extranjero Domiciliado (personas refugiadas)<\/li>\n\n\n\n<li>Recibo de servicios (agua, luz o tel\u00e9fono) no mayor a 3 meses.<\/li>\n<\/ul>\n\n\n\n<p><\/p>\n","protected":false},"excerpt":{"rendered":"<p>Requisitos:<\/p>\n","protected":false},"author":220,"featured_media":0,"parent":3336,"menu_order":5,"comment_status":"closed","ping_status":"closed","template":"page-templates\/listing_page.php","meta":{"_acf_changed":false,"footnotes":""},"class_list":["post-3350","page","type-page","status-publish","hentry"],"acf":[],"_links":{"self":[{"href":"https:\/\/help.unhcr.org\/guatemala\/wp-json\/wp\/v2\/pages\/3350","targetHints":{"allow":["GET"]}}],"collection":[{"href":"https:\/\/help.unhcr.org\/guatemala\/wp-json\/wp\/v2\/pages"}],"about":[{"href":"https:\/\/help.unhcr.org\/guatemala\/wp-json\/wp\/v2\/types\/page"}],"author":[{"embeddable":true,"href":"https:\/\/help.unhcr.org\/guatemala\/wp-json\/wp\/v2\/users\/220"}],"replies":[{"embeddable":true,"href":"https:\/\/help.unhcr.org\/guatemala\/wp-json\/wp\/v2\/comments?post=3350"}],"version-history":[{"count":3,"href":"https:\/\/help.unhcr.org\/guatemala\/wp-json\/wp\/v2\/pages\/3350\/revisions"}],"predecessor-version":[{"id":3463,"href":"https:\/\/help.unhcr.org\/guatemala\/wp-json\/wp\/v2\/pages\/3350\/revisions\/3463"}],"up":[{"embeddable":true,"href":"https:\/\/help.unhcr.org\/guatemala\/wp-json\/wp\/v2\/pages\/3336"}],"wp:attachment":[{"href":"https:\/\/help.unhcr.org\/guatemala\/wp-json\/wp\/v2\/media?parent=3350"}],"curies":[{"name":"wp","href":"https:\/\/api.w.org\/{rel}","templated":true}]}}