{"id":3339,"date":"2025-06-02T20:59:12","date_gmt":"2025-06-02T20:59:12","guid":{"rendered":"https:\/\/help.unhcr.org\/guatemala\/?page_id=3339"},"modified":"2025-06-11T20:11:25","modified_gmt":"2025-06-11T20:11:25","slug":"capacitacion","status":"publish","type":"page","link":"https:\/\/help.unhcr.org\/guatemala\/medios-de-vida-e-inclusion-economica\/capacitacion\/","title":{"rendered":"Capacitaci\u00f3n"},"content":{"rendered":"\n<h2 class=\"wp-block-heading has-vivid-cyan-blue-color has-text-color has-link-color wp-elements-f2d2a160b7bdadab5d8b9ecb94f24c8a\">Programa de Impacto Social de Coursera<\/h2>\n\n\n\n<p>Si eres una persona Refugiada o Solicitante de la Condici\u00f3n de Refugiado en Guatemala, puede solicitar al ACNUR <strong>acceso gratuito<\/strong>&nbsp;a todos los programas de estudios disponibles en&nbsp;la plataforma de educaci\u00f3n virtual <a href=\"https:\/\/www.coursera.org\/\" target=\"_blank\" rel=\"noreferrer noopener\">Coursera | Online Courses From Top Universities. Join for Free<\/a><\/p>\n\n\n\n<p class=\"has-vivid-cyan-blue-color has-text-color has-link-color wp-elements-061e8097d10a02d782d928b0a400604d\">&nbsp;&nbsp;<strong><\/strong><strong>\u00bfQu\u00e9 es Coursera?<\/strong><\/p>\n\n\n\n<p><strong>Coursera <\/strong>es una plataforma de formaci\u00f3n online que ofrece cursos de <strong>prestigiosas universidades <\/strong>e <strong>instituciones educativas de todo el mundo<\/strong>. Los cursos est\u00e1n disponibles en&nbsp;<strong>diversas \u00e1reas <\/strong>e <strong>idiomas<\/strong>&nbsp;Todos los programas de formaci\u00f3n son oficiales y otorgan un certificado de finalizaci\u00f3n.<\/p>\n\n\n\n<p class=\"has-vivid-cyan-blue-color has-text-color has-link-color wp-elements-15e1f4b051fa5b7da762ac309660d5ad\"><strong><\/strong><strong>\u00bfCu\u00e1l es el beneficio que ACNUR ofrece a las personas refugiadas y solicitantes de la condici\u00f3n de refugiado a trav\u00e9s de Coursera?<\/strong><\/p>\n\n\n\n<p>Los cursos y diplomados suelen requerir un pago para obtener el certificado de finalizaci\u00f3n, sin embargo,<strong> ACNUR <\/strong>y <strong>Coursera <\/strong>cuentan con un acuerdo desde el a\u00f1o 2016 que permite a personas refugiadas y solicitantes de la condici\u00f3n de refugio acceder de forma gratuita para mejorar el perfil, habilidades laborales o habilidades para la vida y competencias para mejorar las oportunidades en el acceso a empleo o autoempleo.<\/p>\n\n\n\n<p class=\"has-vivid-cyan-blue-color has-text-color has-link-color wp-elements-0074939bd3f6a0c6844fd0182e07f457\"><strong><\/strong><strong>\u00bfQu\u00e9 ofrece Coursera para las personas refugiados?<\/strong><\/p>\n\n\n\n<p>Se&nbsp;ofrece&nbsp;<strong>cursos (<\/strong>con una duraci\u00f3n de entre 4 y 6 semanas) y <strong>especializaciones&nbsp;<\/strong>(con una duraci\u00f3n&nbsp;de entre 4 y 6 meses). Son programas de estudio de calidad que otorgan certificados oficiales.<\/p>\n\n\n\n<p class=\"has-vivid-cyan-blue-color has-text-color has-link-color wp-elements-a11710a294698d3fa5d1af7fc91052e9\"><strong><\/strong><strong>\u00bfQui\u00e9n puede solicitar acceso a Coursera?<\/strong><\/p>\n\n\n\n<p>Para acceder al programa y tener acceso a cursos relacionados a:<\/p>\n\n\n\n<p>Artes y humanidades, gesti\u00f3n de negocios, marketing, estad\u00edsticas, inform\u00e1tica y tecnolog\u00eda, ciencias sociales, entre otros. Deber\u00e1s de contar con los siguientes requisitos:<\/p>\n\n\n\n<ul class=\"wp-block-list\">\n<li>Ser mayor de 16 a\u00f1os;<\/li>\n\n\n\n<li>Residir en Guatemala;<\/li>\n\n\n\n<li>DPI de Extranjero Domiciliado, DPI-Especial, Pasaporte;<\/li>\n\n\n\n<li>Acceso a una computadora, Tablet o celular;<\/li>\n\n\n\n<li>Acceso a internet;<\/li>\n\n\n\n<li>Ser Refugiado o solicitante de la condici\u00f3n de refugiado en Guatemala<\/li>\n<\/ul>\n\n\n\n<div class=\"wp-block-columns is-layout-flex wp-container-core-columns-is-layout-9d6595d7 wp-block-columns-is-layout-flex\">\n<div class=\"wp-block-column has-background is-layout-flow wp-block-column-is-layout-flow\" style=\"background-color:#e0e9fe\">\n<p class=\"has-text-align-center\">Para inscribirte al programa e iniciar tu formaci\u00f3n gratuita reg\u00edstrate en el siguiente formulario:<\/p>\n\n\n\n<div class=\"wp-block-buttons is-content-justification-center is-layout-flex wp-container-core-buttons-is-layout-16018d1d wp-block-buttons-is-layout-flex\">\n<div class=\"wp-block-button is-style-fill\"><a class=\"wp-block-button__link has-white-color has-vivid-cyan-blue-background-color has-text-color has-background has-link-color wp-element-button\" href=\"https:\/\/enketo.unhcr.org\/x\/CHjtuDo3\" target=\"_blank\" rel=\"noreferrer noopener\">\u00a1Reg\u00edstrate aqu\u00ed!<\/a><\/div>\n<\/div>\n<\/div>\n\n\n\n<div class=\"wp-block-column has-background is-layout-flow wp-block-column-is-layout-flow\" style=\"background-color:#e0e9fe\">\n<p class=\"has-text-align-center\">Si tienes alg\u00fan problema accediendo al formulario o alg\u00fan otro inconveniente para acceder al programa escribe al correo:<\/p>\n\n\n\n<p class=\"has-text-align-center\"><a href=\"mailto:guagumdv@unhcr.org\" target=\"_blank\" rel=\"noreferrer noopener\">guagumdv@unhcr.org<\/a><\/p>\n<\/div>\n<\/div>\n\n\n\n<p><\/p>\n\n\n\n<div class=\"wp-block-group\"><div class=\"wp-block-group__inner-container is-layout-constrained wp-block-group-is-layout-constrained\">\n<div class=\"wp-block-buttons is-horizontal is-content-justification-space-between is-nowrap is-layout-flex wp-container-core-buttons-is-layout-044bd602 wp-block-buttons-is-layout-flex\"><\/div>\n<\/div><\/div>\n\n\n\n<p><\/p>\n","protected":false},"excerpt":{"rendered":"<p>Programa de Impacto Social de Coursera Si eres una persona Refugiada o Solicitante de la Condici\u00f3n de Refugiado en Guatemala, puede solicitar al ACNUR acceso gratuito&nbsp;a todos los programas de estudios disponibles en&nbsp;la plataforma de educaci\u00f3n virtual Coursera | Online Courses From Top Universities. Join for Free &nbsp;&nbsp;\u00bfQu\u00e9 es Coursera? Coursera es una plataforma de [&hellip;]<\/p>\n","protected":false},"author":220,"featured_media":3390,"parent":3336,"menu_order":1,"comment_status":"closed","ping_status":"closed","template":"page-templates\/listing_page.php","meta":{"_acf_changed":false,"footnotes":""},"class_list":["post-3339","page","type-page","status-publish","has-post-thumbnail","hentry"],"acf":[],"_links":{"self":[{"href":"https:\/\/help.unhcr.org\/guatemala\/wp-json\/wp\/v2\/pages\/3339","targetHints":{"allow":["GET"]}}],"collection":[{"href":"https:\/\/help.unhcr.org\/guatemala\/wp-json\/wp\/v2\/pages"}],"about":[{"href":"https:\/\/help.unhcr.org\/guatemala\/wp-json\/wp\/v2\/types\/page"}],"author":[{"embeddable":true,"href":"https:\/\/help.unhcr.org\/guatemala\/wp-json\/wp\/v2\/users\/220"}],"replies":[{"embeddable":true,"href":"https:\/\/help.unhcr.org\/guatemala\/wp-json\/wp\/v2\/comments?post=3339"}],"version-history":[{"count":18,"href":"https:\/\/help.unhcr.org\/guatemala\/wp-json\/wp\/v2\/pages\/3339\/revisions"}],"predecessor-version":[{"id":3437,"href":"https:\/\/help.unhcr.org\/guatemala\/wp-json\/wp\/v2\/pages\/3339\/revisions\/3437"}],"up":[{"embeddable":true,"href":"https:\/\/help.unhcr.org\/guatemala\/wp-json\/wp\/v2\/pages\/3336"}],"wp:featuredmedia":[{"embeddable":true,"href":"https:\/\/help.unhcr.org\/guatemala\/wp-json\/wp\/v2\/media\/3390"}],"wp:attachment":[{"href":"https:\/\/help.unhcr.org\/guatemala\/wp-json\/wp\/v2\/media?parent=3339"}],"curies":[{"name":"wp","href":"https:\/\/api.w.org\/{rel}","templated":true}]}}