{"id":3336,"date":"2025-06-02T20:42:53","date_gmt":"2025-06-02T20:42:53","guid":{"rendered":"https:\/\/help.unhcr.org\/guatemala\/?page_id=3336"},"modified":"2025-10-02T15:08:35","modified_gmt":"2025-10-02T15:08:35","slug":"medios-de-vida-e-inclusion-economica","status":"publish","type":"page","link":"https:\/\/help.unhcr.org\/guatemala\/medios-de-vida-e-inclusion-economica\/","title":{"rendered":"Medios de Vida e Inclusi\u00f3n Econ\u00f3mica"},"content":{"rendered":"\n<p class=\"has-vivid-cyan-blue-color has-text-color has-link-color wp-elements-090c2a04925562c4d20efe4970d6450f\"><strong>\u00bfQu\u00e9 es medios de vida? <\/strong><\/p>\n\n\n\n<p>Para el ACNUR, los Medios de Vida se refiere a las actividades y servicios que permiten a las personas refugiadas, solicitantes de la condici\u00f3n de refugiado, y otras personas en movilidad humana, cubrir sus necesidades b\u00e1sicas y reconstruir su autonom\u00eda econ\u00f3mica con dignidad y seguridad. Fortaleciendo la autosuficiencia de estas personas, reduciendo su dependencia de la asistencia humanitaria y facilitando su inclusi\u00f3n socioecon\u00f3mica.<\/p>\n\n\n\n<p class=\"has-vivid-cyan-blue-color has-text-color has-link-color wp-elements-55dafc286befea80ea0478fba02b423c\"><strong>Objetivo de la estrategia de medios de vida del ACNUR:<\/strong><\/p>\n\n\n\n<p>La estrategia de medios de vida e inclusi\u00f3n econ\u00f3mica de ACNUR Guatemala tiene como objetivo principal lograr la autosuficiencia de las personas refugiadas y solicitantes de la condici\u00f3n de refugiado, buscando tambi\u00e9n el beneficio de las personas guatemaltecas vulnerables de las comunidades de acogida. Todo esto se desarrolla con enfoques de edad, g\u00e9nero y diversidad, prestando especial atenci\u00f3n a grupos vulnerables como mujeres jefas de hogar, personas con discapacidad, j\u00f3venes y adultos mayores.&nbsp;&nbsp;&nbsp;&nbsp;&nbsp;<\/p>\n\n\n\n<p class=\"has-vivid-cyan-blue-color has-text-color has-link-color wp-elements-6b8fb79cf4561cfc1c1885bcac998d78\"><strong>Servicios&nbsp;&nbsp;<\/strong><\/p>\n\n\n\n<p>ACNUR, en el marco de su programa de medios de vida, brinda asistencia t\u00e9cnica y orientaci\u00f3n para apoyar la inclusi\u00f3n socioecon\u00f3mica de personas refugiadas y solicitantes de asilo. En coordinaci\u00f3n con instituciones nacionales, se ofrece informaci\u00f3n sobre c\u00f3mo obtener documentaci\u00f3n habilitante para el trabajo, as\u00ed como acceso a capacitaciones a trav\u00e9s de plataformas digitales.<\/p>\n\n\n\n<p>Asimismo, se proporciona asesor\u00eda para personas emprendedoras interesadas en formalizar sus negocios y acceder a servicios municipales en el marco de la iniciativa Ciudades Solidarias <a href=\"https:\/\/www.acnur.org\/que-hacemos\/construir-un-futuro-mejor\/ciudades-solidarias\" target=\"_blank\" rel=\"noreferrer noopener\">Ciudades Solidarias | ACNUR<\/a>. Tambi\u00e9n se brinda informaci\u00f3n sobre d\u00f3nde y c\u00f3mo abrir una cuenta bancaria, obtener el NIT, y otros tr\u00e1mites relacionados.<\/p>\n\n\n\n<p class=\"has-black-color has-text-color has-link-color wp-elements-2842281ea08758d9aff26cb75f6a7b18\">Puede encontrar m\u00e1s detalles sobre cada tr\u00e1mite en las casillas informativas a continuaci\u00f3n, seg\u00fan lo que necesite. Si tiene dudas, necesitas un modelo para hacer tu curriculum, estas interesado en una oportunidad laboral o requiere orientaci\u00f3n adicional, puede contactarnos:<\/p>\n\n\n\n<p><strong>Atenci\u00f3n telef\u00f3nica:<\/strong> +502 37217794 <a href=\"https:\/\/api.whatsapp.com\/send\/?phone=50237217794&amp;text&amp;type=phone_number&amp;app_absent=0\">Escribenos en WhatsApp<\/a> <img loading=\"lazy\" decoding=\"async\" width=\"25\" height=\"26\" class=\"wp-image-568\" src=\"https:\/\/help.unhcr.org\/guatemala\/wp-content\/uploads\/sites\/23\/2021\/12\/MicrosoftTeams-image-2.png\" alt=\"\"><br><strong>Correo electr\u00f3nico:<\/strong> guagumdv@unhcr.org<br><strong>Horario:<\/strong> lunes a jueves de 8:00 am a 5:00 pm y viernes de 08:00 am a 15:00 pm<\/p>\n\n\n\n<p class=\"has-black-color has-text-color has-link-color wp-elements-9ac00cf961d1ea846fe5a532228b76c6\"><\/p>\n\n\n\n<p><\/p>\n","protected":false},"excerpt":{"rendered":"<p>\u00bfQu\u00e9 es medios de vida? Para el ACNUR, los Medios de Vida se refiere a las actividades y servicios que permiten a las personas refugiadas, solicitantes de la condici\u00f3n de refugiado, y otras personas en movilidad humana, cubrir sus necesidades b\u00e1sicas y reconstruir su autonom\u00eda econ\u00f3mica con dignidad y seguridad. Fortaleciendo la autosuficiencia de estas [&hellip;]<\/p>\n","protected":false},"author":220,"featured_media":0,"parent":0,"menu_order":6,"comment_status":"closed","ping_status":"closed","template":"page-templates\/listing_page.php","meta":{"_acf_changed":false,"footnotes":""},"class_list":["post-3336","page","type-page","status-publish","hentry"],"acf":[],"_links":{"self":[{"href":"https:\/\/help.unhcr.org\/guatemala\/wp-json\/wp\/v2\/pages\/3336","targetHints":{"allow":["GET"]}}],"collection":[{"href":"https:\/\/help.unhcr.org\/guatemala\/wp-json\/wp\/v2\/pages"}],"about":[{"href":"https:\/\/help.unhcr.org\/guatemala\/wp-json\/wp\/v2\/types\/page"}],"author":[{"embeddable":true,"href":"https:\/\/help.unhcr.org\/guatemala\/wp-json\/wp\/v2\/users\/220"}],"replies":[{"embeddable":true,"href":"https:\/\/help.unhcr.org\/guatemala\/wp-json\/wp\/v2\/comments?post=3336"}],"version-history":[{"count":10,"href":"https:\/\/help.unhcr.org\/guatemala\/wp-json\/wp\/v2\/pages\/3336\/revisions"}],"predecessor-version":[{"id":3535,"href":"https:\/\/help.unhcr.org\/guatemala\/wp-json\/wp\/v2\/pages\/3336\/revisions\/3535"}],"wp:attachment":[{"href":"https:\/\/help.unhcr.org\/guatemala\/wp-json\/wp\/v2\/media?parent=3336"}],"curies":[{"name":"wp","href":"https:\/\/api.w.org\/{rel}","templated":true}]}}