{"id":2782,"date":"2024-07-29T16:41:27","date_gmt":"2024-07-29T16:41:27","guid":{"rendered":"https:\/\/help.unhcr.org\/guatemala\/?page_id=2782"},"modified":"2025-02-12T17:34:11","modified_gmt":"2025-02-12T17:34:11","slug":"donde-buscar-ayuda-si-estoy-sufriendo-violencia","status":"publish","type":"page","link":"https:\/\/help.unhcr.org\/guatemala\/violencia-de-genero\/donde-buscar-ayuda-si-estoy-sufriendo-violencia\/","title":{"rendered":"\u00bfDonde buscar ayuda si estoy sufriendo violencia?"},"content":{"rendered":"\n<p><strong>A continuaci\u00f3n, encuentra informaci\u00f3n relevante de instituciones p\u00fablicas que pueden informarte y auxiliarte durante una emergencia, o en seguimiento a una solicitud de asistencia:<\/strong><\/p>\n\n\n\n<p><strong>Polic\u00eda Nacional Civil:\u00a0<\/strong><\/p>\n\n\n\n<ul class=\"wp-block-list\">\n<li>Llama al tel\u00e9fono 110 para buscar ayuda y solicitar auxilio inmediato de sus oficiales.<\/li>\n<\/ul>\n\n\n\n<p><strong>Ministerio P\u00fablico<\/strong><\/p>\n\n\n\n<ul class=\"wp-block-list\">\n<li>Para atenci\u00f3n a la v\u00edctima\u00a0llama al tel\u00e9fono 1572<\/li>\n\n\n\n<li>Ingresa a <a href=\"https:\/\/ayuda.gt\/directorio\/perfil?id=E85114EE-A4D2-4E51-94A2-82C6BA3B3D46\">ayuda.gt<\/a>\u00a0 para encontrar informaci\u00f3n sobre que puedes hacer si t\u00fa o alguien est\u00e1 sufriendo alg\u00fan tipo de violencia.<\/li>\n\n\n\n<li>Para reportar casos de\u00a0embarazos en ni\u00f1as\u00a0y\u00a0adolescentes menores\u00a0de 14 a\u00f1os puedes comunicarte al tel\u00e9fono\u00a0+502 2411-8686.<\/li>\n<\/ul>\n\n\n\n<p><strong>Organismo Judicial:<\/strong><\/p>\n\n\n\n<ul class=\"wp-block-list\">\n<li>Acude a cualquier juzgado de tu localidad o llama al 1549<\/li>\n<\/ul>\n\n\n\n<p><strong>Juzgado de Femicidio y Otras Formas de Violencia contra la Mujer:\u00a0<\/strong><\/p>\n\n\n\n<ul class=\"wp-block-list\">\n<li>Para contactarte con la Unidad de control, seguimiento y evaluaci\u00f3n de los \u00f3rganos especializados en femicidio y otras formas de violencia contra la mujer, llama al +502 2426-7000\u00a0Ext. 2432 o comun\u00edcate al correo electr\u00f3nico <a href=\"mailto:justiciaviolenciamujeres@oj.gob.gt\">justiciaviolenciamujeres@oj.gob.gt<\/a><\/li>\n<\/ul>\n\n\n\n<p><strong>Procuradur\u00eda General de la Naci\u00f3n<\/strong><\/p>\n\n\n\n<ul class=\"wp-block-list\">\n<li>Profesionales de la Procuradur\u00eda podr\u00e1n recibir tu denuncia y solicitar\u00e1n las medidas de protecci\u00f3n necesarias ante un juzgado.<\/li>\n\n\n\n<li>Si necesitas apoyo legal puedes acercarte a la Unidad de la Mujer o llamar al tel\u00e9fono\u00a0+502 2414-8787\u00a0Ext. 2020 o al\u00a0+502 4996-3764. <\/li>\n<\/ul>\n\n\n\n<h2 class=\"wp-block-heading\">Centros especializados en respuesta a sobrevivientes de VG:<\/h2>\n\n\n\n<p><strong>Centros de Apoyo Integral para Mujeres Sobrevivientes de Violencia (CAIMUS):\u00a0<\/strong><\/p>\n\n\n\n<p><strong>CAIMUS GUATEMALA<\/strong><br>Tel\u00e9fonos: +502 2507-1010 y +502 2220-8628<br>Tel\u00e9fono de emergencia: +502 4037-2074<br>Direcci\u00f3n: 7a. Avenida 1-11 Zona 2, Guatemala.<br>Correos electr\u00f3nicos:\u00a0 <a href=\"mailto:ggmcaimuguate@gmail.com\">ggmcaimuguate@gmail.com<\/a> y <a href=\"mailto:caimusguatemala@ggm.org.gt\">caimusguatemala@ggm.org.gt<\/a><\/p>\n\n\n\n<p><strong>GGM-CAIMUS RABINAL<\/strong><br>Tel\u00e9fonos: +502 79388979, +502 79388980 y +502 42180284<br>Tel\u00e9fono de emergencia: 4066-6125<br>Direcci\u00f3n: 2a. Avenida. 2-22 Zona 1, Rabinal, Baja Verapaz.<br>Correos electr\u00f3nicos: \u00a0<a href=\"mailto:ggmcaimurabinalbajaverapaz@gmail.com\">ggmcaimurabinalbajaverapaz@gmail.com<\/a> y <a href=\"mailto:caimusrabinal@ggm.org.gt\">caimusrabinal@ggm.org.gt<\/a><\/p>\n\n\n\n<p><strong>GGM-CAIMUS ESCUINTLA<\/strong><br>Tel\u00e9fonos: +502 7889-3898, +502 7889-3895 y +502 7889-9952<br>Tel\u00e9fonos de emergencia: +502 4216-1070<br>Direcci\u00f3n: 2a. Calle 1-27 Zona 3 Colonia Las Golondrinas, Escuintla.<br>Correos electr\u00f3nicos: \u00a0<a href=\"mailto:ggmescuintla@gmail.com\">ggmescuintla@gmail.com<\/a> y <a href=\"mailto:caimusescuintla@ggm.org.gt\">caimusescuintla@ggm.org.gt<\/a><\/p>\n\n\n\n<p><strong>GGM-CAIMUS SUCHITEPEQUEZ<\/strong><br>Tel\u00e9fono: +502 7867-9511<br>Tel\u00e9fono de emergencia: +502 4616-5681<br>Direcci\u00f3n: 3a. Avenida 1-42 Zona 2, Residenciales El Relicario Mazatenango, Suchitep\u00e9quez<br>Correos electr\u00f3nicos: \u00a0<a href=\"mailto:ggmcaimusuchi@gmail.com\">ggmcaimusuchi@gmail.com<\/a> y <a href=\"mailto:caimussuchi@ggm.org.gt\">caimussuchi@ggm.org.gt<\/a><\/p>\n\n\n\n<h2 class=\"wp-block-heading\">Otras Organizaciones<\/h2>\n\n\n\n<p><strong>Centro de atenci\u00f3n integral para mujeres (CAIM) Huehuetenango<\/strong><br>Direcci\u00f3n: Cant\u00f3n Recuerdo, Santa Ana Huista, Huehuetenango, Guatemala<\/p>\n\n\n\n<p><strong>Fundaci\u00f3n Sobrevivientes<\/strong><br>Tel\u00e9fono: +502 2245 3000<br>Direcci\u00f3n: 12 calle 11-63 zona 1, Ciudad Guatemala<br>Correo electr\u00f3nico: <a href=\"mailto:sobrevivientes@sobrevivientes.org\">sobrevivientes@sobrevivientes.org<\/a><\/p>\n\n\n\n<p><strong>Mujer de prop\u00f3sito -ADIFAG-<\/strong><br>Tel\u00e9fono: +502 7934 2900\u00a0<br>Direcci\u00f3n: Zona 10, Huehuetenango<br>Correo electr\u00f3nico: \u00a0<a href=\"mailto:mujer_proposito@hotmail.com\">mujer_proposito@hotmail.com<\/a><\/p>\n\n\n\n<h2 class=\"wp-block-heading\">Atenci\u00f3n para ni\u00f1os, ni\u00f1as y adolescentes en situaciones de violencia<\/h2>\n\n\n\n<p><strong>Procuradur\u00eda General de la Naci\u00f3n<\/strong><br>Tel\u00e9fono de Procuradur\u00eda de la ni\u00f1ez y Adolescencia: +502 3758 7024<br>PBX: 1584 ext. 6012 y 6017<br>Direcci\u00f3n: 15 avenida 9-69 zona 13, Ciudad Guatemala<\/p>\n\n\n\n<h2 class=\"wp-block-heading\">Asistencia en salud<\/h2>\n\n\n\n<p><strong>Cuerpo de Bomberos Municipales<\/strong><br>Tel\u00e9fono emergencias: 123<\/p>\n\n\n\n<p><strong>Cuerpo de Bomberos Voluntarios<\/strong><br>Tel\u00e9fono emergencias: 122<\/p>\n\n\n\n<p><strong>Cruz Roja Guatemalteca<\/strong><br>Tel\u00e9fonos 24\/7<br>PBX: +502 2381-6565 \/ 66<br>L\u00ednea de Emergencias: 125<br>Direcci\u00f3n: Sede central 3a. Calle 8-40 zona 1 de Ciudad de Guatemala<br><a href=\"https:\/\/www.cruzroja.gt\/delegaciones-2\/#Centro%20GT\">Delegaciones a nivel nacional<\/a><\/p>\n\n\n\n<p><strong>L\u00ednea nacional de informaci\u00f3n sobre VIH y sida<\/strong><br>Tel\u00e9fono: 1540 \u00a0<br>Atenci\u00f3n confidencial y an\u00f3nima<\/p>\n\n\n\n<p><strong>Hospitales nacionales, centros o puestos de salud de tu comunidad.<\/strong><\/p>\n\n\n\n<p><\/p>\n","protected":false},"excerpt":{"rendered":"<p>A continuaci\u00f3n, encuentra informaci\u00f3n relevante de instituciones p\u00fablicas que pueden informarte y auxiliarte durante una emergencia, o en seguimiento a una solicitud de asistencia: Polic\u00eda Nacional Civil:\u00a0 Ministerio P\u00fablico Organismo Judicial: Juzgado de Femicidio y Otras Formas de Violencia contra la Mujer:\u00a0 Procuradur\u00eda General de la Naci\u00f3n Centros especializados en respuesta a sobrevivientes de VG: [&hellip;]<\/p>\n","protected":false},"author":475,"featured_media":0,"parent":2711,"menu_order":0,"comment_status":"closed","ping_status":"closed","template":"","meta":{"_acf_changed":false,"footnotes":""},"class_list":["post-2782","page","type-page","status-publish","hentry"],"acf":[],"_links":{"self":[{"href":"https:\/\/help.unhcr.org\/guatemala\/wp-json\/wp\/v2\/pages\/2782","targetHints":{"allow":["GET"]}}],"collection":[{"href":"https:\/\/help.unhcr.org\/guatemala\/wp-json\/wp\/v2\/pages"}],"about":[{"href":"https:\/\/help.unhcr.org\/guatemala\/wp-json\/wp\/v2\/types\/page"}],"author":[{"embeddable":true,"href":"https:\/\/help.unhcr.org\/guatemala\/wp-json\/wp\/v2\/users\/475"}],"replies":[{"embeddable":true,"href":"https:\/\/help.unhcr.org\/guatemala\/wp-json\/wp\/v2\/comments?post=2782"}],"version-history":[{"count":9,"href":"https:\/\/help.unhcr.org\/guatemala\/wp-json\/wp\/v2\/pages\/2782\/revisions"}],"predecessor-version":[{"id":3288,"href":"https:\/\/help.unhcr.org\/guatemala\/wp-json\/wp\/v2\/pages\/2782\/revisions\/3288"}],"up":[{"embeddable":true,"href":"https:\/\/help.unhcr.org\/guatemala\/wp-json\/wp\/v2\/pages\/2711"}],"wp:attachment":[{"href":"https:\/\/help.unhcr.org\/guatemala\/wp-json\/wp\/v2\/media?parent=2782"}],"curies":[{"name":"wp","href":"https:\/\/api.w.org\/{rel}","templated":true}]}}