{"id":2711,"date":"2024-02-29T08:11:47","date_gmt":"2024-02-29T08:11:47","guid":{"rendered":"https:\/\/help.unhcr.org\/guatemala\/?page_id=2711"},"modified":"2025-02-12T20:55:31","modified_gmt":"2025-02-12T20:55:31","slug":"violencia-de-genero","status":"publish","type":"page","link":"https:\/\/help.unhcr.org\/guatemala\/violencia-de-genero\/","title":{"rendered":"Atenci\u00f3n para personas en situaciones de violencia"},"content":{"rendered":"\n<h2 class=\"wp-block-heading\">\u00bfSabes que es la violencia?<\/h2>\n\n\n\n<p>La violencia es cualquier acci\u00f3n o amenaza que cause da\u00f1o f\u00edsico, psicol\u00f3gico o emocional a una persona. Puede manifestarse en distintos \u00e1mbitos, como el hogar, el trabajo, los espacios p\u00fablicos o digitales.<\/p>\n\n\n\n<p>La violencia  afecta de manera desproporcionada a mujeres y ni\u00f1as, sin embargo, los hombres y los ni\u00f1os tambi\u00e9n pueden ser v\u00edctimas, especialmente en zonas de conflicto o relaciones abusivas. En algunas ocasiones, los agresores suelen ser personas cercanas, lo que dificulta a\u00fan m\u00e1s la denuncia y la protecci\u00f3n de las sobrevivientes.<\/p>\n\n\n\n<p>Al crear espacios seguros y sistemas de apoyo, podemos ayudar a todas las sobrevivientes de violencia\u2014ya sean mujeres, ni\u00f1as, hombres o ni\u00f1os\u2014a reconstruir sus vidas y acceder a la justicia.<\/p>\n","protected":false},"excerpt":{"rendered":"<p>\u00bfSabes que es la violencia? La violencia es cualquier acci\u00f3n o amenaza que cause da\u00f1o f\u00edsico, psicol\u00f3gico o emocional a una persona. Puede manifestarse en distintos \u00e1mbitos, como el hogar, el trabajo, los espacios p\u00fablicos o digitales. La violencia afecta de manera desproporcionada a mujeres y ni\u00f1as, sin embargo, los hombres y los ni\u00f1os tambi\u00e9n [&hellip;]<\/p>\n","protected":false},"author":355,"featured_media":0,"parent":0,"menu_order":6,"comment_status":"closed","ping_status":"closed","template":"page-templates\/listing_page.php","meta":{"_acf_changed":false,"footnotes":""},"class_list":["post-2711","page","type-page","status-publish","hentry"],"acf":[],"_links":{"self":[{"href":"https:\/\/help.unhcr.org\/guatemala\/wp-json\/wp\/v2\/pages\/2711","targetHints":{"allow":["GET"]}}],"collection":[{"href":"https:\/\/help.unhcr.org\/guatemala\/wp-json\/wp\/v2\/pages"}],"about":[{"href":"https:\/\/help.unhcr.org\/guatemala\/wp-json\/wp\/v2\/types\/page"}],"author":[{"embeddable":true,"href":"https:\/\/help.unhcr.org\/guatemala\/wp-json\/wp\/v2\/users\/355"}],"replies":[{"embeddable":true,"href":"https:\/\/help.unhcr.org\/guatemala\/wp-json\/wp\/v2\/comments?post=2711"}],"version-history":[{"count":12,"href":"https:\/\/help.unhcr.org\/guatemala\/wp-json\/wp\/v2\/pages\/2711\/revisions"}],"predecessor-version":[{"id":3292,"href":"https:\/\/help.unhcr.org\/guatemala\/wp-json\/wp\/v2\/pages\/2711\/revisions\/3292"}],"wp:attachment":[{"href":"https:\/\/help.unhcr.org\/guatemala\/wp-json\/wp\/v2\/media?parent=2711"}],"curies":[{"name":"wp","href":"https:\/\/api.w.org\/{rel}","templated":true}]}}