{"id":2516,"date":"2023-06-20T15:05:24","date_gmt":"2023-06-20T15:05:24","guid":{"rendered":"https:\/\/help.unhcr.org\/guatemala\/?page_id=2516"},"modified":"2025-02-06T15:49:14","modified_gmt":"2025-02-06T15:49:14","slug":"como-reportar-fraude-o-corrupcion","status":"publish","type":"page","link":"https:\/\/help.unhcr.org\/guatemala\/como-reportar-fraude-o-corrupcion\/","title":{"rendered":"C\u00f3mo reportar fraude o corrupci\u00f3n"},"content":{"rendered":"\n<h3 class=\"wp-block-heading\"><strong>\u00bfQu\u00e9 es el fraude?<\/strong><\/h3>\n\n\n\n<p>El fraude es cualquier acto, omisi\u00f3n, o manipulaci\u00f3n de un hecho con la intenci\u00f3n de enga\u00f1ar para obtener un beneficio personal o para un tercero.<\/p>\n\n\n\n<h3 class=\"wp-block-heading\"><strong>\u00a1No te dejes enga\u00f1ar! \u00a1No caigas en falsas promesas!<\/strong><\/h3>\n\n\n\n<p>Si alguna persona en nombre de ACNUR o de sus socios te ofrece apoyo para salir del pa\u00eds, tales como obtenci\u00f3n de documentos, apoyo monetario, solicitud de dinero o favores, podr\u00edas estar siendo sujeto de promesas falsas y fraudulentas. <\/p>\n\n\n\n<p><strong>Mantente alerta:<\/strong> estas ofertas pueden presentarse en persona o a trav\u00e9s de redes sociales, incluidas Facebook, YouTube, WhatsApp, Twitter y TikTok. <\/p>\n\n\n\n<p><strong>Recuerda:<\/strong> Los funcionarios de ACNUR y nuestros socios se encuentran debidamente identificados. En caso de duda y antes de compartir tu informaci\u00f3n personal, solicita ver una identificaci\u00f3n. Si sospechas que es falsa, <strong>\u00a1den\u00fancialo!<\/strong><\/p>\n\n\n\n<figure class=\"wp-block-image size-large\"><img loading=\"lazy\" decoding=\"async\" width=\"722\" height=\"1024\" src=\"https:\/\/help.unhcr.org\/guatemala\/wp-content\/uploads\/sites\/23\/2023\/06\/Afiche-Antifraude_Help-2-722x1024.jpg\" alt=\"No a la corrupci\u00f3n, no al fraude, no al soborno.\n\nLos servicios proporcionados por ACNUR y sus socios son gratuitos.\n\" class=\"wp-image-2544\" srcset=\"https:\/\/help.unhcr.org\/guatemala\/wp-content\/uploads\/sites\/23\/2023\/06\/Afiche-Antifraude_Help-2-722x1024.jpg 722w, https:\/\/help.unhcr.org\/guatemala\/wp-content\/uploads\/sites\/23\/2023\/06\/Afiche-Antifraude_Help-2-212x300.jpg 212w, https:\/\/help.unhcr.org\/guatemala\/wp-content\/uploads\/sites\/23\/2023\/06\/Afiche-Antifraude_Help-2-768x1089.jpg 768w, https:\/\/help.unhcr.org\/guatemala\/wp-content\/uploads\/sites\/23\/2023\/06\/Afiche-Antifraude_Help-2-1083x1536.jpg 1083w, https:\/\/help.unhcr.org\/guatemala\/wp-content\/uploads\/sites\/23\/2023\/06\/Afiche-Antifraude_Help-2-1444x2048.jpg 1444w, https:\/\/help.unhcr.org\/guatemala\/wp-content\/uploads\/sites\/23\/2023\/06\/Afiche-Antifraude_Help-2-scaled.jpg 1805w\" sizes=\"auto, (max-width: 722px) 100vw, 722px\" \/><figcaption class=\"wp-element-caption\">Imagen con informaci\u00f3n antifraude y el n\u00famero de nuestro chat de WhatsApp automatizado.<\/figcaption><\/figure>\n\n\n\n<h3 class=\"wp-block-heading\"><strong>Reporta comportamientos irregulares<\/strong><\/h3>\n\n\n\n<p>Si conoces o sospechas de alguna situaci\u00f3n de fraude, corrupci\u00f3n, soborno, robo o malversaci\u00f3n de fondos por parte de funcionarios de ACNUR o nuestros socios, rep\u00f3rtalo a trav\u00e9s de nuestros <strong>canales oficiales y confidenciales:<\/strong><\/p>\n\n\n\n<ul class=\"wp-block-list\">\n<li>Buz\u00f3n de quejas y retroalimentaci\u00f3n disponibles en nuestras oficinas<\/li>\n\n\n\n<li>Correo electr\u00f3nico: <a href=\"mailto:guaguantifraude@unhcr.org\">guaguantifraude@unhcr.org<\/a><\/li>\n<\/ul>\n\n\n\n<p>Tambi\u00e9n est\u00e1 a tu disposici\u00f3n la <strong>Oficina del Inspector General de ACNUR<\/strong><\/p>\n\n\n\n<ul class=\"wp-block-list\">\n<li>Correo electr\u00f3nico: <a href=\"mailto:inspector@unhcr.org\">inspector@unhcr.org<\/a><\/li>\n\n\n\n<li>Fax confidencial: <a href=\"fax:41227397380\">(+41 22) 739 7380<\/a><\/li>\n\n\n\n<li><a href=\"https:\/\/www.unhcr.org\/igo-complaints.html\">Formulario en l\u00ednea<\/a>&nbsp;<\/li>\n<\/ul>\n\n\n\n<p>En ACNUR nos tomamos <strong>seriamente<\/strong> las acusaciones de mala conducta por parte de nuestro personal o el de nuestros socios.<\/p>\n\n\n\n<p><\/p>\n","protected":false},"excerpt":{"rendered":"<p>\u00bfQu\u00e9 es el fraude? El fraude es cualquier acto, omisi\u00f3n, o manipulaci\u00f3n de un hecho con la intenci\u00f3n de enga\u00f1ar para obtener un beneficio personal o para un tercero. \u00a1No te dejes enga\u00f1ar! \u00a1No caigas en falsas promesas! Si alguna persona en nombre de ACNUR o de sus socios te ofrece apoyo para salir del [&hellip;]<\/p>\n","protected":false},"author":355,"featured_media":0,"parent":0,"menu_order":7,"comment_status":"closed","ping_status":"closed","template":"page-templates\/listing_page.php","meta":{"_acf_changed":false,"footnotes":""},"class_list":["post-2516","page","type-page","status-publish","hentry"],"acf":[],"_links":{"self":[{"href":"https:\/\/help.unhcr.org\/guatemala\/wp-json\/wp\/v2\/pages\/2516","targetHints":{"allow":["GET"]}}],"collection":[{"href":"https:\/\/help.unhcr.org\/guatemala\/wp-json\/wp\/v2\/pages"}],"about":[{"href":"https:\/\/help.unhcr.org\/guatemala\/wp-json\/wp\/v2\/types\/page"}],"author":[{"embeddable":true,"href":"https:\/\/help.unhcr.org\/guatemala\/wp-json\/wp\/v2\/users\/355"}],"replies":[{"embeddable":true,"href":"https:\/\/help.unhcr.org\/guatemala\/wp-json\/wp\/v2\/comments?post=2516"}],"version-history":[{"count":20,"href":"https:\/\/help.unhcr.org\/guatemala\/wp-json\/wp\/v2\/pages\/2516\/revisions"}],"predecessor-version":[{"id":3270,"href":"https:\/\/help.unhcr.org\/guatemala\/wp-json\/wp\/v2\/pages\/2516\/revisions\/3270"}],"wp:attachment":[{"href":"https:\/\/help.unhcr.org\/guatemala\/wp-json\/wp\/v2\/media?parent=2516"}],"curies":[{"name":"wp","href":"https:\/\/api.w.org\/{rel}","templated":true}]}}