{"id":2319,"date":"2023-06-07T00:24:35","date_gmt":"2023-06-07T00:24:35","guid":{"rendered":"https:\/\/help.unhcr.org\/guatemala\/?page_id=2319"},"modified":"2025-02-12T16:49:43","modified_gmt":"2025-02-12T16:49:43","slug":"instituciones-nacionales-con-las-que-trabajamos","status":"publish","type":"page","link":"https:\/\/help.unhcr.org\/guatemala\/acnur-en-guatemala-2\/instituciones-nacionales-con-las-que-trabajamos\/","title":{"rendered":"Instituciones nacionales con las que trabajamos"},"content":{"rendered":"\n<p>ACNUR coopera con algunas instituciones p\u00fablicas que pueden brindarte<strong> servicios de protecci\u00f3n e informaci\u00f3n<\/strong>. Te las presentamos a continuaci\u00f3n.<\/p>\n\n\n\n<h3 class=\"wp-block-heading\"><strong>Departamento de Reconocimiento de Estatus de Refugiado (DRER) <\/strong><img loading=\"lazy\" decoding=\"async\" width=\"297\" height=\"170\" class=\"wp-image-2320\" style=\"width: 80px\" src=\"https:\/\/help.unhcr.org\/guatemala\/wp-content\/uploads\/sites\/23\/2023\/06\/Logo-IGM.png\" alt=\"Instituto Guatemalteco de Migraci\u00f3n\"><\/h3>\n\n\n\n<p>Es un departamento del Instituto Guatemalteco de Migraci\u00f3n, y es la autoridad encargada de recibir las solicitudes y acompa\u00f1ar a las personas que necesitan protecci\u00f3n internacional en su proceso de reconocimiento bajo la condici\u00f3n de refugiado. Trabaja junto a la Comisi\u00f3n Nacional para Refugiados (CONARE).<\/p>\n\n\n\n<p><strong>Contacto<\/strong><\/p>\n\n\n\n<ul class=\"wp-block-list\">\n<li>Direcci\u00f3n: 7\u00aa Avenida, 14-44, Zona 9, Edificio La Galer\u00eda, Oficina 15B, segundo nivel, Ciudad de Guatemala<\/li>\n\n\n\n<li>Tel\u00e9fono: <a href=\"tel:50222317200\">(+502) 2231-7200<\/a><\/li>\n\n\n\n<li>Web: <a href=\"https:\/\/igm.gob.gt\/refugio-en-guatemala\/\" data-type=\"URL\" data-id=\"https:\/\/igm.gob.gt\/refugio-en-guatemala\/\" target=\"_blank\" rel=\"noreferrer noopener\">Conoce m\u00e1s sobre el DRER.<\/a><\/li>\n<\/ul>\n\n\n\n<h3 class=\"wp-block-heading\"><strong>Procuradur\u00eda de Derechos Humanos (PDH)<\/strong> <img loading=\"lazy\" decoding=\"async\" width=\"400\" height=\"400\" class=\"wp-image-2330\" style=\"width: 80px\" src=\"https:\/\/help.unhcr.org\/guatemala\/wp-content\/uploads\/sites\/23\/2023\/06\/PDH.jpg\" alt=\"Procuradur\u00eda de Derechos Humanos\" srcset=\"https:\/\/help.unhcr.org\/guatemala\/wp-content\/uploads\/sites\/23\/2023\/06\/PDH.jpg 400w, https:\/\/help.unhcr.org\/guatemala\/wp-content\/uploads\/sites\/23\/2023\/06\/PDH-300x300.jpg 300w, https:\/\/help.unhcr.org\/guatemala\/wp-content\/uploads\/sites\/23\/2023\/06\/PDH-150x150.jpg 150w\" sizes=\"auto, (max-width: 400px) 100vw, 400px\" \/><\/h3>\n\n\n\n<p>Es la instituci\u00f3n encargada de velar por el respeto y cumplimiento de los derechos de las personas. Puedes contactar a la PDH si has sufrido alg\u00fan tipo de violaci\u00f3n a tus Derechos Humanos.<\/p>\n\n\n\n<p><strong>Contacto<\/strong><\/p>\n\n\n\n<ul class=\"wp-block-list\">\n<li>Tel\u00e9fono para hacer denuncias: 1555<\/li>\n\n\n\n<li>Tel\u00e9fono para informaci\u00f3n: <a href=\"tel:50224241717\">(+502) 2424-1717<\/a><\/li>\n\n\n\n<li>Web: <a href=\"https:\/\/www.pdh.org.gt\/\" data-type=\"URL\" data-id=\"https:\/\/www.pdh.org.gt\/\" target=\"_blank\" rel=\"noreferrer noopener\">Conoce m\u00e1s sobre la PDH.<\/a><\/li>\n\n\n\n<li>Correo electr\u00f3nico para hacer denuncias: <a href=\"mailto:denuncias@pdh.org.gt\">denuncias@pdh.org.gt<\/a><\/li>\n<\/ul>\n\n\n\n<p><\/p>\n\n\n\n<h3 class=\"wp-block-heading\"><strong>Procuradur\u00eda General de la Naci\u00f3n (PGN) <\/strong><img loading=\"lazy\" decoding=\"async\" width=\"105\" height=\"48\" class=\"wp-image-2387\" style=\"width: 90px\" src=\"https:\/\/help.unhcr.org\/guatemala\/wp-content\/uploads\/sites\/23\/2023\/06\/Logo-PGN.png\" alt=\"Procuradur\u00eda General de la Naci\u00f3n\"><\/h3>\n\n\n\n<p>Es la instituci\u00f3n responsable de defender los intereses del Estado y dar asesor\u00eda jur\u00eddica a la poblaci\u00f3n. ACNUR trabaja con la PGN brindando atenci\u00f3n, protecci\u00f3n y resguardo a favor de la ni\u00f1ez y adolescencia que carecen de un representante legal, y que han sido v\u00edctimas de amenaza o violaci\u00f3n a sus Derechos Humanos. Promovemos procesos de protecci\u00f3n ante los \u00f3rganos jurisdiccionales competentes.<\/p>\n\n\n\n<ul class=\"wp-block-list\">\n<li>Tel\u00e9fono: 1584<\/li>\n\n\n\n<li>Web: <a href=\"https:\/\/pgn.gob.gt\/\" data-type=\"URL\" data-id=\"https:\/\/pgn.gob.gt\/\" target=\"_blank\" rel=\"noreferrer noopener\">Puedes conocer m\u00e1s sobre la PGN.<\/a><\/li>\n<\/ul>\n\n\n\n<p><\/p>\n\n\n\n<h3 class=\"wp-block-heading\"><strong>Secretar\u00eda contra la Violencia Sexual, Explotaci\u00f3n y Trata de Personas (SVET)<\/strong> <img loading=\"lazy\" decoding=\"async\" width=\"1280\" height=\"454\" class=\"wp-image-2334\" style=\"width: 200px\" src=\"https:\/\/help.unhcr.org\/guatemala\/wp-content\/uploads\/sites\/23\/2023\/06\/Logo-SVET.jpeg\" alt=\"Secretar\u00eda contra la Violencia Sexual, Explotaci\u00f3n y Trata de Personas (SVET)\" srcset=\"https:\/\/help.unhcr.org\/guatemala\/wp-content\/uploads\/sites\/23\/2023\/06\/Logo-SVET.jpeg 1280w, https:\/\/help.unhcr.org\/guatemala\/wp-content\/uploads\/sites\/23\/2023\/06\/Logo-SVET-300x106.jpeg 300w, https:\/\/help.unhcr.org\/guatemala\/wp-content\/uploads\/sites\/23\/2023\/06\/Logo-SVET-1024x363.jpeg 1024w, https:\/\/help.unhcr.org\/guatemala\/wp-content\/uploads\/sites\/23\/2023\/06\/Logo-SVET-768x272.jpeg 768w\" sizes=\"auto, (max-width: 1280px) 100vw, 1280px\" \/>  <\/h3>\n\n\n\n<p>Es la entidad responsable de prevenir, atender y proteger a las personas sobrevivientes de violencia sexual, explotaci\u00f3n y trata. Brindan orientaci\u00f3n y refieren a servicios de asistencia en estos casos.<\/p>\n\n\n\n<p><strong>UNIVETS: <\/strong>ACNUR apoya a las Unidades M\u00f3viles de la SVET, creadas para informar y ayudar a cambiar los estereotipos negativos que promueven la violencia. Las UNIVETS realizan recorridos en varias comunidades del pa\u00eds para dar charlas de prevenci\u00f3n a ni\u00f1os, ni\u00f1as y adolescentes; capacitaciones a grupos de mujeres; y sensibilizaci\u00f3n sobre masculinidades positivas a hombres.\u00a0<\/p>\n\n\n\n<p><strong>Contacto<\/strong><\/p>\n\n\n\n<ul class=\"wp-block-list\">\n<li>Tel\u00e9fono: <a href=\"tel:50225048888\">(+502) 2504-8888<\/a><\/li>\n\n\n\n<li>Web: <a href=\"https:\/\/svet.gob.gt\/\" data-type=\"URL\" data-id=\"https:\/\/svet.gob.gt\/\" target=\"_blank\" rel=\"noreferrer noopener\">Puedes conocer m\u00e1s sobre la SVET.<\/a><\/li>\n\n\n\n<li><a href=\"https:\/\/meconectosinclavos.net.gt\/\" data-type=\"URL\" data-id=\"https:\/\/meconectosinclavos.net.gt\/\" target=\"_blank\" rel=\"noreferrer noopener\">Ingresa a la p\u00e1gina Me Conecto Sin Clavos para recibir consejer\u00eda y acceder a materiales did\u00e1cticos.<\/a><\/li>\n<\/ul>\n\n\n\n<h3 class=\"wp-block-heading\"><strong>Secretar\u00eda de Bienestar Social de la Presidencia (SBS)<\/strong> <img loading=\"lazy\" decoding=\"async\" width=\"1663\" height=\"359\" class=\"wp-image-2338\" style=\"width: 200px\" src=\"https:\/\/help.unhcr.org\/guatemala\/wp-content\/uploads\/sites\/23\/2023\/06\/Logo-SBS.png\" alt=\"Secretar\u00eda de Bienestar Social de la Presidencia (SBS)\" srcset=\"https:\/\/help.unhcr.org\/guatemala\/wp-content\/uploads\/sites\/23\/2023\/06\/Logo-SBS.png 1663w, https:\/\/help.unhcr.org\/guatemala\/wp-content\/uploads\/sites\/23\/2023\/06\/Logo-SBS-300x65.png 300w, https:\/\/help.unhcr.org\/guatemala\/wp-content\/uploads\/sites\/23\/2023\/06\/Logo-SBS-1024x221.png 1024w, https:\/\/help.unhcr.org\/guatemala\/wp-content\/uploads\/sites\/23\/2023\/06\/Logo-SBS-768x166.png 768w, https:\/\/help.unhcr.org\/guatemala\/wp-content\/uploads\/sites\/23\/2023\/06\/Logo-SBS-1536x332.png 1536w\" sizes=\"auto, (max-width: 1663px) 100vw, 1663px\" \/><\/h3>\n\n\n\n<p>Impulsa a trav\u00e9s de sus programas el respeto y promoci\u00f3n de los derechos de la ni\u00f1ez y la adolescencia.<\/p>\n\n\n\n<p><strong>Casa Joven: <\/strong>ACNUR apoya estos espacios seguros para j\u00f3venes en comunidades con altos \u00edndices de riesgo y vulnerabilidad social. Brindan varios servicios como: atenci\u00f3n personalizada e integral, protecci\u00f3n contra la violencia, formaci\u00f3n de h\u00e1bitos saludables a ni\u00f1as, ni\u00f1os, adolescentes y j\u00f3venes. Busca proporcionar oportunidades de vida que les permita un desarrollo integral.<\/p>\n\n\n\n<p><strong>Contacto<\/strong><\/p>\n\n\n\n<ul class=\"wp-block-list\">\n<li>Tel\u00e9fono: <a href=\"tel:50224143535\">(+502) 2414-3535<\/a><\/li>\n\n\n\n<li>Web: <a href=\"https:\/\/www.sbs.gob.gt\/\" data-type=\"URL\" data-id=\"https:\/\/www.sbs.gob.gt\/\" target=\"_blank\" rel=\"noreferrer noopener\">Puedes conocer m\u00e1s sobre la SBS.<\/a><\/li>\n\n\n\n<li><a href=\"https:\/\/www.sbs.gob.gt\/programa-casa-joven\/\" data-type=\"URL\" data-id=\"https:\/\/www.sbs.gob.gt\/programa-casa-joven\/\" target=\"_blank\" rel=\"noreferrer noopener\">Ingresa a esta p\u00e1gina para informarte sobre el programa Casa Joven <\/a><\/li>\n<\/ul>\n\n\n\n<p><\/p>\n","protected":false},"excerpt":{"rendered":"<p>ACNUR coopera con algunas instituciones p\u00fablicas que pueden brindarte servicios de protecci\u00f3n e informaci\u00f3n. Te las presentamos a continuaci\u00f3n. Departamento de Reconocimiento de Estatus de Refugiado (DRER) Es un departamento del Instituto Guatemalteco de Migraci\u00f3n, y es la autoridad encargada de recibir las solicitudes y acompa\u00f1ar a las personas que necesitan protecci\u00f3n internacional en su [&hellip;]<\/p>\n","protected":false},"author":355,"featured_media":0,"parent":2018,"menu_order":4,"comment_status":"closed","ping_status":"closed","template":"page-templates\/listing_page.php","meta":{"_acf_changed":false,"footnotes":""},"class_list":["post-2319","page","type-page","status-publish","hentry"],"acf":[],"_links":{"self":[{"href":"https:\/\/help.unhcr.org\/guatemala\/wp-json\/wp\/v2\/pages\/2319","targetHints":{"allow":["GET"]}}],"collection":[{"href":"https:\/\/help.unhcr.org\/guatemala\/wp-json\/wp\/v2\/pages"}],"about":[{"href":"https:\/\/help.unhcr.org\/guatemala\/wp-json\/wp\/v2\/types\/page"}],"author":[{"embeddable":true,"href":"https:\/\/help.unhcr.org\/guatemala\/wp-json\/wp\/v2\/users\/355"}],"replies":[{"embeddable":true,"href":"https:\/\/help.unhcr.org\/guatemala\/wp-json\/wp\/v2\/comments?post=2319"}],"version-history":[{"count":23,"href":"https:\/\/help.unhcr.org\/guatemala\/wp-json\/wp\/v2\/pages\/2319\/revisions"}],"predecessor-version":[{"id":3278,"href":"https:\/\/help.unhcr.org\/guatemala\/wp-json\/wp\/v2\/pages\/2319\/revisions\/3278"}],"up":[{"embeddable":true,"href":"https:\/\/help.unhcr.org\/guatemala\/wp-json\/wp\/v2\/pages\/2018"}],"wp:attachment":[{"href":"https:\/\/help.unhcr.org\/guatemala\/wp-json\/wp\/v2\/media?parent=2319"}],"curies":[{"name":"wp","href":"https:\/\/api.w.org\/{rel}","templated":true}]}}