{"id":2308,"date":"2023-06-06T23:50:18","date_gmt":"2023-06-06T23:50:18","guid":{"rendered":"https:\/\/help.unhcr.org\/guatemala\/?page_id=2308"},"modified":"2025-10-02T15:26:15","modified_gmt":"2025-10-02T15:26:15","slug":"reporte-por-conducta-indebida-de-trabajadores-humanitarios","status":"publish","type":"page","link":"https:\/\/help.unhcr.org\/guatemala\/reporte-por-conducta-indebida-de-trabajadores-humanitarios\/","title":{"rendered":"C\u00f3mo reportar conductas sexuales indebidas de trabajadores humanitarios"},"content":{"rendered":"\n<p><\/p>\n\n\n\n<p>Est\u00e1 a tu disposici\u00f3n la&nbsp;<strong>Oficina del Inspector General de ACNUR<\/strong><\/p>\n\n\n\n<ul class=\"wp-block-list\">\n<li>Correo electr\u00f3nico:&nbsp;<a href=\"mailto:inspector@unhcr.org\">inspector@unhcr.org<\/a><\/li>\n\n\n\n<li>Fax confidencial: <a href=\"fax:41227397380\">(+41 22) 739 7380<\/a><\/li>\n\n\n\n<li><a href=\"https:\/\/www.unhcr.org\/igo-complaints.html\">Formulario en l\u00ednea<\/a>\u00a0<\/li>\n<\/ul>\n\n\n\n<p>Si est\u00e1s de acuerdo, la organizaci\u00f3n iniciar\u00e1 un proceso de investigaci\u00f3n para tomar las medidas necesarias. La explotaci\u00f3n y el abuso sexual son una falta de conducta grave por parte del personal humanitario<strong>. En ACNUR tomamos muy en serio todas las denuncias realizadas a trav\u00e9s de nuestros canales oficiales de reporte.<\/strong><\/p>\n","protected":false},"excerpt":{"rendered":"<p>Est\u00e1 a tu disposici\u00f3n la&nbsp;Oficina del Inspector General de ACNUR Si est\u00e1s de acuerdo, la organizaci\u00f3n iniciar\u00e1 un proceso de investigaci\u00f3n para tomar las medidas necesarias. La explotaci\u00f3n y el abuso sexual son una falta de conducta grave por parte del personal humanitario. En ACNUR tomamos muy en serio todas las denuncias realizadas a trav\u00e9s [&hellip;]<\/p>\n","protected":false},"author":355,"featured_media":0,"parent":0,"menu_order":8,"comment_status":"closed","ping_status":"closed","template":"page-templates\/listing_page.php","meta":{"_acf_changed":false,"footnotes":""},"class_list":["post-2308","page","type-page","status-publish","hentry"],"acf":[],"_links":{"self":[{"href":"https:\/\/help.unhcr.org\/guatemala\/wp-json\/wp\/v2\/pages\/2308","targetHints":{"allow":["GET"]}}],"collection":[{"href":"https:\/\/help.unhcr.org\/guatemala\/wp-json\/wp\/v2\/pages"}],"about":[{"href":"https:\/\/help.unhcr.org\/guatemala\/wp-json\/wp\/v2\/types\/page"}],"author":[{"embeddable":true,"href":"https:\/\/help.unhcr.org\/guatemala\/wp-json\/wp\/v2\/users\/355"}],"replies":[{"embeddable":true,"href":"https:\/\/help.unhcr.org\/guatemala\/wp-json\/wp\/v2\/comments?post=2308"}],"version-history":[{"count":26,"href":"https:\/\/help.unhcr.org\/guatemala\/wp-json\/wp\/v2\/pages\/2308\/revisions"}],"predecessor-version":[{"id":3550,"href":"https:\/\/help.unhcr.org\/guatemala\/wp-json\/wp\/v2\/pages\/2308\/revisions\/3550"}],"wp:attachment":[{"href":"https:\/\/help.unhcr.org\/guatemala\/wp-json\/wp\/v2\/media?parent=2308"}],"curies":[{"name":"wp","href":"https:\/\/api.w.org\/{rel}","templated":true}]}}