{"id":2230,"date":"2023-05-31T23:25:32","date_gmt":"2023-05-31T23:25:32","guid":{"rendered":"https:\/\/help.unhcr.org\/guatemala\/?page_id=2230"},"modified":"2025-06-02T17:10:31","modified_gmt":"2025-06-02T17:10:31","slug":"como-solicitar-la-condicion-de-refugiado-en-guatemala","status":"publish","type":"page","link":"https:\/\/help.unhcr.org\/guatemala\/como-solicitar-la-condicion-de-refugiado-en-guatemala\/","title":{"rendered":"C\u00f3mo solicitar la condici\u00f3n de refugiado en Guatemala"},"content":{"rendered":"\n<p>Si has salido de tu pa\u00eds y tienes miedo de regresar porque tu vida, integridad, libertad o seguridad corre peligro tienes el derecho de solicitar protecci\u00f3n como persona refugiada. Esta tambi\u00e9n es llamada solicitud de asilo o solicitud de la condici\u00f3n de persona refugiada.<\/p>\n\n\n\n<p>En este video puedes conocer m\u00e1s sobre el proceso para solicitar la condici\u00f3n de refugiado en Guatemala.<\/p>\n\n\n\n<figure class=\"wp-block-video aligncenter\"><video controls src=\"https:\/\/help.unhcr.org\/guatemala\/wp-content\/uploads\/sites\/23\/2023\/05\/Procedimiento-para-la-Determinacion-de-la-Condicion-de-Persona-Refugiada-ver.-sub-final-2.mp4\"><\/video><\/figure>\n\n\n\n<p>En la Ciudad de Guatemala puedes acercarte al <strong>Departamento de Reconocimiento de Estatus de Refugiado (DRER)<\/strong>: 7<sup>a<\/sup> Avenida, 14-44, Zona 9, Edificio La Galer\u00eda, Oficina 15B, segundo nivel.<\/p>\n\n\n\n<p><\/p>\n\n\n\n<div data-wp-interactive=\"core\/file\" class=\"wp-block-file has-background\" style=\"background-color:#e0e9fe\"><object data-wp-bind--hidden=\"!state.hasPdfPreview\" hidden class=\"wp-block-file__embed\" data=\"https:\/\/help.unhcr.org\/guatemala\/wp-content\/uploads\/sites\/23\/2025\/06\/2025-Arte-Solicitud-de-Refugio-IGM_17.5-x-24-pulgadas_Actualizado.pdf\" type=\"application\/pdf\" style=\"width:100%;height:1197px\" aria-label=\"Embed of Solicitud de Refugio Guatemala.\"><\/object><a id=\"wp-block-file--media-6aafc89f-b6ec-4f4b-bc55-bda3d47a84f0\" href=\"https:\/\/help.unhcr.org\/guatemala\/wp-content\/uploads\/sites\/23\/2025\/06\/2025-Arte-Solicitud-de-Refugio-IGM_17.5-x-24-pulgadas_Actualizado.pdf\" target=\"_blank\" rel=\"noreferrer noopener\">Solicitud de Refugio Guatemala<\/a><a href=\"https:\/\/help.unhcr.org\/guatemala\/wp-content\/uploads\/sites\/23\/2025\/06\/2025-Arte-Solicitud-de-Refugio-IGM_17.5-x-24-pulgadas_Actualizado.pdf\" class=\"wp-block-file__button wp-element-button\" download aria-describedby=\"wp-block-file--media-6aafc89f-b6ec-4f4b-bc55-bda3d47a84f0\">Descargar<\/a><\/div>\n\n\n\n<p><\/p>\n\n\n\n<h3 class=\"wp-block-heading has-white-color has-text-color has-background\" style=\"background-color:#0072bc\">Ten en cuenta que:<\/h3>\n\n\n\n<ul class=\"wp-block-list\">\n<li>El acceso al derecho de pedir y recibir asilo debe ser<strong> garantizado sin discriminaci\u00f3n.<\/strong> Es decir que cualquier persona que necesita protecci\u00f3n puede presentar una solicitud de asilo sin importar su nacionalidad, edad, g\u00e9nero, opini\u00f3n pol\u00edtica, religi\u00f3n, raza, orientaci\u00f3n sexual o cualquier otra caracter\u00edstica personal. Ni\u00f1os, ni\u00f1as y adolescentes tambi\u00e9n tienen este derecho, aun cuando viajan solos\/as.<\/li>\n<\/ul>\n\n\n\n<ul class=\"wp-block-list\">\n<li>No es posible solicitar asilo en tu propio pa\u00eds de origen. Debes haber <strong>salido<\/strong> <strong>de tu pa\u00eds de origen<\/strong> o de residencia habitual para solicitar asilo en otro pa\u00eds.<\/li>\n<\/ul>\n\n\n\n<ul class=\"wp-block-list\">\n<li>Cada pa\u00eds tiene su propio procedimiento de solicitud y reconocimiento de la condici\u00f3n de persona refugiada o de <strong>protecci\u00f3n internacional<\/strong> para ti y\/o tu grupo familiar.<\/li>\n<\/ul>\n\n\n\n<ul class=\"wp-block-list\">\n<li>La solicitud es <strong>gratuita <\/strong>y se debe evaluar tu caso de manera individual por las autoridades competentes del pa\u00eds donde presentas tu solicitud.<\/li>\n<\/ul>\n\n\n\n<ul class=\"wp-block-list\">\n<li>Toda la informaci\u00f3n ser\u00e1 <strong>confidencial<\/strong> y no ser\u00e1 compartida con personas o autoridades de tu pa\u00eds de origen.<\/li>\n<\/ul>\n\n\n\n<ul class=\"wp-block-list\">\n<li>La presentaci\u00f3n de documentos o pruebas no es un requisito para hacer la solicitud. Sin embargo, si los tienes, no dudes en presentarlos.<\/li>\n<\/ul>\n\n\n\n<ul class=\"wp-block-list\">\n<li>Es un proceso que <strong>toma tiempo<\/strong>. La presentaci\u00f3n de tu solicitud a la autoridad competente solo representa el primer paso en el proceso para obtener el reconocimiento como persona refugiada por parte de un pa\u00eds.<\/li>\n<\/ul>\n\n\n\n<p><\/p>\n\n\n\n<h3 class=\"wp-block-heading has-white-color has-text-color has-background\" style=\"background-color:#0072bc\">No-Devoluci\u00f3n:<\/h3>\n\n\n\n<p>Los Estados tienen la obligaci\u00f3n de no devolver a ninguna persona a un pa\u00eds o territorio donde su vida, integridad, libertad o seguridad est\u00e1n en peligro. A esto llamamos principio de no-devoluci\u00f3n y significa que <strong>no puedes ser retornado\/a a tu pa\u00eds de origen sin antes tener el derecho de presentar tu solicitud de asilo<\/strong> <strong>y que sea analizada por las autoridades competentes.<\/strong> Ning\u00fan funcionario p\u00fablico deber\u00e1 negarte el acceso al territorio de Guatemala&nbsp;y&nbsp;no deber\u00e1n expulsarte&nbsp;hacia el pa\u00eds a donde tienes miedo de regresar.<\/p>\n","protected":false},"excerpt":{"rendered":"<p>Si has salido de tu pa\u00eds y tienes miedo de regresar porque tu vida, integridad, libertad o seguridad corre peligro tienes el derecho de solicitar protecci\u00f3n como persona refugiada. Esta tambi\u00e9n es llamada solicitud de asilo o solicitud de la condici\u00f3n de persona refugiada. En este video puedes conocer m\u00e1s sobre el proceso para solicitar [&hellip;]<\/p>\n","protected":false},"author":355,"featured_media":0,"parent":0,"menu_order":2,"comment_status":"closed","ping_status":"closed","template":"","meta":{"_acf_changed":false,"footnotes":""},"class_list":["post-2230","page","type-page","status-publish","hentry"],"acf":[],"_links":{"self":[{"href":"https:\/\/help.unhcr.org\/guatemala\/wp-json\/wp\/v2\/pages\/2230","targetHints":{"allow":["GET"]}}],"collection":[{"href":"https:\/\/help.unhcr.org\/guatemala\/wp-json\/wp\/v2\/pages"}],"about":[{"href":"https:\/\/help.unhcr.org\/guatemala\/wp-json\/wp\/v2\/types\/page"}],"author":[{"embeddable":true,"href":"https:\/\/help.unhcr.org\/guatemala\/wp-json\/wp\/v2\/users\/355"}],"replies":[{"embeddable":true,"href":"https:\/\/help.unhcr.org\/guatemala\/wp-json\/wp\/v2\/comments?post=2230"}],"version-history":[{"count":29,"href":"https:\/\/help.unhcr.org\/guatemala\/wp-json\/wp\/v2\/pages\/2230\/revisions"}],"predecessor-version":[{"id":3374,"href":"https:\/\/help.unhcr.org\/guatemala\/wp-json\/wp\/v2\/pages\/2230\/revisions\/3374"}],"wp:attachment":[{"href":"https:\/\/help.unhcr.org\/guatemala\/wp-json\/wp\/v2\/media?parent=2230"}],"curies":[{"name":"wp","href":"https:\/\/api.w.org\/{rel}","templated":true}]}}