{"id":2159,"date":"2023-05-12T16:58:01","date_gmt":"2023-05-12T16:58:01","guid":{"rendered":"https:\/\/help.unhcr.org\/guatemala\/?page_id=2159"},"modified":"2025-05-14T16:08:39","modified_gmt":"2025-05-14T16:08:39","slug":"centros-de-atencion-capmir","status":"publish","type":"page","link":"https:\/\/help.unhcr.org\/guatemala\/acnur-en-guatemala-2\/centros-de-atencion-capmir\/","title":{"rendered":"Centros de Atenci\u00f3n para Personas Migrantes y Refugiadas (CAPMiR)"},"content":{"rendered":"\n<p>Los <strong>Centros de Atenci\u00f3n para Personas Migrantes y Refugiadas (CAPMiR)<\/strong> son unidades creadas para <strong>brindarte informaci\u00f3n as\u00ed como conocer el acceso a servicios y soluciones <\/strong>en Guatemala. Son parte de una alianza liderada por el Gobierno de Guatemala en coordinaci\u00f3n con agencias de Naciones Unidas, incluyendo ACNUR. Junto a nuestros socios, gestionamos 5 centros a nivel nacional.<\/p>\n\n\n\n<figure class=\"wp-block-image size-full\"><img loading=\"lazy\" decoding=\"async\" width=\"255\" height=\"188\" src=\"https:\/\/help.unhcr.org\/guatemala\/wp-content\/uploads\/sites\/23\/2023\/05\/capmir.jpg\" alt=\"Logo Centro de Atenci\u00f3n para Personas Migrantes y Refugiadas CAPMIR.\" class=\"wp-image-2160\" \/><\/figure>\n\n\n\n<p><\/p>\n\n\n\n<p><strong>SERVICIOS<\/strong><\/p>\n\n\n\n<ul class=\"wp-block-list\">\n<li><strong>Informaci\u00f3n y orientaci\u00f3n:<\/strong> sobre derechos y servicios en Guatemala.<\/li>\n\n\n\n<li><strong>Protecci\u00f3n:<\/strong> atenci\u00f3n o referencia especializada, incluyendo el proceso de reconocimiento de la condici\u00f3n de refugiado.<\/li>\n\n\n\n<li><strong>Asistencia m\u00e9dica b\u00e1sica:<\/strong> asistencia pre-hospitalaria y medicamentos b\u00e1sicos.<\/li>\n\n\n\n<li><strong>Atenci\u00f3n psicol\u00f3gica: <\/strong>primeros auxilios psicol\u00f3gicos y apoyo emocional.<\/li>\n\n\n\n<li><strong>Atenci\u00f3n a la ni\u00f1ez:<\/strong> espacios seguros y amigables donde pueden descansar del viaje y jugar.<\/li>\n\n\n\n<li><strong>Internet y llamadas:<\/strong> incluyendo carga de equipos para que puedas mantenerte comunicado.<\/li>\n\n\n\n<li><strong>Agua e higiene:<\/strong> agua potable, sanitarios seguros y art\u00edculos de higiene personal.<\/li>\n\n\n\n<li><strong>Alimentos:<\/strong> kits de alimentos nutritivos.<\/li>\n<\/ul>\n\n\n\n<p><strong>UBICACI\u00d3N<\/strong><\/p>\n\n\n\n<ol class=\"wp-block-list\">\n<li><strong>Guatemala <\/strong>\n\n\n\n\n\n\n\n\n\n\n\n\n\n\n\n\n\n\n\n\n\n\n\n\n<ul class=\"wp-block-list\">\n<li>Direcci\u00f3n: And\u00e9n B, Rampa 1 Planta Alta, Centra Sur, Zona 12, Villa Nueva. A un costado de CENMA. \n<ul class=\"wp-block-list\">\n<li><a href=\"https:\/\/goo.gl\/maps\/wjbp8Z8QTgmgDPMH6\" data-type=\"URL\" data-id=\"https:\/\/goo.gl\/maps\/wjbp8Z8QTgmgDPMH6\" target=\"_blank\" rel=\"noreferrer noopener\">Encuentra nuestra ubicaci\u00f3n en el mapa.<\/a><\/li>\n<\/ul>\n<\/li>\n<\/ul>\n\n\n\n<ul class=\"wp-block-list\">\n<li>Horario de atenci\u00f3n: lunes a viernes, de 8:00 a 15:00 horas <\/li>\n<\/ul>\n<\/li>\n\n\n\n<li><strong>Pet\u00e9n<\/strong>\n<ul class=\"wp-block-list\">\n<li>Direcci\u00f3n: 6<sup>a<\/sup> Avenida, Zona 2, Nueva Terminal de Buses, Santa Elena. \n<ul class=\"wp-block-list\">\n<li><a href=\"https:\/\/goo.gl\/maps\/YjnaXgnrxZ1aycFKA?coh=178572&amp;entry=tt\" data-type=\"URL\" data-id=\"https:\/\/goo.gl\/maps\/YjnaXgnrxZ1aycFKA?coh=178572&amp;entry=tt\" target=\"_blank\" rel=\"noreferrer noopener\">Encuentra nuestra ubicaci\u00f3n en el mapa.<\/a><\/li>\n<\/ul>\n<\/li>\n\n\n\n<li>Horario de atenci\u00f3n: lunes a viernes de 08:00 a 16:30 horas.&nbsp; S\u00e1bados de 08:00 16.00.&nbsp; Domingo de 08:00 a 12:00<\/li>\n<\/ul>\n<\/li>\n\n\n\n<li><strong>Chiquimula<\/strong>\n<ul class=\"wp-block-list\">\n<li>Direcci\u00f3n: Km 233, Carretera a Honduras, Frontera Agua Caliente. \n<ul class=\"wp-block-list\">\n<li><a href=\"https:\/\/goo.gl\/maps\/KLC4ngBhSdA9xFMU8?coh=178572&amp;entry=tt\" data-type=\"URL\" data-id=\"https:\/\/goo.gl\/maps\/KLC4ngBhSdA9xFMU8?coh=178572&amp;entry=tt\" target=\"_blank\" rel=\"noreferrer noopener\">Encuentra nuestra ubicaci\u00f3n en el mapa.<\/a><\/li>\n<\/ul>\n<\/li>\n\n\n\n<li>Horario de atenci\u00f3n: lunes a viernes, de 9:00 a 15:00 horas<\/li>\n<\/ul>\n<\/li>\n<\/ol>\n","protected":false},"excerpt":{"rendered":"<p>Los Centros de Atenci\u00f3n para Personas Migrantes y Refugiadas (CAPMiR) son unidades creadas para brindarte informaci\u00f3n as\u00ed como conocer el acceso a servicios y soluciones en Guatemala. Son parte de una alianza liderada por el Gobierno de Guatemala en coordinaci\u00f3n con agencias de Naciones Unidas, incluyendo ACNUR. Junto a nuestros socios, gestionamos 5 centros a [&hellip;]<\/p>\n","protected":false},"author":355,"featured_media":0,"parent":2018,"menu_order":3,"comment_status":"closed","ping_status":"closed","template":"page-templates\/listing_page.php","meta":{"_acf_changed":false,"footnotes":""},"class_list":["post-2159","page","type-page","status-publish","hentry"],"acf":[],"_links":{"self":[{"href":"https:\/\/help.unhcr.org\/guatemala\/wp-json\/wp\/v2\/pages\/2159","targetHints":{"allow":["GET"]}}],"collection":[{"href":"https:\/\/help.unhcr.org\/guatemala\/wp-json\/wp\/v2\/pages"}],"about":[{"href":"https:\/\/help.unhcr.org\/guatemala\/wp-json\/wp\/v2\/types\/page"}],"author":[{"embeddable":true,"href":"https:\/\/help.unhcr.org\/guatemala\/wp-json\/wp\/v2\/users\/355"}],"replies":[{"embeddable":true,"href":"https:\/\/help.unhcr.org\/guatemala\/wp-json\/wp\/v2\/comments?post=2159"}],"version-history":[{"count":27,"href":"https:\/\/help.unhcr.org\/guatemala\/wp-json\/wp\/v2\/pages\/2159\/revisions"}],"predecessor-version":[{"id":3321,"href":"https:\/\/help.unhcr.org\/guatemala\/wp-json\/wp\/v2\/pages\/2159\/revisions\/3321"}],"up":[{"embeddable":true,"href":"https:\/\/help.unhcr.org\/guatemala\/wp-json\/wp\/v2\/pages\/2018"}],"wp:attachment":[{"href":"https:\/\/help.unhcr.org\/guatemala\/wp-json\/wp\/v2\/media?parent=2159"}],"curies":[{"name":"wp","href":"https:\/\/api.w.org\/{rel}","templated":true}]}}