{"id":2058,"date":"2023-05-09T20:17:26","date_gmt":"2023-05-09T20:17:26","guid":{"rendered":"https:\/\/help.unhcr.org\/guatemala\/?page_id=2058"},"modified":"2025-10-02T14:52:09","modified_gmt":"2025-10-02T14:52:09","slug":"chiquimula","status":"publish","type":"page","link":"https:\/\/help.unhcr.org\/guatemala\/acnur-en-guatemala-2\/nuestras-oficinas\/chiquimula\/","title":{"rendered":"Chiquimula"},"content":{"rendered":"\n<ul class=\"wp-block-list\">\n<li><strong>Atenci\u00f3n telef\u00f3nica de protecci\u00f3n: <\/strong>(+502) 32963011 <img loading=\"lazy\" decoding=\"async\" width=\"25\" height=\"26\" src=\"https:\/\/help.unhcr.org\/guatemala\/wp-content\/uploads\/sites\/23\/2021\/12\/MicrosoftTeams-image-2.png\" alt=\"\"><img loading=\"lazy\" decoding=\"async\" width=\"25\" height=\"27\" src=\"https:\/\/help.unhcr.org\/guatemala\/wp-content\/uploads\/sites\/23\/2021\/12\/MicrosoftTeams-image-1.jpg\" alt=\"\"><\/li>\n\n\n\n<li><strong>Direcci\u00f3n:<\/strong> Km 233, Carretera a Honduras, Frontera Agua Caliente, Esquipulas, Chiquimula.\n<ul class=\"wp-block-list\">\n<li><a href=\"https:\/\/goo.gl\/maps\/EntWc1a9WtQDSh4A6\" data-type=\"URL\" data-id=\"https:\/\/goo.gl\/maps\/EntWc1a9WtQDSh4A6\" target=\"_blank\" rel=\"noreferrer noopener\">Encuentra nuestra ubicaci\u00f3n en el mapa.<\/a><\/li>\n<\/ul>\n<\/li>\n\n\n\n<li><strong>Horario:<\/strong> lunes a viernes de 8:00 am a 5:00 pm<\/li>\n<\/ul>\n\n\n\n<p><\/p>\n","protected":false},"excerpt":{"rendered":"","protected":false},"author":355,"featured_media":0,"parent":2027,"menu_order":3,"comment_status":"closed","ping_status":"closed","template":"","meta":{"_acf_changed":false,"footnotes":""},"class_list":["post-2058","page","type-page","status-publish","hentry"],"acf":[],"_links":{"self":[{"href":"https:\/\/help.unhcr.org\/guatemala\/wp-json\/wp\/v2\/pages\/2058","targetHints":{"allow":["GET"]}}],"collection":[{"href":"https:\/\/help.unhcr.org\/guatemala\/wp-json\/wp\/v2\/pages"}],"about":[{"href":"https:\/\/help.unhcr.org\/guatemala\/wp-json\/wp\/v2\/types\/page"}],"author":[{"embeddable":true,"href":"https:\/\/help.unhcr.org\/guatemala\/wp-json\/wp\/v2\/users\/355"}],"replies":[{"embeddable":true,"href":"https:\/\/help.unhcr.org\/guatemala\/wp-json\/wp\/v2\/comments?post=2058"}],"version-history":[{"count":16,"href":"https:\/\/help.unhcr.org\/guatemala\/wp-json\/wp\/v2\/pages\/2058\/revisions"}],"predecessor-version":[{"id":3528,"href":"https:\/\/help.unhcr.org\/guatemala\/wp-json\/wp\/v2\/pages\/2058\/revisions\/3528"}],"up":[{"embeddable":true,"href":"https:\/\/help.unhcr.org\/guatemala\/wp-json\/wp\/v2\/pages\/2027"}],"wp:attachment":[{"href":"https:\/\/help.unhcr.org\/guatemala\/wp-json\/wp\/v2\/media?parent=2058"}],"curies":[{"name":"wp","href":"https:\/\/api.w.org\/{rel}","templated":true}]}}