{"id":2027,"date":"2023-05-03T21:51:51","date_gmt":"2023-05-03T21:51:51","guid":{"rendered":"https:\/\/help.unhcr.org\/guatemala\/?page_id=2027"},"modified":"2025-02-12T16:48:41","modified_gmt":"2025-02-12T16:48:41","slug":"nuestras-oficinas","status":"publish","type":"page","link":"https:\/\/help.unhcr.org\/guatemala\/acnur-en-guatemala-2\/nuestras-oficinas\/","title":{"rendered":"Nuestras oficinas"},"content":{"rendered":"\n<p>Si tu vida corre peligro y no puedes regresar a tu pa\u00eds, <strong>cont\u00e1ctanos<\/strong>.<\/p>\n\n\n\n<p>A trav\u00e9s de nuestras oficinas en terreno, podemos:<br>\u2022 Brindarte informaci\u00f3n sobre el proceso de solicitud de la condici\u00f3n de refugiado en Guatemala.<br>\u2022 Proporcionarte ayuda y servicios para promover soluciones.<\/p>\n\n\n\n<p>Tambi\u00e9n puedes obtener m\u00e1s informaci\u00f3n a trav\u00e9s de <a href=\"https:\/\/wa.me\/50222772650\" data-type=\"URL\" data-id=\"https:\/\/wa.me\/50222772650\" target=\"_blank\" rel=\"noreferrer noopener\">nuestro chat de WhatsApp automatizado Chatbot.<\/a> Antes de usarlo, lee nuestro <a href=\"https:\/\/help.unhcr.org\/guatemala\/wp-content\/uploads\/sites\/23\/2025\/02\/WhatsApp-Twilio_Service-User-Agreement_Guatemala_ES.pdf\" target=\"_blank\" rel=\"noreferrer noopener\">Acuerdo de Usuario del Servicio de WhatsApp de ACNUR Guatemala<\/a>.<\/p>\n\n\n\n<p><\/p>\n","protected":false},"excerpt":{"rendered":"<p>Si tu vida corre peligro y no puedes regresar a tu pa\u00eds, cont\u00e1ctanos. A trav\u00e9s de nuestras oficinas en terreno, podemos:\u2022 Brindarte informaci\u00f3n sobre el proceso de solicitud de la condici\u00f3n de refugiado en Guatemala.\u2022 Proporcionarte ayuda y servicios para promover soluciones. Tambi\u00e9n puedes obtener m\u00e1s informaci\u00f3n a trav\u00e9s de nuestro chat de WhatsApp automatizado [&hellip;]<\/p>\n","protected":false},"author":475,"featured_media":0,"parent":2018,"menu_order":1,"comment_status":"closed","ping_status":"closed","template":"page-templates\/listing_page.php","meta":{"_acf_changed":false,"footnotes":""},"class_list":["post-2027","page","type-page","status-publish","hentry"],"acf":[],"_links":{"self":[{"href":"https:\/\/help.unhcr.org\/guatemala\/wp-json\/wp\/v2\/pages\/2027","targetHints":{"allow":["GET"]}}],"collection":[{"href":"https:\/\/help.unhcr.org\/guatemala\/wp-json\/wp\/v2\/pages"}],"about":[{"href":"https:\/\/help.unhcr.org\/guatemala\/wp-json\/wp\/v2\/types\/page"}],"author":[{"embeddable":true,"href":"https:\/\/help.unhcr.org\/guatemala\/wp-json\/wp\/v2\/users\/475"}],"replies":[{"embeddable":true,"href":"https:\/\/help.unhcr.org\/guatemala\/wp-json\/wp\/v2\/comments?post=2027"}],"version-history":[{"count":19,"href":"https:\/\/help.unhcr.org\/guatemala\/wp-json\/wp\/v2\/pages\/2027\/revisions"}],"predecessor-version":[{"id":3277,"href":"https:\/\/help.unhcr.org\/guatemala\/wp-json\/wp\/v2\/pages\/2027\/revisions\/3277"}],"up":[{"embeddable":true,"href":"https:\/\/help.unhcr.org\/guatemala\/wp-json\/wp\/v2\/pages\/2018"}],"wp:attachment":[{"href":"https:\/\/help.unhcr.org\/guatemala\/wp-json\/wp\/v2\/media?parent=2027"}],"curies":[{"name":"wp","href":"https:\/\/api.w.org\/{rel}","templated":true}]}}