{"id":1541,"date":"2022-04-01T17:33:22","date_gmt":"2022-04-01T17:33:22","guid":{"rendered":"https:\/\/help.unhcr.org\/guatemala\/?page_id=1541"},"modified":"2023-06-14T16:29:22","modified_gmt":"2023-06-14T16:29:22","slug":"asistencia-en-huehuetenango","status":"publish","type":"page","link":"https:\/\/help.unhcr.org\/guatemala\/donde-encontrar-ayuda\/asistencia-en-huehuetenango\/","title":{"rendered":"Asistencia en Huehuetenango"},"content":{"rendered":"\n<h2 class=\"wp-block-heading\">Organizaci\u00f3n Tierra Nueva<\/h2>\n\n\n\n<p><strong>Asistencia y servicios disponibles:<\/strong><\/p>\n\n\n\n<ul class=\"wp-block-list\">\n<li>Informaci\u00f3n sobre proceso de asilo en Guatemala<\/li>\n\n\n\n<li>Asistencia psicosocial y legal<\/li>\n\n\n\n<li>Kits de higiene<\/li>\n<\/ul>\n\n\n\n<p><strong>Tel\u00e9fono:<\/strong>&nbsp;(+502) 3062 3781<br><strong>Direcci\u00f3n:<\/strong>&nbsp;Ruta Panamericana Km 256.6, aldea Tojocaz, Huehuetenango, Huehuetenango.<br><strong>Horario:<\/strong>&nbsp;Lunes a viernes de 8:00 am. a 12:00 pm. y de 2:00 pm. &nbsp;a 05:00 pm.<\/p>\n\n\n\n<h2 class=\"wp-block-heading\">Visi\u00f3n Mundial<\/h2>\n\n\n\n<p> <strong>Asistencia y servicio<\/strong>s<strong> disponibles: <\/strong> <\/p>\n\n\n\n<ul class=\"wp-block-list\">\n<li>Apadrinamiento de Ni\u00f1os <\/li>\n\n\n\n<li>Educaci\u00f3n <\/li>\n\n\n\n<li>Formaci\u00f3n de Padres Crianza con Ternura<\/li>\n\n\n\n<li>Formaci\u00f3n T\u00e9cnica en Empleabilidad<\/li>\n\n\n\n<li>Emprendimiento y Medios de vida<\/li>\n<\/ul>\n\n\n\n<p><strong>Tel\u00e9fono:<\/strong> (+502)&nbsp;4023 6646<br><strong>Direcci\u00f3n:<\/strong>&nbsp;4ta Calle 2-66, Zaculeu Central zona 9, Huehuetenango.<br><strong>Horario de atenci\u00f3n:<\/strong> 8:00 a.m. &#8211; 5:00 p.m.<\/p>\n\n\n\n<h2 class=\"wp-block-heading\">El Refugio de la Ni\u00f1ez<\/h2>\n\n\n\n<p> <strong>Asistencia y servicio<\/strong>s<strong> disponibles:<\/strong> <\/p>\n\n\n\n<ul class=\"wp-block-list\">\n<li>Protecci\u00f3n social y gesti\u00f3n de casos de ni\u00f1os, ni\u00f1as y adolescentes v\u00edctimas de violencia sexual y trata de personas.<\/li>\n\n\n\n<li>Identificaci\u00f3n y atenci\u00f3n a personas con necesidades de protecci\u00f3n internacional.<\/li>\n\n\n\n<li>Atenci\u00f3n a personas solicitantes de refugio en Guatemala.<\/li>\n\n\n\n<li>Identificaci\u00f3n de personas retornados con necesidades espec\u00edficas de protecci\u00f3n. <\/li>\n<\/ul>\n\n\n\n<p><strong>Tel\u00e9fono: <\/strong>(+502) 7727 1643<br><strong>Direcci\u00f3n:&nbsp;<\/strong>7a Calle 11-29 Zona 4, El Terrero, Huehuetenango, Huehuetenango.<br><strong>Horario de atenci\u00f3n: <\/strong>lunes a viernes de<strong>&nbsp;<\/strong>8:00 a.m. \u2013 5:00 p.m.<\/p>\n","protected":false},"excerpt":{"rendered":"<p>Organizaci\u00f3n Tierra Nueva Asistencia y servicios disponibles: Tel\u00e9fono:&nbsp;(+502) 3062 3781Direcci\u00f3n:&nbsp;Ruta Panamericana Km 256.6, aldea Tojocaz, Huehuetenango, Huehuetenango.Horario:&nbsp;Lunes a viernes de 8:00 am. a 12:00 pm. y de 2:00 pm. &nbsp;a 05:00 pm. Visi\u00f3n Mundial Asistencia y servicios disponibles: Tel\u00e9fono: (+502)&nbsp;4023 6646Direcci\u00f3n:&nbsp;4ta Calle 2-66, Zaculeu Central zona 9, Huehuetenango.Horario de atenci\u00f3n: 8:00 a.m. &#8211; 5:00 p.m. [&hellip;]<\/p>\n","protected":false},"author":220,"featured_media":0,"parent":75,"menu_order":5,"comment_status":"closed","ping_status":"closed","template":"","meta":{"_acf_changed":false,"footnotes":""},"class_list":["post-1541","page","type-page","status-publish","hentry"],"acf":[],"_links":{"self":[{"href":"https:\/\/help.unhcr.org\/guatemala\/wp-json\/wp\/v2\/pages\/1541","targetHints":{"allow":["GET"]}}],"collection":[{"href":"https:\/\/help.unhcr.org\/guatemala\/wp-json\/wp\/v2\/pages"}],"about":[{"href":"https:\/\/help.unhcr.org\/guatemala\/wp-json\/wp\/v2\/types\/page"}],"author":[{"embeddable":true,"href":"https:\/\/help.unhcr.org\/guatemala\/wp-json\/wp\/v2\/users\/220"}],"replies":[{"embeddable":true,"href":"https:\/\/help.unhcr.org\/guatemala\/wp-json\/wp\/v2\/comments?post=1541"}],"version-history":[{"count":13,"href":"https:\/\/help.unhcr.org\/guatemala\/wp-json\/wp\/v2\/pages\/1541\/revisions"}],"predecessor-version":[{"id":2468,"href":"https:\/\/help.unhcr.org\/guatemala\/wp-json\/wp\/v2\/pages\/1541\/revisions\/2468"}],"up":[{"embeddable":true,"href":"https:\/\/help.unhcr.org\/guatemala\/wp-json\/wp\/v2\/pages\/75"}],"wp:attachment":[{"href":"https:\/\/help.unhcr.org\/guatemala\/wp-json\/wp\/v2\/media?parent=1541"}],"curies":[{"name":"wp","href":"https:\/\/api.w.org\/{rel}","templated":true}]}}