{"id":101,"date":"2018-05-08T13:50:30","date_gmt":"2018-05-08T13:50:30","guid":{"rendered":"http:\/\/help.unhcr.org\/guatemala\/?page_id=101"},"modified":"2023-06-14T16:04:11","modified_gmt":"2023-06-14T16:04:11","slug":"que-ocurre-despues-de-haber-presentado-la-solicitud","status":"publish","type":"page","link":"https:\/\/help.unhcr.org\/guatemala\/solicitando-la-condicion-de-refugiado\/que-ocurre-despues-de-haber-presentado-la-solicitud\/","title":{"rendered":"\u00bfQu\u00e9 ocurre despu\u00e9s de haber presentado la solicitud del estatus de refugiado?"},"content":{"rendered":"<h2><strong>En caso de solicitud con una decisi\u00f3n positiva<\/strong><\/h2>\n<h3><strong>1. Documentos<\/strong><\/h3>\n<p style=\"margin: 0in;text-align: justify;background: #FEFEFE;vertical-align: baseline\"><span lang=\"ES-GT\" style=\"font-size: 11.0pt;font-family: 'Lato',sans-serif;color: #404040\">Si la Autoridad Migratoria Nacional te reconoce como refugiado, tendr\u00e1s que empezar tus tr\u00e1mites para obtener tu residencia temporal en Guatemala.<\/span><\/p>\n<p style=\"margin: 0in;text-align: justify;background: #FEFEFE;vertical-align: baseline\"><span lang=\"ES-GT\" style=\"font-size: 11.0pt;font-family: 'Lato',sans-serif;color: #404040\">Una vez otorgada la residencia temporal debes acudir al Registro Nacional de las Personas -RENAP- para obtener tu Documento Personal de Identificaci\u00f3n el cual te servir\u00e1 para realizar cualquier tipo de tr\u00e1mite en todo el territorio de Guatemala. Todas las personas refugiadas, menores o mayores de edad, tienen derecho a obtener un documento de identidad, que los agentes de la polic\u00eda nacional tendr\u00e1n que reconocer como un documento v\u00e1lido.<\/span><\/p>\n<h3><strong>2. Cesacion del estatuto de persona refugiada<\/strong><\/h3>\n<p>El estatuto de refugiado puede cesar por unas series de razones:<\/p>\n<ul>\n<li>Si&nbsp;regresas a tu pa\u00eds de origen;<\/li>\n<li>Si recobras voluntariamente tu nacionalidad;<\/li>\n<li>Si adquieres una nueva nacionalidad y disfrutas de la protecci\u00f3n del pa\u00eds de tu nueva nacionalidad;<\/li>\n<li>Si voluntariamente te has establecido de nuevo en el pa\u00eds que hab\u00edas abandonado;<\/li>\n<li>Si desaparecen las circunstancias en virtud de las cuales fuiste reconocido como refugiado y no puedes continuar neg\u00e1ndote a acogerte a la protecci\u00f3n del pa\u00eds de tu nacionalidad;<\/li>\n<li>Si eres una persona que no tiene nacionalidad y, por haber desaparecido las circunstancias en virtud de las cuales fuiste reconocido como refugiado, estas en la condici\u00f3n de regresar al pa\u00eds donde ten\u00edas tu residencia habitual.<\/li>\n<\/ul>\n<h2><strong>En caso de solicitud con una decisi\u00f3n negativa<\/strong><\/h2>\n<p>Si tu solicitud es denegada, tienes derecho a presentar un recurso de reposici\u00f3n en contra de la decisi\u00f3n ante la Autoridad Migratoria Nacional. Tienes diez (10) d\u00edas contados a partir del d\u00eda siguiente a la notificaci\u00f3n de denegaci\u00f3n para presentar tu recurso. El ACNUR, a trav\u00e9s de sus socios, te podr\u00e1 brindar asistencia y asesor\u00eda legal gratuita para ayudarte con todo lo que necesites para presentar tu recurso y as\u00ed apelar la decisi\u00f3n.<\/p>\n<p>Si tu recurso de reposici\u00f3n es tambi\u00e9n denegado, quiere decir que no calificas como refugiado y est\u00e1s en riesgo de deportaci\u00f3n, incluyendo a tu pa\u00eds de origen. Por lo que el Estado de Guatemala te invitar\u00e1 a buscar otra forma de regularizar tu permanencia en el pa\u00eds o abandonar el territorio.<\/p>\n","protected":false},"excerpt":{"rendered":"<p>En caso de solicitud con una decisi\u00f3n positiva 1. Documentos Si la Autoridad Migratoria Nacional te reconoce como refugiado, tendr\u00e1s que empezar tus tr\u00e1mites para obtener tu residencia temporal en Guatemala. Una vez otorgada la residencia temporal debes acudir al Registro Nacional de las Personas -RENAP- para obtener tu Documento Personal de Identificaci\u00f3n el cual [&hellip;]<\/p>\n","protected":false},"author":1,"featured_media":0,"parent":93,"menu_order":1,"comment_status":"closed","ping_status":"closed","template":"","meta":{"_acf_changed":false,"footnotes":""},"class_list":["post-101","page","type-page","status-publish","hentry"],"acf":[],"_links":{"self":[{"href":"https:\/\/help.unhcr.org\/guatemala\/wp-json\/wp\/v2\/pages\/101","targetHints":{"allow":["GET"]}}],"collection":[{"href":"https:\/\/help.unhcr.org\/guatemala\/wp-json\/wp\/v2\/pages"}],"about":[{"href":"https:\/\/help.unhcr.org\/guatemala\/wp-json\/wp\/v2\/types\/page"}],"author":[{"embeddable":true,"href":"https:\/\/help.unhcr.org\/guatemala\/wp-json\/wp\/v2\/users\/1"}],"replies":[{"embeddable":true,"href":"https:\/\/help.unhcr.org\/guatemala\/wp-json\/wp\/v2\/comments?post=101"}],"version-history":[{"count":16,"href":"https:\/\/help.unhcr.org\/guatemala\/wp-json\/wp\/v2\/pages\/101\/revisions"}],"predecessor-version":[{"id":2431,"href":"https:\/\/help.unhcr.org\/guatemala\/wp-json\/wp\/v2\/pages\/101\/revisions\/2431"}],"up":[{"embeddable":true,"href":"https:\/\/help.unhcr.org\/guatemala\/wp-json\/wp\/v2\/pages\/93"}],"wp:attachment":[{"href":"https:\/\/help.unhcr.org\/guatemala\/wp-json\/wp\/v2\/media?parent=101"}],"curies":[{"name":"wp","href":"https:\/\/api.w.org\/{rel}","templated":true}]}}