{"id":6649,"date":"2022-06-08T11:09:13","date_gmt":"2022-06-08T11:09:13","guid":{"rendered":"https:\/\/help.unhcr.org\/greece\/?page_id=6649"},"modified":"2025-06-24T13:02:10","modified_gmt":"2025-06-24T13:02:10","slug":"refugee-led-organizations-in-greece","status":"publish","type":"page","link":"https:\/\/help.unhcr.org\/greece\/seek-help\/refugee-led-organizations-in-greece\/","title":{"rendered":"Refugee-Led Organizations"},"content":{"rendered":"\n<p><strong>1. The United Ukrainian Diaspora in Greece<\/strong><\/p>\n\n\n\n<p>?Address: <a href=\"https:\/\/www.google.com\/maps\/place\/Feron+4,+Athina+104+34\/@37.9922778,23.728307,17z\/data=!3m1!4b1!4m6!3m5!1s0x14a1bd33277e3f81:0x7af45a16597586eb!8m2!3d37.9922736!4d23.7308819!16s%2Fg%2F11cnch5vbz?entry=ttu&amp;g_ep=EgoyMDI1MDMxMi4wIKXMDSoASAFQAw%3D%3D\" data-type=\"link\" data-id=\"https:\/\/www.google.com\/maps\/place\/Feron+4,+Athina+104+34\/@37.9922778,23.728307,17z\/data=!3m1!4b1!4m6!3m5!1s0x14a1bd33277e3f81:0x7af45a16597586eb!8m2!3d37.9922736!4d23.7308819!16s%2Fg%2F11cnch5vbz?entry=ttu&amp;g_ep=EgoyMDI1MDMxMi4wIKXMDSoASAFQAw%3D%3D\">Feron 4, Athens<\/a><\/p>\n\n\n\n<p>? Facebook page: <a href=\"https:\/\/www.facebook.com\/uadiasporaingreece\">https:\/\/www.facebook.com\/uadiasporaingreece<\/a> <\/p>\n\n\n\n<p>?Phone: +30 2108219950, +30 6973520645<\/p>\n\n\n\n<p><strong>2. Communaut\u00e9 Congolaise de Gr\u00e8ce<\/strong><\/p>\n\n\n\n<p>?Address: <a href=\"https:\/\/www.google.com\/maps\/place\/Skyrou+17,+Athina+113+63\/@38.0007964,23.7382323,17z\/data=!3m1!4b1!4m6!3m5!1s0x14a1a2b7f4f91839:0xc0a116c1e08be4e8!8m2!3d38.0007922!4d23.7408072!16s%2Fg%2F11kmcdrngd?entry=ttu&amp;g_ep=EgoyMDI1MDMxMi4wIKXMDSoASAFQAw%3D%3D\" data-type=\"link\" data-id=\"https:\/\/www.google.com\/maps\/place\/Skyrou+17,+Athina+113+63\/@38.0007964,23.7382323,17z\/data=!3m1!4b1!4m6!3m5!1s0x14a1a2b7f4f91839:0xc0a116c1e08be4e8!8m2!3d38.0007922!4d23.7408072!16s%2Fg%2F11kmcdrngd?entry=ttu&amp;g_ep=EgoyMDI1MDMxMi4wIKXMDSoASAFQAw%3D%3D\">Skyrou 17, Kypseli, Athens<\/a><\/p>\n\n\n\n<p>?Facebook page: <a href=\"https:\/\/www.facebook.com\/congolesecommunityofgreece\">https:\/\/www.facebook.com\/congolesecommunityofgreece<\/a><\/p>\n\n\n\n<p>? Phone: +30 6989706401<\/p>\n\n\n\n<p><strong>3. La Communaut\u00e9 Ivoirienne de la Gr\u00e8ce<\/strong><\/p>\n\n\n\n<p>?Address: <a href=\"https:\/\/www.google.com\/maps\/place\/Skyrou+17,+Athina+113+63\/@38.0007964,23.7382323,17z\/data=!3m1!4b1!4m6!3m5!1s0x14a1a2b7f4f91839:0xc0a116c1e08be4e8!8m2!3d38.0007922!4d23.7408072!16s%2Fg%2F11kmcdrngd?entry=ttu&amp;g_ep=EgoyMDI1MDMxMi4wIKXMDSoASAFQAw%3D%3D\" data-type=\"link\" data-id=\"https:\/\/www.google.com\/maps\/place\/Skyrou+17,+Athina+113+63\/@38.0007964,23.7382323,17z\/data=!3m1!4b1!4m6!3m5!1s0x14a1a2b7f4f91839:0xc0a116c1e08be4e8!8m2!3d38.0007922!4d23.7408072!16s%2Fg%2F11kmcdrngd?entry=ttu&amp;g_ep=EgoyMDI1MDMxMi4wIKXMDSoASAFQAw%3D%3D\">Io\u00e1nnou Drosopo\u00falou 229, Athens, Greece<\/a><\/p>\n\n\n\n<p>?Facebook page: <a href=\"https:\/\/www.facebook.com\/IvorianCommunityofGreece\">https:\/\/www.facebook.com\/IvorianCommunityofGreece<\/a><\/p>\n\n\n\n<p>?Phone: +30 6946500347<\/p>\n\n\n\n<p><strong>4. Burundian Community in Greece<\/strong><\/p>\n\n\n\n<p>?Address: Athens<\/p>\n\n\n\n<p>?Facebook page: <a href=\"https:\/\/www.facebook.com\/burundiancommunitygreece\">https:\/\/www.facebook.com\/burundiancommunitygreece<\/a><\/p>\n\n\n\n<p>?Phone: +30 6949799948<\/p>\n\n\n\n<p><strong>5. United African Women in Greece<\/strong><\/p>\n\n\n\n<p>?Address: Athens<\/p>\n\n\n\n<p>?Website: <a href=\"https:\/\/www.africanwomens.gr\/\">https:\/\/www.africanwomens.gr\/<\/a><\/p>\n\n\n\n<p>?Phone: +30 6942772927<\/p>\n\n\n\n<p><\/p>\n","protected":false},"excerpt":{"rendered":"<p>1. The United Ukrainian Diaspora in Greece ?Address: Feron 4, Athens ? Facebook page: https:\/\/www.facebook.com\/uadiasporaingreece ?Phone: +30 2108219950, +30 6973520645 2. Communaut\u00e9 Congolaise de Gr\u00e8ce ?Address: Skyrou 17, Kypseli, Athens ?Facebook page: https:\/\/www.facebook.com\/congolesecommunityofgreece ? Phone: +30 6989706401 3. La Communaut\u00e9 Ivoirienne de la Gr\u00e8ce ?Address: Io\u00e1nnou Drosopo\u00falou 229, Athens, Greece ?Facebook page: https:\/\/www.facebook.com\/IvorianCommunityofGreece ?Phone: +30 [&hellip;]<\/p>\n","protected":false},"author":296,"featured_media":0,"parent":2,"menu_order":10,"comment_status":"closed","ping_status":"closed","template":"","meta":{"_acf_changed":false,"footnotes":""},"class_list":["post-6649","page","type-page","status-publish","hentry"],"acf":[],"_links":{"self":[{"href":"https:\/\/help.unhcr.org\/greece\/wp-json\/wp\/v2\/pages\/6649","targetHints":{"allow":["GET"]}}],"collection":[{"href":"https:\/\/help.unhcr.org\/greece\/wp-json\/wp\/v2\/pages"}],"about":[{"href":"https:\/\/help.unhcr.org\/greece\/wp-json\/wp\/v2\/types\/page"}],"author":[{"embeddable":true,"href":"https:\/\/help.unhcr.org\/greece\/wp-json\/wp\/v2\/users\/296"}],"replies":[{"embeddable":true,"href":"https:\/\/help.unhcr.org\/greece\/wp-json\/wp\/v2\/comments?post=6649"}],"version-history":[{"count":39,"href":"https:\/\/help.unhcr.org\/greece\/wp-json\/wp\/v2\/pages\/6649\/revisions"}],"predecessor-version":[{"id":30380,"href":"https:\/\/help.unhcr.org\/greece\/wp-json\/wp\/v2\/pages\/6649\/revisions\/30380"}],"up":[{"embeddable":true,"href":"https:\/\/help.unhcr.org\/greece\/wp-json\/wp\/v2\/pages\/2"}],"wp:attachment":[{"href":"https:\/\/help.unhcr.org\/greece\/wp-json\/wp\/v2\/media?parent=6649"}],"curies":[{"name":"wp","href":"https:\/\/api.w.org\/{rel}","templated":true}]}}