{"id":8798,"date":"2022-08-24T11:50:21","date_gmt":"2022-08-24T11:50:21","guid":{"rendered":"https:\/\/help.unhcr.org\/greece\/?page_id=8798"},"modified":"2025-05-08T08:07:17","modified_gmt":"2025-05-08T08:07:17","slug":"les-nouveaux-arrivants","status":"publish","type":"page","link":"https:\/\/help.unhcr.org\/greece\/fr\/applying-for-asylum\/les-nouveaux-arrivants\/","title":{"rendered":"Informations pour les nouveaux arrivants en Gr\u00e8ce"},"content":{"rendered":"\n<p class=\"has-text-align-center has-background\" style=\"background-color:#fcf366\"><strong>Veuillez conserver ou t\u00e9l\u00e9charger le d\u00e9pliant contenant les informations essentielles pour votre arriv\u00e9e<\/strong><\/p>\n\n\n\n<figure class=\"wp-block-image size-full\"><img loading=\"lazy\" decoding=\"async\" width=\"667\" height=\"941\" src=\"https:\/\/help.unhcr.org\/greece\/wp-content\/uploads\/sites\/6\/2025\/05\/Key-info-upon-arrival.-French.png\" alt=\"\" class=\"wp-image-29418\" srcset=\"https:\/\/help.unhcr.org\/greece\/wp-content\/uploads\/sites\/6\/2025\/05\/Key-info-upon-arrival.-French.png 667w, https:\/\/help.unhcr.org\/greece\/wp-content\/uploads\/sites\/6\/2025\/05\/Key-info-upon-arrival.-French-213x300.png 213w\" sizes=\"auto, (max-width: 667px) 100vw, 667px\" \/><\/figure>\n","protected":false},"excerpt":{"rendered":"<p>Veuillez conserver ou t\u00e9l\u00e9charger le d\u00e9pliant contenant les informations essentielles pour votre arriv\u00e9e<\/p>\n","protected":false},"author":296,"featured_media":0,"parent":189,"menu_order":-3,"comment_status":"closed","ping_status":"closed","template":"page-templates\/sectioned.php","meta":{"_acf_changed":false,"footnotes":""},"class_list":["post-8798","page","type-page","status-publish","hentry"],"acf":[],"_links":{"self":[{"href":"https:\/\/help.unhcr.org\/greece\/fr\/wp-json\/wp\/v2\/pages\/8798","targetHints":{"allow":["GET"]}}],"collection":[{"href":"https:\/\/help.unhcr.org\/greece\/fr\/wp-json\/wp\/v2\/pages"}],"about":[{"href":"https:\/\/help.unhcr.org\/greece\/fr\/wp-json\/wp\/v2\/types\/page"}],"author":[{"embeddable":true,"href":"https:\/\/help.unhcr.org\/greece\/fr\/wp-json\/wp\/v2\/users\/296"}],"replies":[{"embeddable":true,"href":"https:\/\/help.unhcr.org\/greece\/fr\/wp-json\/wp\/v2\/comments?post=8798"}],"version-history":[{"count":12,"href":"https:\/\/help.unhcr.org\/greece\/fr\/wp-json\/wp\/v2\/pages\/8798\/revisions"}],"predecessor-version":[{"id":29428,"href":"https:\/\/help.unhcr.org\/greece\/fr\/wp-json\/wp\/v2\/pages\/8798\/revisions\/29428"}],"up":[{"embeddable":true,"href":"https:\/\/help.unhcr.org\/greece\/fr\/wp-json\/wp\/v2\/pages\/189"}],"wp:attachment":[{"href":"https:\/\/help.unhcr.org\/greece\/fr\/wp-json\/wp\/v2\/media?parent=8798"}],"curies":[{"name":"wp","href":"https:\/\/api.w.org\/{rel}","templated":true}]}}