{"id":8266,"date":"2022-06-28T11:29:56","date_gmt":"2022-06-28T11:29:56","guid":{"rendered":"https:\/\/help.unhcr.org\/greece\/?page_id=8266"},"modified":"2025-05-23T07:21:53","modified_gmt":"2025-05-23T07:21:53","slug":"gbv-french","status":"publish","type":"page","link":"https:\/\/help.unhcr.org\/greece\/fr\/where-to-seek-help\/gbv-french\/","title":{"rendered":"Subissez-vous des violences? Vous sentez-vous en s\u00e9curit\u00e9 ?"},"content":{"rendered":"\n<figure class=\"wp-block-image size-large\"><img loading=\"lazy\" decoding=\"async\" width=\"1024\" height=\"474\" src=\"https:\/\/help.unhcr.org\/greece\/wp-content\/uploads\/sites\/6\/2022\/06\/violence-1024x474.png\" alt=\"\" class=\"wp-image-8268\" srcset=\"https:\/\/help.unhcr.org\/greece\/wp-content\/uploads\/sites\/6\/2022\/06\/violence-1024x474.png 1024w, https:\/\/help.unhcr.org\/greece\/wp-content\/uploads\/sites\/6\/2022\/06\/violence-300x139.png 300w, https:\/\/help.unhcr.org\/greece\/wp-content\/uploads\/sites\/6\/2022\/06\/violence-768x356.png 768w, https:\/\/help.unhcr.org\/greece\/wp-content\/uploads\/sites\/6\/2022\/06\/violence.png 1080w\" sizes=\"auto, (max-width: 1024px) 100vw, 1024px\" \/><\/figure>\n\n\n\n<p><\/p>\n\n\n\n<p class=\"has-white-color has-text-color has-background has-link-color wp-elements-1a56a67e3dd85e47da6b81731d81a95f\" style=\"background-color:#0072bc\"><strong>Vous sentez-vous en s\u00e9curit\u00e9 \u00e0 l&rsquo;endroit o\u00f9 vous s\u00e9journez, dans la rue, dans le camp, dans un appartement ? Est-ce que quelqu&rsquo;un essaie de vous faire du mal ou vous a d\u00e9j\u00e0 fait du mal ?<\/strong><\/p>\n\n\n\n<p class=\"has-white-color has-text-color has-background has-link-color wp-elements-f6d154fa9d7b10a90db01001d6be50c1\" style=\"background-color:#0072bc\"><strong>Si vous avez r\u00e9pondu oui \u00e0 l&rsquo;une de ces questions, vous pourriez \u00eatre victime d&rsquo;une forme de violence.<\/strong><\/p>\n\n\n\n<p class=\"has-white-color has-text-color has-background has-link-color wp-elements-d3289c9ab457eb684482beeddc113b85\" style=\"background-color:#0072bc\"><strong>Cela peut provenir d&rsquo;un conjoint, d&rsquo;un parent, d&rsquo;une personne que vous ne connaissez pas personnellement ou d&rsquo;une personne ayant du pouvoir<\/strong>.<\/p>\n\n\n\n<p>Si vous avez subi des violences sexuelles, rendez-vous \u00e0 l&rsquo;h\u00f4pital ou \u00e0 la clinique m\u00e9dicale d\u00e8s que possible pour vous assurer d&rsquo;obtenir le soutien m\u00e9dical dont vous pourriez avoir besoin. Informez le service des maladies infectieuses de l&rsquo;h\u00f4pital que vous avez subi des violences sexuelles et si n\u00e9cessaire, obtenez une prophylaxie post-exposition ou traitement PPE dans les 72 heures ou 3 jours suivant l&rsquo;incident. Le PPE est un traitement d&rsquo;urgence disponible pour les survivantes de viol, qui permet d&rsquo;\u00e9viter de contracter une maladie sexuellement transmissible, le VIH SIDA ou une grossesse non d\u00e9sir\u00e9e. Le PPE devrait \u00eatre mis \u00e0 la disposition de tous les survivants de violences sexuelles, que vous ayez une couverture maladie ou non.<\/p>\n\n\n\n<p>Si vous avez \u00e9t\u00e9 victime de violence et avez besoin d&rsquo;aide ou de quelqu&rsquo;un \u00e0 qui parler et que vous vivez \u00e0 Ath\u00e8nes, Thessalonique, Lesbos et Samos, vous pouvez contacter:<\/p>\n\n\n\n<p><strong>1. l&rsquo;organisation &lsquo;Diotima&rsquo;<\/strong> \u00e0 leur bureau d\u2019aide, sur Facebook que vous trouverez sous le nom: @DiotimaHelpdesk ou appelez les aux num\u00e9ros suivants:<\/p>\n\n\n\n<p>?<strong>Pour Ath\u00e8nes, <\/strong>de 10h00 \u00e0 17h00, vous pouvez appeler <strong>ce num\u00e9ro<\/strong>: 2108816405.<\/p>\n\n\n\n<p>?<strong>Pour Thessalonique<\/strong>, de 9h00 \u00e0 17h00, vous pouvez appeler <strong>ce num\u00e9ro<\/strong>: 2310534445.<\/p>\n\n\n\n<p>?<strong>Pour Samos, <\/strong>de 09h30 \u00e0 17h30 vous pouvez appeler <strong>ce num\u00e9ro<\/strong>: 2273086271<\/p>\n\n\n\n<p>Tous les emplacements qui viennent d&rsquo;\u00eatre r\u00e9pertori\u00e9s fournissent \u00e9galement des services via Whatsapp ou Viber, une fois que vous appelez, les num\u00e9ros de t\u00e9l\u00e9phone WhatsApp et Viber vous seront fournis. Les services Diotima sont disponibles en langue arabe, farsi, fran\u00e7ais, sorani et turc, selon l&#8217;emplacement.<\/p>\n\n\n\n<p><strong>2. Ligne d\u2019assistance t\u00e9l\u00e9phonique et de soutien LGBTI<\/strong><\/p>\n\n\n\n<p>Informations concernant l\u2019assistance disponible pour les personnes lesbiennes, gays, bisexuelles, transgenres et intersexu\u00e9es (LGBTI) en Gr\u00e8ce.<\/p>\n\n\n\n<p>?<strong>Num\u00e9ro de t\u00e9l\u00e9phone<\/strong>: 11528<\/p>\n\n\n\n<p>?<strong>Horaires d\u2019ouverture<\/strong>:&nbsp;du lundi au vendredi&nbsp;: de 13&nbsp;h&nbsp;00 \u00e0 21&nbsp;h&nbsp;00<\/p>\n\n\n\n<p>?<strong>Langues<\/strong>: anglais et grec<\/p>\n\n\n\n<p>Le service en langue fran\u00e7aise est disponible sur demande et certaines autres langues peuvent \u00eatre disponibles parfois dans le cadre des appels de suivi via Skype. Les demandes aff\u00e9rentes \u00e0 ces appels par Skype peuvent \u00eatre formul\u00e9es par\u00a0<a href=\"mailto:diplasou@11528.gr\">courriel<\/a>.<\/p>\n\n\n\n<p><strong>3. Secr\u00e9tariat g\u00e9n\u00e9ral pour l\u2019\u00e9galit\u00e9 des sexes<\/strong><\/p>\n\n\n\n<p>?<strong>Num\u00e9ro de t\u00e9l\u00e9phone<\/strong>:&nbsp;15900<\/p>\n\n\n\n<p>?<strong>Le site Web<\/strong>: <a href=\"https:\/\/isotita.gr\/en\/home\/\" data-type=\"URL\" data-id=\"https:\/\/isotita.gr\/en\/home\/\">https:\/\/isotita.gr\/en\/home\/<\/a><\/p>\n\n\n\n<p>?<strong>Langues: <\/strong>anglais et grec<\/p>\n\n\n\n<p class=\"has-white-color has-text-color has-background has-link-color wp-elements-9a6d71922064ede68703cced22038b28\" style=\"background-color:#0072bc\">Si vous vivez dans un camp, vous pouvez parler au responsable du camp ou \u00e0 un m\u00e9decin ou une infirmi\u00e8re des autorit\u00e9s m\u00e9dicaux travaillant dans le camp.<\/p>\n\n\n\n<p><\/p>\n\n\n\n<p class=\"has-white-color has-text-color has-background has-link-color wp-elements-903bacc5a5f5f07836dc642afb5f2071\" style=\"background-color:#0072bc\">Si vous vivez ailleurs et que vous ne savez pas \u00e0 qui vous adresser, vous pouvez appeler la ligne d&rsquo;assistance SOS du Secr\u00e9tariat g\u00e9n\u00e9ral de la planification familiale et de l&rsquo;\u00e9galit\u00e9 des sexes au 15900.<\/p>\n","protected":false},"excerpt":{"rendered":"<p>Vous sentez-vous en s\u00e9curit\u00e9 \u00e0 l&rsquo;endroit o\u00f9 vous s\u00e9journez, dans la rue, dans le camp, dans un appartement ? Est-ce que quelqu&rsquo;un essaie de vous faire du mal ou vous a d\u00e9j\u00e0 fait du mal ? Si vous avez r\u00e9pondu oui \u00e0 l&rsquo;une de ces questions, vous pourriez \u00eatre victime d&rsquo;une forme de violence. Cela [&hellip;]<\/p>\n","protected":false},"author":296,"featured_media":0,"parent":125,"menu_order":0,"comment_status":"closed","ping_status":"closed","template":"","meta":{"_acf_changed":false,"footnotes":""},"class_list":["post-8266","page","type-page","status-publish","hentry"],"acf":[],"_links":{"self":[{"href":"https:\/\/help.unhcr.org\/greece\/fr\/wp-json\/wp\/v2\/pages\/8266","targetHints":{"allow":["GET"]}}],"collection":[{"href":"https:\/\/help.unhcr.org\/greece\/fr\/wp-json\/wp\/v2\/pages"}],"about":[{"href":"https:\/\/help.unhcr.org\/greece\/fr\/wp-json\/wp\/v2\/types\/page"}],"author":[{"embeddable":true,"href":"https:\/\/help.unhcr.org\/greece\/fr\/wp-json\/wp\/v2\/users\/296"}],"replies":[{"embeddable":true,"href":"https:\/\/help.unhcr.org\/greece\/fr\/wp-json\/wp\/v2\/comments?post=8266"}],"version-history":[{"count":11,"href":"https:\/\/help.unhcr.org\/greece\/fr\/wp-json\/wp\/v2\/pages\/8266\/revisions"}],"predecessor-version":[{"id":29805,"href":"https:\/\/help.unhcr.org\/greece\/fr\/wp-json\/wp\/v2\/pages\/8266\/revisions\/29805"}],"up":[{"embeddable":true,"href":"https:\/\/help.unhcr.org\/greece\/fr\/wp-json\/wp\/v2\/pages\/125"}],"wp:attachment":[{"href":"https:\/\/help.unhcr.org\/greece\/fr\/wp-json\/wp\/v2\/media?parent=8266"}],"curies":[{"name":"wp","href":"https:\/\/api.w.org\/{rel}","templated":true}]}}