{"id":816,"date":"2018-03-02T07:10:47","date_gmt":"2018-03-02T07:10:47","guid":{"rendered":"http:\/\/help.unhcr.org\/greece\/?page_id=816"},"modified":"2025-05-06T10:36:41","modified_gmt":"2025-05-06T10:36:41","slug":"acces-aux-soins-et-services-de-sante","status":"publish","type":"page","link":"https:\/\/help.unhcr.org\/greece\/fr\/vivre-en-grece\/acces-aux-soins-et-services-de-sante\/","title":{"rendered":"Soins et services de sant\u00e9"},"content":{"rendered":"\n<p class=\"has-white-color has-text-color has-background has-link-color wp-elements-7e020fcc080595dbac9f98bbe6aafa73\" style=\"background-color:#0072bc\"><strong>Comment acc\u00e9der aux services de soins de sant\u00e9 en Gr\u00e8ce<\/strong><\/p>\n\n\n\n<p>Tout r\u00e9fugi\u00e9 ou demandeur d\u2019asile en Gr\u00e8ce a le droit d\u2019acc\u00e9der aux soins de sant\u00e9 primaires, secondaires et tertiaires.<\/p>\n\n\n\n<p class=\"has-white-color has-text-color has-background has-link-color wp-elements-fd3142b62b4bf99953a40c4627c9f9aa\" style=\"background-color:#0072bc\"><strong>En cas d\u2019urgence<\/strong><\/p>\n\n\n\n<p>En cas d\u2019urgence m\u00e9dicale et si vous avez besoin de recevoir une aide m\u00e9dicale imm\u00e9diate et urgente, vous pouvez acc\u00e9der aux services m\u00e9dicaux du service des urgences d\u2019un h\u00f4pital. L\u2019information concernant les h\u00f4pitaux disposant d\u2019un service des urgences de garde et quels jours, est fournie&nbsp;<a href=\"https:\/\/www.vrisko.gr\/en\/hospital-duties\">ici<\/a>&nbsp;par le minist\u00e8re de la Sant\u00e9.&nbsp;<strong>VEUILLEZ NOTER<\/strong>&nbsp;que les renseignements fournis sur ce lien sont en grec.<\/p>\n\n\n\n<p>En cas d\u2019URGENCE M\u00c9DICALE, vous pouvez appeler aussi &nbsp;le numero&nbsp;:&nbsp;<strong>166<\/strong><\/p>\n\n\n\n<p class=\"has-white-color has-text-color has-background has-link-color wp-elements-e882b03976fbfa81c3d0d9650d64ac48\" style=\"background-color:#0072bc\"><strong>Pour prendre rendez-vous aupr\u00e8s d\u2019un h\u00f4pital<\/strong><\/p>\n\n\n\n<p>Il y a plusieurs mani\u00e8res de prendre rendez-vous aupr\u00e8s d\u2019un h\u00f4pital en Gr\u00e8ce.<\/p>\n\n\n\n<p><strong>Si vous poss\u00e9dez un A.M.K.A. (num\u00e9ro de s\u00e9curit\u00e9 sociale) ou PAAYPA&nbsp;:<\/strong><\/p>\n\n\n\n<ul class=\"wp-block-list\">\n<li>Veuillez appeler la ligne t\u00e9l\u00e9phonique nationale\u00a0<strong>1535\u00a0<\/strong>et suivre les instructions (grec-anglais).<\/li>\n\n\n\n<li>Si vous souhaitez vous rendre \u00e0 un h\u00f4pital d\u00e9termin\u00e9, vous pouvez prendre rendez-vous en appelant directement l\u2019h\u00f4pital.<\/li>\n\n\n\n<li>Vous pouvez aussi utiliser les services m\u00e9dicaux des Centres m\u00e9dicaux d\u2019IKA. \u00a0Pour prendre rendez-vous aupr\u00e8s de ces centres m\u00e9dicaux, veuillez utiliser la ligne t\u00e9l\u00e9phonique nationale\u00a0<strong>14900<\/strong>\u00a0et suivre les instructions.<\/li>\n\n\n\n<li>Il existe \u00e9galement un autre \u00e9tablissement m\u00e9dical appel\u00e9 TOMY, o\u00f9 vous pouvez recevoir des services m\u00e9dicaux, en particulier des soins de sant\u00e9 primaires. Pour b\u00e9n\u00e9ficier des services m\u00e9dicaux de TOMY, vous devez vous inscrire \u00e0 celui qui est disponible dans votre ville ou votre quartier, le cas \u00e9ch\u00e9ant.<\/li>\n<\/ul>\n\n\n\n<p><strong>Si vous ne poss\u00e9dez pas d\u2019A.M.K.A. (num\u00e9ro de s\u00e9curit\u00e9 sociale)&nbsp;ou PAAYPA:<\/strong><\/p>\n\n\n\n<p><strong>Les Collaborateurs qui g\u00e8rent les appartements ou les h\u00f4tels :&nbsp;<\/strong>Le partenaire doit appeler la ligne nationale ou directement l&rsquo;h\u00f4pital et suivre les instructions.<\/p>\n\n\n\n<p><strong>Centres d\u2019hospitalit\u00e9s (Site):<\/strong> L\u2019\u00e9quipe M\u00e9dicale et Psychosociale qui fonctionne au centre appeler la ligne nationale ou directement l&rsquo;h\u00f4pital et suivre les instructions.<\/p>\n\n\n\n<p>En Gr\u00e8ce, l\u2019obtention d\u2019un rendez-vous aupr\u00e8s d\u2019un \u00e9tablissement public de sant\u00e9 (h\u00f4pitaux ou centres m\u00e9dicaux) prend en g\u00e9n\u00e9ral entre plusieurs semaines et plusieurs mois, en fonction de la sp\u00e9cialit\u00e9 m\u00e9dicale ou de l\u2019examen m\u00e9dical requis.<\/p>\n\n\n\n<p><strong>Les h\u00f4pitaux en Gr\u00e8ce&nbsp;:<\/strong><\/p>\n\n\n\n<p>Le minist\u00e8re de la Sant\u00e9 fournit une liste approuv\u00e9e concernant &nbsp;tous les h\u00f4pitaux en Gr\u00e8ce&nbsp;<a href=\"https:\/\/www.xo.gr\/dir-az\/H\/Hospitals\/?lang=en\">ici<\/a>. &nbsp;<strong>VEUILLEZ NOTER QUE<\/strong>&nbsp;ces renseignements sont fournis en anglais.<\/p>\n\n\n\n<p><strong>&nbsp;Les centres m\u00e9dicaux municipaux&nbsp;:<\/strong><\/p>\n\n\n\n<p>De nombreuses communes poss\u00e8dent des centres m\u00e9dicaux o\u00f9 tous les r\u00e9fugi\u00e9s et les demandeurs d\u2019asile (poss\u00e9dant ou pas un AMKA) peuvent acc\u00e9der \u00e0 des services m\u00e9dicaux qui sont offerts par ces centres&nbsp; m\u00e9dicaux. Afin d\u2019obtenir l\u2019information dont vous aurez besoin, vous appellerez &nbsp;ou vous vous rendrez \u00e0 la Mairie de votre commune.<\/p>\n\n\n\n<p><strong>Les centres m\u00e9dicaux dirig\u00e9s par des ONG&nbsp;:<\/strong><\/p>\n\n\n\n<p>De nombreuses ONG font fonctionner &nbsp;des centres m\u00e9dicaux et des polycliniques qui&nbsp; offrent &nbsp;diff\u00e9rents &nbsp;services m\u00e9dicaux aux demandeurs d\u2019asile et aux r\u00e9fugi\u00e9s en Gr\u00e8ce. Pour obtenir de plus amples informations concernant les cliniques disponibles, y compris l\u2019adresse, des &nbsp;services m\u00e9diaux disponibles et aussi &nbsp;pour prendre rendez-vous, veuillez appeler&nbsp;:<\/p>\n\n\n\n<p><strong>PRAKSIS&nbsp;:<\/strong>&nbsp;210-8213704<\/p>\n\n\n\n<p><strong>M\u00e9decins du Monde<\/strong>&nbsp;: 210-3213150<\/p>\n\n\n\n<p><strong>M\u00e9decins Sans Fronti\u00e8res<\/strong>&nbsp;: 210-5200500<\/p>\n\n\n\n<p><strong>Croix-Rouge hell\u00e9nique&nbsp;:&nbsp;<\/strong>210-3613848<\/p>\n\n\n\n<p><strong>Solidarity Now&nbsp;:&nbsp;<\/strong>210-6772500<\/p>\n\n\n\n<p class=\"has-white-color has-text-color has-background has-link-color wp-elements-c5c4542a1c59aaa5080addc9f044fdd1\" style=\"background-color:#0072bc\"><strong>Les vaccinations<\/strong><\/p>\n\n\n\n<p>Si vous poss\u00e9dez un A.M.K.A., vous pouvez avoir acc\u00e8s aux vaccinations dans les h\u00f4pitaux et les centres m\u00e9dicaux publics. Les vaccinations peuvent \u00eatre acc\u00e9d\u00e9 au centre de la m\u00e8re et l\u2019enfant. &nbsp;Plus de d\u00e9tails concernant&nbsp;quels Centres M\u00e9dicaux qui&nbsp;administrent des vaccins, vous pouvez les trouver&nbsp;<u>ici<\/u>.<\/p>\n\n\n\n<p>Les&nbsp;<strong>M\u00e9decins du Monde<\/strong>&nbsp;(M.D.M.) et la<strong>&nbsp;Croix-Rouge hell\u00e9nique&nbsp;<\/strong>sont des&nbsp;<strong>ONG<\/strong>&nbsp;certifi\u00e9s qui fournissent des services de vaccinations dans leurs Polycliniques.<\/p>\n\n\n\n<p>Pour plus d\u2019informations&nbsp; vous pouvez appeler:<\/p>\n\n\n\n<p><strong>M\u00e9decins du Monde<\/strong>&nbsp;: 210-3213150<\/p>\n\n\n\n<p><strong>Croix-Rouge hell\u00e9nique&nbsp;:&nbsp;<\/strong>210-3613848<\/p>\n\n\n\n<p class=\"has-white-color has-text-color has-background has-link-color wp-elements-06a1a6d9101f8d280c59e12dd7bf5e63\" style=\"background-color:#0072bc\"><strong>La fourniture de m\u00e9dicaments<\/strong><\/p>\n\n\n\n<p>Afin d\u2019acc\u00e9der aux m\u00e9dicaments requis gratuitement ou moyennant une somme modique, vous devez disposer de l\u2019ordonnance d\u2019un m\u00e9decin d\u2019un \u00e9tablissement public de sant\u00e9 (un h\u00f4pital ou un centre m\u00e9dical). Si vous poss\u00e9dez un AMKA et vous disposez d\u2019une prescription m\u00e9dicale \u00e9lectronique, vous pourrez obtenir vos m\u00e9dicaments dans n\u2019importe quelle pharmacie.<\/p>\n\n\n\n<p>Si vous ne poss\u00e9dez pas de AMKA, mais que vous disposez de l\u2019ordonnance <strong>d\u2019un m\u00e9decin d\u2019un h\u00f4pital ou d\u2019un centre m\u00e9dical publics<\/strong>, m\u00eame si elle est r\u00e9dig\u00e9e \u00e0 la main, vous pourrez obtenir gratuitement vos m\u00e9dicaments aupr\u00e8s de la pharmacie <strong>de l\u2019h\u00f4pital o\u00f9 le m\u00e9decin vous a fait la prescription<\/strong>.<\/p>\n\n\n\n<p class=\"has-white-color has-text-color has-background has-link-color wp-elements-bc04ff2375dffe7ed6880e1a779615d8\" style=\"background-color:#0072bc\"><strong>Traitement contre le SIDA et conseils<\/strong><\/p>\n\n\n\n<p>L\u2019organisation nationale de la sant\u00e9 publique (EODY) dispose d\u2019une ligne t\u00e9l\u00e9phonique \u00e0 travers laquelle vous pourrez acc\u00e9der \u00e0 des informations m\u00e9dicales telles que les endroits o\u00f9 vous pourrez effectuer le test de d\u00e9pistage, les h\u00f4pitaux qui peuvent fournir la pr\u00e9caution pr\u00e9ventive apr\u00e8s l\u2019exposition PEP (prophylaxie post-exposition) et autres informations. Pour obtenir des renseignements relatifs au SIDA en grec et en anglais, vous pouvez appeler au no :&nbsp;&nbsp;<strong>210 72 22 222<\/strong><\/p>\n\n\n\n<p>En outre, EODY met \u00e0 disposition un centre du Conseil pour le VIH\/SIDA o\u00f9 ils ne re\u00e7oivent que sur rendez-vous. Pour prendre un rendez-vous, vous pouvez appeler : 210 72 39 945<\/p>\n\n\n\n<p class=\"has-white-color has-text-color has-background has-link-color wp-elements-ac6aff6e43984972a59b6c279c14266a\" style=\"background-color:#0072bc\"><strong>Empoisonnement<\/strong><\/p>\n\n\n\n<p>Le Centre anti-poison grec dispose d\u2019une ligne t\u00e9l\u00e9phonique pour fournir des renseignements et des conseils, qui fonctionne 24h\/24 et 7j\/7.<\/p>\n\n\n\n<p>Pour obtenir des conseils concernant l\u2019empoisonnement, vous pouvez appeler&nbsp;: <strong>210 7793777<\/strong><\/p>\n\n\n\n<p>VEUILLEZ NOTER que ce service est uniquement fourni en grec.<\/p>\n\n\n\n<p>Autres sources d\u2019informations\u00a0utiles<\/p>\n\n\n\n<p>M\u00e9decins du Monde (MDM) fournit la pr\u00e9sente&nbsp;<a href=\"https:\/\/www.saferefugees.info\/speciality\/medical\">liste<\/a>&nbsp;de services m\u00e9dicaux et d\u2019ONG en Gr\u00e8ce.<\/p>\n\n\n\n<p>Un lexique de&nbsp;<strong>phrases cl\u00e9s et&nbsp;de termes m\u00e9dicaux en Anglais, Fran\u00e7ais, Arabe, Farsi et Ourdou est disponible&nbsp;<\/strong><a href=\"https:\/\/www.eda.admin.ch\/content\/dam\/countries\/countries-content\/greece\/en\/350.0_Kleines_Lexikon_1.pdf\">ici<\/a><strong>.&nbsp;<\/strong><\/p>\n","protected":false},"excerpt":{"rendered":"<p>Comment acc\u00e9der aux services de soins de sant\u00e9 en Gr\u00e8ce Tout r\u00e9fugi\u00e9 ou demandeur d\u2019asile en Gr\u00e8ce a le droit d\u2019acc\u00e9der aux soins de sant\u00e9 primaires, secondaires et tertiaires. En cas d\u2019urgence En cas d\u2019urgence m\u00e9dicale et si vous avez besoin de recevoir une aide m\u00e9dicale imm\u00e9diate et urgente, vous pouvez acc\u00e9der aux services m\u00e9dicaux [&hellip;]<\/p>\n","protected":false},"author":1,"featured_media":0,"parent":798,"menu_order":1,"comment_status":"closed","ping_status":"closed","template":"","meta":{"_acf_changed":false,"footnotes":""},"class_list":["post-816","page","type-page","status-publish","hentry"],"acf":[],"_links":{"self":[{"href":"https:\/\/help.unhcr.org\/greece\/fr\/wp-json\/wp\/v2\/pages\/816","targetHints":{"allow":["GET"]}}],"collection":[{"href":"https:\/\/help.unhcr.org\/greece\/fr\/wp-json\/wp\/v2\/pages"}],"about":[{"href":"https:\/\/help.unhcr.org\/greece\/fr\/wp-json\/wp\/v2\/types\/page"}],"author":[{"embeddable":true,"href":"https:\/\/help.unhcr.org\/greece\/fr\/wp-json\/wp\/v2\/users\/1"}],"replies":[{"embeddable":true,"href":"https:\/\/help.unhcr.org\/greece\/fr\/wp-json\/wp\/v2\/comments?post=816"}],"version-history":[{"count":16,"href":"https:\/\/help.unhcr.org\/greece\/fr\/wp-json\/wp\/v2\/pages\/816\/revisions"}],"predecessor-version":[{"id":29266,"href":"https:\/\/help.unhcr.org\/greece\/fr\/wp-json\/wp\/v2\/pages\/816\/revisions\/29266"}],"up":[{"embeddable":true,"href":"https:\/\/help.unhcr.org\/greece\/fr\/wp-json\/wp\/v2\/pages\/798"}],"wp:attachment":[{"href":"https:\/\/help.unhcr.org\/greece\/fr\/wp-json\/wp\/v2\/media?parent=816"}],"curies":[{"name":"wp","href":"https:\/\/api.w.org\/{rel}","templated":true}]}}