{"id":809,"date":"2018-03-02T07:13:20","date_gmt":"2018-03-02T07:13:20","guid":{"rendered":"http:\/\/help.unhcr.org\/greece\/?page_id=809"},"modified":"2018-05-09T10:23:21","modified_gmt":"2018-05-09T10:23:21","slug":"enregistrement-de-naissance","status":"publish","type":"page","link":"https:\/\/help.unhcr.org\/greece\/fr\/vivre-en-grece\/enregistrement-de-naissance\/","title":{"rendered":"Enregistrement de  naissance"},"content":{"rendered":"<p>Si votre enfant est n\u00e9(e) en Gr\u00e8ce, vous devrez d\u00e9clarer sa naissance aupr\u00e8s du bureau d\u2019\u00e9tat civil de la commune de sa naissance.<\/p>\n<p>Vous devrez fournir les documents suivants au bureau d\u2019\u00e9tat civil.<\/p>\n<ul>\n<li>La d\u00e9claration de naissance d\u00e9livr\u00e9e par le service d\u2019enregistrement de l\u2019h\u00f4pital ou de la clinique o\u00f9 la naissance a eu lieu. En g\u00e9n\u00e9ral, la d\u00e9claration de naissance est envoy\u00e9e directement par l\u2019h\u00f4pital au bureau d\u2019\u00e9tat civil local, afin que celui-ci d\u00e9livre l\u2019acte de naissance et temps et en heure. Sachez qu\u2019il est important de faire attention \u00e0 d\u00e9clarer votre nom tel qu\u2019il figure <strong>exactement <\/strong>dans tous vos documents officiels. Malheureusement les documents officiels contiennent parfois des fautes d&rsquo;orthographe et des erreurs de chiffres. Si c\u2019est le cas, la proc\u00e9dure permettant de les corriger est assez compliqu\u00e9e. Si l\u2019erreur est simple, elle peut \u00eatre corrig\u00e9e par ordre d\u2019un procureur g\u00e9n\u00e9ral. Si l\u2019erreur est plus compliqu\u00e9e, comme par exemple plus d\u2019une lettre ou d\u2019un chiffre incorrect(e), elle devra \u00eatre corrig\u00e9e par d\u00e9cision judiciaire, qui est une d\u00e9marche longue qui requiert une aide judiciaire.<\/li>\n<li>Permis de s\u00e9jour des parents ou cartes de demandeur d\u2019asile. Vous devrez pr\u00e9senter les documents originaux et fournir des photocopies.<\/li>\n<li>Num\u00e9ro d\u2019identification fiscale et num\u00e9ro de s\u00e9curit\u00e9 sociale (AFM et AMKA), ou une d\u00e9claration \u00e9crite attestant que vous ne disposez pas de ces num\u00e9ros.<\/li>\n<li>Livret de famille ou acte de mariage, si disponible.<\/li>\n<\/ul>\n<p>Pour les r\u00e9fugi\u00e9s et les demandeurs d\u2019asile, la d\u00e9claration de naissance contient les renseignements d\u00e9taill\u00e9s concernant les permis de s\u00e9jour des parents ou les cartes de demandeur d\u2019asile.<\/p>\n<p>Si le p\u00e8re de l\u2019enfant ne se trouve pas en Gr\u00e8ce lors de la naissance, ses coordonn\u00e9es ne seront pas inclues dans la d\u00e9claration de naissance et l\u2019enfant sera consid\u00e9r\u00e9(e) comme \u00e9tant n\u00e9(e) hors mariage. Dans ce cas, les seuls renseignements et documents exig\u00e9s sont ceux de la m\u00e8re. Dans ces cas-l\u00e0, le nom du p\u00e8re peut \u00eatre ajout\u00e9 ult\u00e9rieurement, une fois que le p\u00e8re aura reconnu volontairement la filiation.<\/p>\n<p>L\u2019enregistrement de la naissance n\u2019est achev\u00e9 qu\u2019apr\u00e8s d\u00e9livrance de l\u2019acte de naissance de la part du bureau d\u2019\u00e9tat civil.<\/p>\n<h3>Comment et quand doit-on enregistrer une naissance\u00a0?<\/h3>\n<p>En vertu de la loi, toutes les naissances en Gr\u00e8ce doivent \u00eatre enregistr\u00e9es dans les 10 jours suivant le jour de la naissance de l\u2019enfant. En cas d\u2019enregistrement diff\u00e9r\u00e9, il est possible que vous ayez \u00e0 payer l&rsquo;amende ci-dessous.<\/p>\n<p>Pour les naissances enregistr\u00e9es entre le 11<sup>e<\/sup> et le 100<sup>e<\/sup> jour apr\u00e8s la naissance, il y a une amende de 100\u00a0\u20ac.<\/p>\n<p>Pour les naissances enregistr\u00e9es apr\u00e8s le 100<sup>e<\/sup> jour apr\u00e8s la naissance, l\u2019amande passe \u00e0 300\u00a0\u20ac.<\/p>\n<h3>Qui peut enregistrer une naissance\u00a0?<\/h3>\n<p>L\u2019un quelconque des parents peut enregistrer la naissance. En outre, le m\u00e9decin, la sage-femme ou toute autre personne ayant assist\u00e9 \u00e0 la naissance peut aussi l\u2019enregistrer.<\/p>\n<h3>Copies int\u00e9grales de l\u2019acte de naissance<\/h3>\n<p>Une fois la naissance enregistr\u00e9e aupr\u00e8s du bureau d\u2019\u00e9tat civil, un acte de naissance contenant le nom et le sexe de l\u2019enfant ainsi que la date et le lieu de sa naissance est d\u00e9livr\u00e9. Une copie int\u00e9grale de l\u2019acte de naissance peut \u00eatre obtenue aupr\u00e8s d\u2019un quelconque KEP (centre de services aux citoyens).<\/p>\n<h3>Enregistrer le nom de l\u2019enfant<\/h3>\n<p>Il convient de souligner le fait que <strong>les deux parents doivent \u00eatre pr\u00e9sents afin de d\u00e9clarer le nom de l\u2019enfant\u00a0; \u00e0 d\u00e9faut,<\/strong> l\u2019un des deux peut \u00eatre autoris\u00e9 par l\u2019autre au moyen d\u2019une procuration ou d\u2019une autorisation. Dans les cas o\u00f9 le p\u00e8re se trouve dans un autre pays, il peut envoyer une autorisation officielle \u00e0 la m\u00e8re afin qu\u2019elle puisse d\u00e9clarer le nom de l\u2019enfant.<\/p>\n<p>Vous trouverez davantage de renseignements en grec concernant l\u2019enregistrement des naissances <a href=\"http:\/\/www.ypes.gr\/el\/Ministry\/Actions\/astikhs_dhmotikhs_katastashs\/themata_astikis_dhmotikhs_katastasis\/syxnes_erotiseis_astikis_dhmotikis_katastasis\/N_4144_lixiarxikes_praxeis_syxnew_erotiseis\/gennisi\/\">ici<\/a>, y compris les questions les plus fr\u00e9quentes et les r\u00e9ponses fournies par le minist\u00e8re de l\u2019Int\u00e9rieur.<\/p>\n","protected":false},"excerpt":{"rendered":"<p>Si votre enfant est n\u00e9(e) en Gr\u00e8ce, vous devrez d\u00e9clarer sa naissance aupr\u00e8s du bureau d\u2019\u00e9tat civil de la commune de sa naissance. Vous devrez fournir les documents suivants au bureau d\u2019\u00e9tat civil. La d\u00e9claration de naissance d\u00e9livr\u00e9e par le service d\u2019enregistrement de l\u2019h\u00f4pital ou de la clinique o\u00f9 la naissance a eu lieu. En [&hellip;]<\/p>\n","protected":false},"author":1,"featured_media":0,"parent":798,"menu_order":5,"comment_status":"closed","ping_status":"closed","template":"","meta":{"_acf_changed":false,"footnotes":""},"class_list":["post-809","page","type-page","status-publish","hentry"],"acf":[],"_links":{"self":[{"href":"https:\/\/help.unhcr.org\/greece\/fr\/wp-json\/wp\/v2\/pages\/809","targetHints":{"allow":["GET"]}}],"collection":[{"href":"https:\/\/help.unhcr.org\/greece\/fr\/wp-json\/wp\/v2\/pages"}],"about":[{"href":"https:\/\/help.unhcr.org\/greece\/fr\/wp-json\/wp\/v2\/types\/page"}],"author":[{"embeddable":true,"href":"https:\/\/help.unhcr.org\/greece\/fr\/wp-json\/wp\/v2\/users\/1"}],"replies":[{"embeddable":true,"href":"https:\/\/help.unhcr.org\/greece\/fr\/wp-json\/wp\/v2\/comments?post=809"}],"version-history":[{"count":3,"href":"https:\/\/help.unhcr.org\/greece\/fr\/wp-json\/wp\/v2\/pages\/809\/revisions"}],"predecessor-version":[{"id":1115,"href":"https:\/\/help.unhcr.org\/greece\/fr\/wp-json\/wp\/v2\/pages\/809\/revisions\/1115"}],"up":[{"embeddable":true,"href":"https:\/\/help.unhcr.org\/greece\/fr\/wp-json\/wp\/v2\/pages\/798"}],"wp:attachment":[{"href":"https:\/\/help.unhcr.org\/greece\/fr\/wp-json\/wp\/v2\/media?parent=809"}],"curies":[{"name":"wp","href":"https:\/\/api.w.org\/{rel}","templated":true}]}}