{"id":807,"date":"2018-03-02T07:13:44","date_gmt":"2018-03-02T07:13:44","guid":{"rendered":"http:\/\/help.unhcr.org\/greece\/?page_id=807"},"modified":"2018-05-09T10:20:12","modified_gmt":"2018-05-09T10:20:12","slug":"enregistrement-de-deces","status":"publish","type":"page","link":"https:\/\/help.unhcr.org\/greece\/fr\/vivre-en-grece\/enregistrement-de-deces\/","title":{"rendered":"Enregistrement de d\u00e9c\u00e8s"},"content":{"rendered":"<p>Si un membre de votre famille d\u00e9c\u00e8de, vous devrez d\u00e9clarer le d\u00e9c\u00e8s aupr\u00e8s du bureau d\u2019\u00e9tat civil le plus proche au sein de la commune o\u00f9 le d\u00e9c\u00e8s s\u2019est produit ou o\u00f9 l\u2019enterrement aura lieu.<\/p>\n<p>Vous devrez le faire dans les 24 heures suivant l\u2019\u00e9v\u00e9nement.<\/p>\n<p>Dans le cas o\u00f9 le d\u00e9c\u00e8s a lieu lors d\u2019un voyage en train, en voiture ou en avion, la d\u00e9claration devra \u00eatre effectu\u00e9e au lieu d\u2019arriv\u00e9e, d\u2019atterrissage ou de d\u00e9barquement.<\/p>\n<p>Si le d\u00e9c\u00e8s a lieu lors d\u2019un voyage en bateau, vous devrez d\u00e9clarer le d\u00e9c\u00e8s au capitaine, qui d\u00e9livrera un certificat que vous utiliserez pour obtenir l\u2019acte de d\u00e9c\u00e8s. Une copie de ce certificat est envoy\u00e9e par la capitainerie au bureau d\u2019enregistrement de l\u2019autorit\u00e9 portuaire du premier lieu de d\u00e9barquement.<\/p>\n<p>En cas de victimes d\u2019un naufrage, les proches des personnes d\u00e9c\u00e9d\u00e9es pourront d\u00e9cider soit d\u2019organiser l\u2019enterrement en Gr\u00e8ce, soit de rapatrier le corps, soit de le transf\u00e9rer dans un \u00c9tat tiers, le cas \u00e9ch\u00e9ant. Les autorit\u00e9s locales ou r\u00e9gionales, telles que la mairie ou la pr\u00e9fecture, participent \u00e0 la coordination et \u00e0 la diffusion d\u2019informations aupr\u00e8s des proches au sujet des options dont ils disposent et de la dur\u00e9e de la proc\u00e9dure.<\/p>\n<p>L\u2019obligation de fournir des renseignements d\u00e9taill\u00e9s pour l\u2019enregistrement du d\u00e9c\u00e8s p\u00e8se sur :<\/p>\n<ul>\n<li>les proches parents\u00a0;<\/li>\n<li>toute tierce personne pr\u00e9sente lors du d\u00e9c\u00e8s\u00a0; ou<\/li>\n<li>les pompes fun\u00e8bres.<\/li>\n<\/ul>\n<p>Afin de d\u00e9clarer le d\u00e9c\u00e8s et d\u2019obtenir l\u2019acte de d\u00e9c\u00e8s, vous devrez fournir les documents list\u00e9s ci-dessous.<\/p>\n<ul>\n<li>Un certificat m\u00e9dical d\u00e9crivant la cause du d\u00e9c\u00e8s, d\u00e9livr\u00e9 par un m\u00e9decin constatant le d\u00e9c\u00e8s. Si la cause du d\u00e9c\u00e8s est inconnue, soudaine ou inexpliqu\u00e9e, une autopsie devra \u00eatre effectu\u00e9e. Un ordre du procureur g\u00e9n\u00e9ral sera requis dans les cas o\u00f9 les proches de la personne d\u00e9c\u00e9d\u00e9e s\u2019opposent \u00e0 la r\u00e9alisation d\u2019une autopsie pour des motifs religieux.<\/li>\n<li>Pi\u00e8ce d\u2019identit\u00e9 de la personne qui d\u00e9clare le d\u00e9c\u00e8s.<\/li>\n<li>Pi\u00e8ce d\u2019identit\u00e9 de la personne d\u00e9c\u00e9d\u00e9e.<\/li>\n<li>Num\u00e9ro d\u2019identification fiscale et num\u00e9ro de s\u00e9curit\u00e9 sociale (AFM et AMKA) de la personne d\u00e9c\u00e9d\u00e9e, s\u2019ils sont disponibles.<\/li>\n<\/ul>\n<p>Sur l\u2019acte de d\u00e9c\u00e8s figurent le lieu, l\u2019heure et la date du d\u00e9c\u00e8s\u00a0; vous devrez obtenir l\u2019acte de d\u00e9c\u00e8s afin de pouvoir organiser les fun\u00e9railles.<\/p>\n<p>Vous trouverez les adresses des bureaux d\u2019\u00e9tat civil de votre pays en grec <a href=\"http:\/\/www.ypes.gr\/el\/Ministry\/Actions\/astikhs_dhmotikhs_katastashs\/themata_astikis_dhmotikhs_katastasis\/stoixeia_epikoinwnias\/\" target=\"_blank\" rel=\"noopener\">ici<\/a>, fournies par le minist\u00e8re de l\u2019Int\u00e9rieur.<\/p>\n<p>Vous trouverez \u00e9galement les questions les plus fr\u00e9quentes et leurs r\u00e9ponses en grec <a href=\"http:\/\/www.ypes.gr\/el\/Ministry\/Actions\/astikhs_dhmotikhs_katastashs\/themata_astikis_dhmotikhs_katastasis\/syxnes_erotiseis_astikis_dhmotikis_katastasis\/N_4144_lixiarxikes_praxeis_syxnew_erotiseis\/thanatos\/\" target=\"_blank\" rel=\"noopener\">ici<\/a>.<\/p>\n<h2>Qui s\u2019acquitte des frais d\u2019obs\u00e8ques\u00a0?<\/h2>\n<p>Les frais d\u2019obs\u00e8ques doivent \u00eatre g\u00e9n\u00e9ralement acquitt\u00e9s par un proche parent ou un ami de la personne d\u00e9c\u00e9d\u00e9e. N\u00e9anmoins, les frais correspondants peuvent \u00eatre rembours\u00e9s par l\u2019organisme de s\u00e9curit\u00e9 sociale auquel la personne d\u00e9c\u00e9d\u00e9e \u00e9tait affili\u00e9e.<\/p>\n<p>Il est important de souligner que les frais d\u2019obs\u00e8ques de citoyens d\u2019un pays tiers peuvent, en tout \u00e9tat de cause, \u00eatre couverts par les autorit\u00e9s locales ou r\u00e9gionales, si celles-ci ont pris la d\u00e9cision d\u2019allouer des fonds disponibles afin de r\u00e9pondre \u00e0 des besoins urgents. Cela s\u2019est produit dans la pratique dans les \u00eeles.<\/p>\n<p>Par cons\u00e9quent, la commune ou la pr\u00e9fecture de la zone o\u00f9 le d\u00e9c\u00e8s s&rsquo;est produit sont toujours imm\u00e9diatement contact\u00e9es apr\u00e8s le d\u00e9c\u00e8s afin de participer \u00e0 la coordination et \u00e0 la diffusion d\u2019informations aupr\u00e8s des proches de la personne d\u00e9c\u00e9d\u00e9e, et \u00e9ventuellement au sujet de la couverture des frais d\u2019obs\u00e8ques.<\/p>\n<h2>Enterrement des corps non identifi\u00e9s<\/h2>\n<p>Si un corps demeure non identifi\u00e9 durant une p\u00e9riode de 40 jours, les frais d\u2019obs\u00e8ques sont acquitt\u00e9s par le minist\u00e8re de la Justice.<\/p>\n<h2>Enterrement de personnes d\u00e9munies<\/h2>\n<p>Les frais d\u2019obs\u00e8ques des personnes pauvres ou d\u00e9munies pourront \u00eatre couverts par la commune, sur d\u00e9cision du conseil municipal.<\/p>\n<p>Dans ce cas-l\u00e0, vous devrez fournir l\u2019acte de d\u00e9c\u00e8s au procureur g\u00e9n\u00e9ral local qui pourra ordonner \u00e0 la commune de s\u2019acquitter des frais d\u2019obs\u00e8ques.<\/p>\n<p>En outre, un espace libre pour une tombe dans le cimeti\u00e8re municipal pourra \u00eatre allou\u00e9 par la commune, conform\u00e9ment \u00e0 la loi et au r\u00e8glement du cimeti\u00e8re municipal.<\/p>\n<p>Les frais d\u2019obs\u00e8ques des personnes d\u00e9munies pourront \u00e9galement \u00eatre acquitt\u00e9s par la pr\u00e9fecture, sur d\u00e9cision de celle-ci, \u00e0 condition que des fonds pour aider les personnes d\u00e9munies soient disponibles dans son budget.<\/p>\n<h2>Transfert du corps dans le pays d\u2019origine ou dans un autre pays<\/h2>\n<p>Le transfert est effectu\u00e9 par des pompes fun\u00e8bres priv\u00e9es. Dans ce cas-l\u00e0, les frais sont acquitt\u00e9s par la famille de la personne d\u00e9c\u00e9d\u00e9e.<\/p>\n<p>Le consulat ou l\u2019ambassade respectif\/respective pourra \u00e9galement y participer et s\u2019acquitter d\u2019une partie des frais ou de leur int\u00e9gralit\u00e9, \u00e0 condition que les proches n\u2019expriment aucune crainte de se rendre dans ces institutions.<\/p>\n<p>Les autorit\u00e9s grecques participent \u00e0 cette proc\u00e9dure uniquement afin d\u2019informer les personnes concern\u00e9es sur le r\u00f4le jou\u00e9 par les pompes fun\u00e8bres priv\u00e9es.<\/p>\n","protected":false},"excerpt":{"rendered":"<p>Si un membre de votre famille d\u00e9c\u00e8de, vous devrez d\u00e9clarer le d\u00e9c\u00e8s aupr\u00e8s du bureau d\u2019\u00e9tat civil le plus proche au sein de la commune o\u00f9 le d\u00e9c\u00e8s s\u2019est produit ou o\u00f9 l\u2019enterrement aura lieu. Vous devrez le faire dans les 24 heures suivant l\u2019\u00e9v\u00e9nement. Dans le cas o\u00f9 le d\u00e9c\u00e8s a lieu lors d\u2019un [&hellip;]<\/p>\n","protected":false},"author":1,"featured_media":0,"parent":798,"menu_order":6,"comment_status":"closed","ping_status":"closed","template":"","meta":{"_acf_changed":false,"footnotes":""},"class_list":["post-807","page","type-page","status-publish","hentry"],"acf":[],"_links":{"self":[{"href":"https:\/\/help.unhcr.org\/greece\/fr\/wp-json\/wp\/v2\/pages\/807","targetHints":{"allow":["GET"]}}],"collection":[{"href":"https:\/\/help.unhcr.org\/greece\/fr\/wp-json\/wp\/v2\/pages"}],"about":[{"href":"https:\/\/help.unhcr.org\/greece\/fr\/wp-json\/wp\/v2\/types\/page"}],"author":[{"embeddable":true,"href":"https:\/\/help.unhcr.org\/greece\/fr\/wp-json\/wp\/v2\/users\/1"}],"replies":[{"embeddable":true,"href":"https:\/\/help.unhcr.org\/greece\/fr\/wp-json\/wp\/v2\/comments?post=807"}],"version-history":[{"count":3,"href":"https:\/\/help.unhcr.org\/greece\/fr\/wp-json\/wp\/v2\/pages\/807\/revisions"}],"predecessor-version":[{"id":1110,"href":"https:\/\/help.unhcr.org\/greece\/fr\/wp-json\/wp\/v2\/pages\/807\/revisions\/1110"}],"up":[{"embeddable":true,"href":"https:\/\/help.unhcr.org\/greece\/fr\/wp-json\/wp\/v2\/pages\/798"}],"wp:attachment":[{"href":"https:\/\/help.unhcr.org\/greece\/fr\/wp-json\/wp\/v2\/media?parent=807"}],"curies":[{"name":"wp","href":"https:\/\/api.w.org\/{rel}","templated":true}]}}