{"id":7824,"date":"2022-06-20T07:51:53","date_gmt":"2022-06-20T07:51:53","guid":{"rendered":"https:\/\/help.unhcr.org\/greece\/?page_id=7824"},"modified":"2023-05-26T11:22:57","modified_gmt":"2023-05-26T11:22:57","slug":"contact-us","status":"publish","type":"page","link":"https:\/\/help.unhcr.org\/greece\/fr\/contact-us\/","title":{"rendered":"Nous contacter"},"content":{"rendered":"\n<figure class=\"wp-block-image size-large\"><img loading=\"lazy\" decoding=\"async\" width=\"1024\" height=\"474\" src=\"https:\/\/help.unhcr.org\/greece\/wp-content\/uploads\/sites\/6\/2022\/06\/contactus-1024x474.png\" alt=\"\" class=\"wp-image-7825\" srcset=\"https:\/\/help.unhcr.org\/greece\/wp-content\/uploads\/sites\/6\/2022\/06\/contactus-1024x474.png 1024w, https:\/\/help.unhcr.org\/greece\/wp-content\/uploads\/sites\/6\/2022\/06\/contactus-300x139.png 300w, https:\/\/help.unhcr.org\/greece\/wp-content\/uploads\/sites\/6\/2022\/06\/contactus-768x356.png 768w, https:\/\/help.unhcr.org\/greece\/wp-content\/uploads\/sites\/6\/2022\/06\/contactus.png 1080w\" sizes=\"auto, (max-width: 1024px) 100vw, 1024px\" \/><\/figure>\n\n\n<p>Si vous souhaitez recevoir des informations g\u00e9n\u00e9rales sur la proc\u00e9dure de soumission d\u2019une demande d\u2019asile en Gr\u00e8ce, ou si vous \u00eates d\u00e9j\u00e0 demandeur d\u2019asile ou r\u00e9fugi\u00e9 reconnu en Gr\u00e8ce et vous avez des questions sur les proc\u00e9dures et les services, ou souhaitez signaler vos pr\u00e9occupations, vous pouvez nous envoyer un message avec vos pr\u00e9occupations, questions et commentaires.<\/p>\n<p>Il est parfois possible que le HCR demande des donn\u00e9es personnelles, telles que le nom complet, la localisation et les informations de contact, afin de fournir des informations ou des conseils pertinents.<\/p>\n<p>Vos informations personnelles sont confidentielles et ne seront pas divulgu\u00e9es \u00e0 des tiers sans votre consentement <em>pr\u00e9alable<\/em>, \u00e0 l\u2019exception des ONG partenaires du HCR, qui peuvent, en cas de besoin, fournir une protection ou une assistance.<\/p>\n<p>Le HCR ne divulguera en aucun cas vos donn\u00e9es personnelles aux autorit\u00e9s de votre pays d\u2019origine.<\/p>\n<p><strong>Si vous ne r\u00e9sidez pas en Gr\u00e8ce, ou si votre question ne porte pas sur les proc\u00e9dures et les services disponibles en Gr\u00e8ce, nous ne pourrons y r\u00e9pondre. Dans ce cas, veuillez visiter le site Web HELP ou le site Web du HCR dans le pays o\u00f9 vous r\u00e9sidez actuellement.<\/strong><\/p>\n<p><strong>S\u2019il existe d\u00e9j\u00e0 sur HELP des informations r\u00e9pondant \u00e0 votre question, il est possible que nous ne r\u00e9pondions pas \u00e0 votre question, mais que nous vous r\u00e9f\u00e9rions \u00e0 la partie du site en question.<\/strong><\/p>\n\n<div class=\"wpcf7 no-js\" id=\"wpcf7-f1137-o1\" lang=\"en-US\" dir=\"ltr\" data-wpcf7-id=\"1137\">\n<div class=\"screen-reader-response\"><p role=\"status\" aria-live=\"polite\" aria-atomic=\"true\"><\/p> <ul><\/ul><\/div>\n<form action=\"\/greece\/fr\/wp-json\/wp\/v2\/pages\/7824#wpcf7-f1137-o1\" method=\"post\" class=\"wpcf7-form init\" aria-label=\"Contact form\" novalidate=\"novalidate\" data-status=\"init\">\n<fieldset class=\"hidden-fields-container\"><input type=\"hidden\" name=\"_wpcf7\" value=\"1137\" \/><input type=\"hidden\" name=\"_wpcf7_version\" value=\"6.1.4\" \/><input type=\"hidden\" name=\"_wpcf7_locale\" value=\"en_US\" \/><input type=\"hidden\" name=\"_wpcf7_unit_tag\" value=\"wpcf7-f1137-o1\" \/><input type=\"hidden\" name=\"_wpcf7_container_post\" value=\"0\" \/><input type=\"hidden\" name=\"_wpcf7_posted_data_hash\" value=\"\" \/><input type=\"hidden\" name=\"_wpcf7_recaptcha_response\" value=\"\" \/>\n<\/fieldset>\n<div class=\"row\">\n\t<div class=\"col-md-6 col-sm-12\">\n\t\t<p><label for=\"contact-name\">Pr\u00e9nom (facultatif) <\/label><br \/>\n<span class=\"wpcf7-form-control-wrap\" data-name=\"contact-name\"><input size=\"40\" maxlength=\"400\" class=\"wpcf7-form-control wpcf7-text\" id=\"contact-name\" aria-invalid=\"false\" value=\"\" type=\"text\" name=\"contact-name\" \/><\/span>\n\t\t<\/p>\n\t<\/div>\n\t<div class=\"col-md-6 col-sm-12\">\n\t\t<p><label for=\"contact-last-name\">Nom (facultatif) <\/label><br \/>\n<span class=\"wpcf7-form-control-wrap\" data-name=\"contact-last-name\"><input size=\"40\" maxlength=\"400\" class=\"wpcf7-form-control wpcf7-text\" id=\"contact-last-name\" aria-invalid=\"false\" value=\"\" type=\"text\" name=\"contact-last-name\" \/><\/span>\n\t\t<\/p>\n\t<\/div>\n<\/div>\n<div class=\"row\">\n\t<div class=\"col-md-6 col-sm-12\">\n\t\t<p><label for=\"contact-city\">Ville \/ Province<\/label><br \/>\n<span class=\"wpcf7-form-control-wrap\" data-name=\"contact-city\"><input size=\"40\" maxlength=\"400\" class=\"wpcf7-form-control wpcf7-text\" id=\"contact-city\" aria-invalid=\"false\" value=\"\" type=\"text\" name=\"contact-city\" \/><\/span>\n\t\t<\/p>\n\t<\/div>\n\t<div class=\"col-md-6 col-sm-12\">\n\t\t<p><label for=\"contact-telephone\">T\u00e9l\u00e9phone standard \/ Portable<\/label><br \/>\n<span class=\"wpcf7-form-control-wrap\" data-name=\"contact-telephone\"><input size=\"40\" maxlength=\"400\" class=\"wpcf7-form-control wpcf7-text\" id=\"contact-telephone\" aria-invalid=\"false\" value=\"\" type=\"text\" name=\"contact-telephone\" \/><\/span>\n\t\t<\/p>\n\t<\/div>\n<\/div>\n<div class=\"row\">\n\t<div class=\"col-md-12 col-sm-12\">\n\t\t<p><label for=\"contact-email\">Adresse \u00e9lectronique<\/label><br \/>\n<span class=\"wpcf7-form-control-wrap\" data-name=\"contact-email\"><input size=\"40\" maxlength=\"400\" class=\"wpcf7-form-control wpcf7-email wpcf7-validates-as-required wpcf7-text wpcf7-validates-as-email\" id=\"contact-email\" aria-required=\"true\" aria-invalid=\"false\" value=\"\" type=\"email\" name=\"contact-email\" \/><\/span>\n\t\t<\/p>\n\t<\/div>\n<\/div>\n<div class=\"row\">\n\t<div class=\"col-md-12 col-sm-12\">\n\t\t<p><label for=\"contact-question\">Question\/ Commentaire<\/label>\n\t\t<\/p>\n\t\t<div id=\"messagetext\">\n\t\t\t<div id=\"messagetextcontent\">\n\t\t\t\t<p><span class=\"wpcf7-form-control-wrap\" data-name=\"contact-question\"><textarea cols=\"40\" rows=\"10\" maxlength=\"2000\" class=\"wpcf7-form-control wpcf7-textarea\" id=\"contact-question\" aria-invalid=\"false\" name=\"contact-question\"><\/textarea><\/span>\n\t\t\t\t<\/p>\n\t\t\t<\/div>\n\t\t<\/div>\n\t<\/div>\n<\/div>\n<div class=\"row\" style=\"width: 95%;margin-bottom: 1em\">\n\t<div class=\"col-md-6 col-sm-12\">\n\t\t<p><input class=\"wpcf7-form-control wpcf7-submit has-spinner hp-btn hp-btn-ok\" id=\"submit\" type=\"submit\" value=\"Envoyer\" \/>\n\t\t<\/p>\n\t<\/div>\n<\/div><div class=\"wpcf7-response-output\" aria-hidden=\"true\"><\/div>\n<\/form>\n<\/div>\n","protected":false},"excerpt":{"rendered":"<p>Si vous souhaitez recevoir des informations g\u00e9n\u00e9rales sur la proc\u00e9dure de soumission d\u2019une demande d\u2019asile en Gr\u00e8ce, ou si vous \u00eates d\u00e9j\u00e0 demandeur d\u2019asile ou r\u00e9fugi\u00e9 reconnu en Gr\u00e8ce et vous avez des questions sur les proc\u00e9dures et les services, ou souhaitez signaler vos pr\u00e9occupations, vous pouvez nous envoyer un message avec vos pr\u00e9occupations, questions [&hellip;]<\/p>\n","protected":false},"author":296,"featured_media":0,"parent":0,"menu_order":5,"comment_status":"closed","ping_status":"closed","template":"","meta":{"_acf_changed":false,"footnotes":""},"class_list":["post-7824","page","type-page","status-publish","hentry"],"acf":[],"_links":{"self":[{"href":"https:\/\/help.unhcr.org\/greece\/fr\/wp-json\/wp\/v2\/pages\/7824","targetHints":{"allow":["GET"]}}],"collection":[{"href":"https:\/\/help.unhcr.org\/greece\/fr\/wp-json\/wp\/v2\/pages"}],"about":[{"href":"https:\/\/help.unhcr.org\/greece\/fr\/wp-json\/wp\/v2\/types\/page"}],"author":[{"embeddable":true,"href":"https:\/\/help.unhcr.org\/greece\/fr\/wp-json\/wp\/v2\/users\/296"}],"replies":[{"embeddable":true,"href":"https:\/\/help.unhcr.org\/greece\/fr\/wp-json\/wp\/v2\/comments?post=7824"}],"version-history":[{"count":4,"href":"https:\/\/help.unhcr.org\/greece\/fr\/wp-json\/wp\/v2\/pages\/7824\/revisions"}],"predecessor-version":[{"id":16439,"href":"https:\/\/help.unhcr.org\/greece\/fr\/wp-json\/wp\/v2\/pages\/7824\/revisions\/16439"}],"wp:attachment":[{"href":"https:\/\/help.unhcr.org\/greece\/fr\/wp-json\/wp\/v2\/media?parent=7824"}],"curies":[{"name":"wp","href":"https:\/\/api.w.org\/{rel}","templated":true}]}}