{"id":7818,"date":"2022-06-20T07:43:53","date_gmt":"2022-06-20T07:43:53","guid":{"rendered":"https:\/\/help.unhcr.org\/greece\/?page_id=7818"},"modified":"2025-04-28T11:57:25","modified_gmt":"2025-04-28T11:57:25","slug":"my-asylum-claim-got-rejected-what-happens-now","status":"publish","type":"page","link":"https:\/\/help.unhcr.org\/greece\/fr\/about-help-in-greece\/my-asylum-claim-got-rejected-what-happens-now\/","title":{"rendered":"Ma demande d&rsquo;asile a \u00e9t\u00e9 rejet\u00e9e, que se passe-t-il maintenant?"},"content":{"rendered":"\n<p>Si votre demande est rejet\u00e9e ou si le statut de protection subsidiaire vous est accord\u00e9 et que vous consid\u00e9rez \u00eatre \u00e9ligible au statut de r\u00e9fugi\u00e9, vous avez le droit de faire appel contre le rejet devant l\u2019Autorit\u00e9 de Recours (deuxi\u00e8me instance). Vous devez soumettre votre recours au Bureau R\u00e9gional d\u2019Asile comp\u00e9tent ou \u00e0 l\u2019Unit\u00e9 d\u2019Asile comp\u00e9tente qui a rendu la d\u00e9cision de rejet, dans le d\u00e9lai mentionn\u00e9 dans le texte de la d\u00e9cision que vous avez re\u00e7ue.<\/p>\n\n\n\n<p>Si vous vivez dans une structure, situ\u00e9e loin du Bureau R\u00e9gional d\u2019Asile (ou de l\u2019Unit\u00e9 d\u2019Asile) qui a rendu la d\u00e9cision, vous pouvez d\u00e9poser votre recours aupr\u00e8s de votre Bureau d\u2019Asile le plus proche. Dans ce cas, le recours sera envoy\u00e9 le jour m\u00eame par e-mail au Bureau R\u00e9gional d\u2019Asile ou \u00e0 l\u2019Unit\u00e9 d\u2019Asile qui a rendu la d\u00e9cision. Afin de d\u00e9poser votre recours, vous devez vous pr\u00e9senter en personne au Bureau comp\u00e9tent du Service d\u2019Asile et apporter avec vous le document correspondant (recours), sign\u00e9 par vous ou votre avocat. Si vous \u00eates d\u00e9tenu, vous devez d\u00e9poser votre recours aupr\u00e8s du Directeur du lieu ou du centre de r\u00e9tention, qui enverra le recours par fax ou autre moyen \u00e9lectronique au Bureau R\u00e9gional d\u2019Asile ou \u00e0 l\u2019Unit\u00e9 d\u2019Asile qui a rendu la d\u00e9cision.<\/p>\n\n\n\n<p>Lors du d\u00e9p\u00f4t du recours, vous recevrez de nouveau une Carte de Demandeur de Protection Internationale.<\/p>\n\n\n\n<p>Le Service d\u2019Asile dispose d\u2019un registre des avocats qui peuvent vous assister gratuitement dans l\u2019exercice et l\u2019examen de votre recours en deuxi\u00e8me instance. Vous pouvez faire une demande d\u2019assistance juridique en ligne. Voir ici https:\/\/applications.migration.gov.gr\/ypiresies-asylou\/.<\/p>\n\n\n\n<p>Votre recours sera examin\u00e9 par un Comit\u00e9 de Recours Ind\u00e9pendant. Le Comit\u00e9 de Recours Ind\u00e9pendant examine g\u00e9n\u00e9ralement les recours en fonction des informations contenues dans le dossier et ne vous invite pas \u00e0 un entretien. Cependant, vous serez inform\u00e9(e) de la date de l\u2019examen de votre recours, ainsi que du moment o\u00f9 vous pourrez soumettre, si vous le souhaitez, des informations compl\u00e9mentaires que le Comit\u00e9 de Recours Ind\u00e9pendant doit prendre en compte.<\/p>\n\n\n\n<p>Dans le cas o\u00f9 le Comit\u00e9 de Recours d\u00e9cide de vous appeler pour un entretien, vous en serez inform\u00e9(e) au plus tard dix (10) jours ouvrables avant la date de l\u2019entretien. Vous avez le droit de compara\u00eetre devant le Comit\u00e9 de Recours accompagn\u00e9(e) d\u2019un avocat ou d\u2019un autre conseiller.<\/p>\n\n\n\n<p>Le Comit\u00e9 de Recours vous accordera le statut de r\u00e9fugi\u00e9 ou le statut de protection subsidiaire ou rejettera votre demande.<\/p>\n\n\n\n<p class=\"has-white-color has-text-color has-background\" style=\"background-color:#0072bc\">En cas de rejet de votre demande, vous serez d\u00e9tenu dans un Centre de R\u00e9tention Pr\u00e9alable \u00e0 l\u2019\u00e9loignement jusqu\u2019\u00e0 ce que votre \u00e9loignement soit termin\u00e9 ou que votre demande soit finalement accept\u00e9e. Vous resterez d\u00e9tenu au Centre de R\u00e9tention pr\u00e9alable \u00e0 l\u2019\u00e9loignement m\u00eame si vous avez soumis une demande ult\u00e9rieure et \/ ou une demande d\u2019annulation et \/ ou une demande de suspension. Si votre appel est rejet\u00e9, le Comit\u00e9 de Recours Ind\u00e9pendant \u00e9met une d\u00e9cision de retour dans votre pays.<\/p>\n","protected":false},"excerpt":{"rendered":"<p>Si votre demande est rejet\u00e9e ou si le statut de protection subsidiaire vous est accord\u00e9 et que vous consid\u00e9rez \u00eatre \u00e9ligible au statut de r\u00e9fugi\u00e9, vous avez le droit de faire appel contre le rejet devant l\u2019Autorit\u00e9 de Recours (deuxi\u00e8me instance). Vous devez soumettre votre recours au Bureau R\u00e9gional d\u2019Asile comp\u00e9tent ou \u00e0 l\u2019Unit\u00e9 d\u2019Asile [&hellip;]<\/p>\n","protected":false},"author":296,"featured_media":0,"parent":113,"menu_order":0,"comment_status":"closed","ping_status":"closed","template":"","meta":{"_acf_changed":false,"footnotes":""},"class_list":["post-7818","page","type-page","status-publish","hentry"],"acf":[],"_links":{"self":[{"href":"https:\/\/help.unhcr.org\/greece\/fr\/wp-json\/wp\/v2\/pages\/7818","targetHints":{"allow":["GET"]}}],"collection":[{"href":"https:\/\/help.unhcr.org\/greece\/fr\/wp-json\/wp\/v2\/pages"}],"about":[{"href":"https:\/\/help.unhcr.org\/greece\/fr\/wp-json\/wp\/v2\/types\/page"}],"author":[{"embeddable":true,"href":"https:\/\/help.unhcr.org\/greece\/fr\/wp-json\/wp\/v2\/users\/296"}],"replies":[{"embeddable":true,"href":"https:\/\/help.unhcr.org\/greece\/fr\/wp-json\/wp\/v2\/comments?post=7818"}],"version-history":[{"count":5,"href":"https:\/\/help.unhcr.org\/greece\/fr\/wp-json\/wp\/v2\/pages\/7818\/revisions"}],"predecessor-version":[{"id":28935,"href":"https:\/\/help.unhcr.org\/greece\/fr\/wp-json\/wp\/v2\/pages\/7818\/revisions\/28935"}],"up":[{"embeddable":true,"href":"https:\/\/help.unhcr.org\/greece\/fr\/wp-json\/wp\/v2\/pages\/113"}],"wp:attachment":[{"href":"https:\/\/help.unhcr.org\/greece\/fr\/wp-json\/wp\/v2\/media?parent=7818"}],"curies":[{"name":"wp","href":"https:\/\/api.w.org\/{rel}","templated":true}]}}