{"id":7809,"date":"2022-06-20T07:21:20","date_gmt":"2022-06-20T07:21:20","guid":{"rendered":"https:\/\/help.unhcr.org\/greece\/?page_id=7809"},"modified":"2025-04-28T11:56:14","modified_gmt":"2025-04-28T11:56:14","slug":"i-want-to-apply-for-asylum-in-greece","status":"publish","type":"page","link":"https:\/\/help.unhcr.org\/greece\/fr\/about-help-in-greece\/i-want-to-apply-for-asylum-in-greece\/","title":{"rendered":"Je veux demander l&rsquo;asile en Gr\u00e8ce"},"content":{"rendered":"\n<p class=\"has-white-color has-text-color has-background\" style=\"background-color:#0072bc\"><strong>La demande d\u2019asile<\/strong><\/p>\n\n\n\n<p>L\u2019acc\u00e8s \u00e0 la proc\u00e9dure de protection internationale est libre et sans frais.<\/p>\n\n\n\n<p>Les autorit\u00e9s comp\u00e9tentes pour recevoir votre demande d\u2019asile sont les Bureaux R\u00e9gionaux d\u2019Asile et les Unit\u00e9s d\u2019Asile. Si vous vous trouvez dans un Centre d\u2019Accueil et d\u2019Identification (CAI), votre demande peut \u00e9galement \u00eatre enregistr\u00e9e par les fonctionnaires du CAI.<\/p>\n\n\n\n<p>La demande de protection internationale est d\u00e9pos\u00e9e en personne. Toutefois, la demande peut d\u00e9sormais \u00eatre introduite par voie \u00e9lectronique, via l\u2019application d\u2019auto-enregistrement. Pour plus d\u2019informations sur l\u2019auto-enregistrement, notamment sur les personnes concern\u00e9es par la proc\u00e9dure, veuillez consulter le site officiel du Minist\u00e8re des Migrations et de l\u2019Asile sur le lien suivant :&nbsp;<a href=\"https:\/\/migration.gov.gr\/gas\/diadikasia-asyloy\/\">https:\/\/migration.gov.gr\/gas\/diadikasia-asyloy\/<\/a>. Cette page Web est disponible en grec et en anglais.<\/p>\n\n\n\n<p>Les demandeurs de protection internationale sont des ressortissants de pays tiers ou des apatrides, qui d\u00e9posent une demande de protection internationale aupr\u00e8s des Bureaux R\u00e9gionaux ou des Unit\u00e9s d\u2019Asile autonomes ou des Unit\u00e9s du Service d\u2019Asile situ\u00e9es dans des centres d\u2019accueil et d\u2019identification.<\/p>\n\n\n\n<p>Des ressortissants de pays tiers ou des apatrides qui sont transf\u00e9r\u00e9s en Gr\u00e8ce depuis un autre \u00c9tat, en application du r\u00e8glement Dublin III, sont \u00e9galement consid\u00e9r\u00e9s comme demandeurs de protection internationale.<\/p>\n\n\n\n<p>Vous pouvez \u00e9galement faire une demande pour les membres de votre famille, \u00e0 condition qu\u2019ils se trouvent avec vous en Gr\u00e8ce et qu\u2019ils le souhaitent. Ils devront \u00e9galement vous accompagner en personne au Service d\u2019Asile.<\/p>\n\n\n\n<p><strong>Le Service Asile n\u2019est pas comp\u00e9tent pour recevoir votre demande :<\/strong><\/p>\n\n\n\n<ol class=\"wp-block-list\">\n<li>a) si vous avez d\u00e9j\u00e0 introduit aupr\u00e8s de la Police une demande de protection internationale, qui est en cours d\u2019examen,<\/li>\n\n\n\n<li>b) si vous \u00eates titulaire d\u2019une carte sp\u00e9ciale pour ressortissants \u00e9trangers demandeurs d\u2019asile (carte rose).<\/li>\n<\/ol>\n\n\n\n<p>Le Service d\u2019asile ne peut recevoir une demande en tant que demande subs\u00e9quente que si vous avez re\u00e7u une d\u00e9cision finale de rejet pour la demande que vous avez pr\u00e9sent\u00e9e \u00e0 la Police.<\/p>\n\n\n\n<p>Si vous \u00eates mineur et vous vous trouvez en Gr\u00e8ce sans \u00eatre accompagn\u00e9 de vos parents, veuillez suivre ce lien&nbsp;:&nbsp;<a href=\"https:\/\/migration.gov.gr\/gas\/diadikasia-asyloy\/asynodeytoi-anilikoi\/\">https:\/\/migration.gov.gr\/gas\/diadikasia-asyloy\/asynodeytoi-anilikoi\/<\/a>&nbsp;(les informations sont disponibles uniquement en grec et en anglais).<\/p>\n\n\n\n<p>Si vous \u00eates en d\u00e9tention ou si vous demeurez dans un Centre d\u2019Accueil et d\u2019Identification (CAI) , veuillez suivre ce lien&nbsp;:&nbsp;<a href=\"https:\/\/migration.gov.gr\/gas\/diadikasia-asyloy\/diadikasia-asyloy-gia-atoma-poy-vriskontai-ypo-kratisi-i-se-diadikasia-ypodochis-kai-taytopoiisis\/\">https:\/\/migration.gov.gr\/gas\/diadikasia-asyloy\/diadikasia-asyloy-gia-atoma-poy-vriskontai-ypo-kratisi-i-se-diadikasia-ypodochis-kai-taytopoiisis\/<\/a>&nbsp;(les informations sont disponibles uniquement en grec et en anglais).<\/p>\n\n\n\n<p>Pour plus d\u2019informations sur la proc\u00e9dure de demande d\u2019asile (premi\u00e8re instance), veuillez consulter le site officiel du Minist\u00e8re des Migrations et de l\u2019Asile sur ce lien&nbsp;:&nbsp;<a href=\"https:\/\/migration.gov.gr\/gas\/diadikasia-asyloy\/i-aitisi-gia-asylo\/\">https:\/\/migration.gov.gr\/gas\/diadikasia-asyloy\/i-aitisi-gia-asylo\/<\/a>. Cette page Web est disponible en grec et en anglais.<\/p>\n\n\n\n<h2 class=\"wp-block-heading\">Informations g\u00e9n\u00e9rales concernant la proc\u00e9dure de demande d\u2019asile en Gr\u00e8ce<\/h2>\n\n\n\n<ul style=\"background-color:#0072bc\" class=\"wp-block-list has-white-color has-text-color has-background\">\n<li class=\"has-background\" style=\"background-color:#0072bc\">Vous pouvez demander l\u2019asile en Gr\u00e8ce si vous avez peur de retourner dans votre pays d\u2019origine ou dans votre ancien pays de r\u00e9sidence quand vous \u00eates apatride, car vous risquez d\u2019\u00eatre pers\u00e9cut\u00e9 pour des raisons li\u00e9es \u00e0 votre race, votre religion, votre nationalit\u00e9, vos opinions politiques ou \u00e0 votre appartenance \u00e0 un groupe social donn\u00e9, ou parce que vous fuyez la torture ou des traitements inhumains et d\u00e9gradants.<\/li>\n\n\n\n<li class=\"has-background\" style=\"background-color:#0072bc\">Le Service d\u2019asile grec en premi\u00e8re instance et, en cas de recours, les Commissions Ind\u00e9pendantes de Recours, examineront votre demande et prendront une d\u00e9cision dans le respect de la l\u00e9gislation de l\u2019Union europ\u00e9enne et grecque.<\/li>\n\n\n\n<li class=\"has-background\" style=\"background-color:#0072bc\">En tant que demandeur d\u2019asile en Gr\u00e8ce, vous pourrez \u00e9galement solliciter un regroupement familial avec vos proches parents demeurant dans d\u2019autres pays europ\u00e9ens, \u00e0 condition de remplir certains crit\u00e8res. Vous trouverez advantage d\u2019 informations dans&nbsp;<a href=\"https:\/\/help.unhcr.org\/greece\/fr\/applying-for-asylum\/can-my-application-for-asylum-be-examined-in-another-european-country\/dublin-iii-family-reunification-and-other-legal-pathways\/\">la rubrique \u00ab&nbsp;Dublin III&nbsp;\u00bb<\/a>.<\/li>\n\n\n\n<li class=\"has-background\" style=\"background-color:#0072bc\">Vous pourrez aussi demander l\u2019asile au nom et pour le compte de votre conjoint(e) et de vos enfants \u00e2g\u00e9s de moins de 18 ans, ou de vos enfants \u00e2g\u00e9s de plus de 18 ans atteints d\u2019un handicap mental ou physique et qui ne seraient pas en mesure de pr\u00e9senter une demande par eux-m\u00eames, s\u2019ils se trouvent \u00e9galement en Gr\u00e8ce avec vous.<\/li>\n\n\n\n<li class=\"has-background\" style=\"background-color:#0072bc\">Lors de la dur\u00e9e de la proc\u00e9dure de demande d\u2019asile, vous pourrez demeurer en Gr\u00e8ce. Si vous quittez le territoire grec sans autorisation pour vous rendre dans un autre pays europ\u00e9en alors que votre demande d\u2019asile en Gr\u00e8ce est toujours en cours de traitement, les autorit\u00e9s dudit pays seront en droit de vous reconduire en Gr\u00e8ce.<\/li>\n<\/ul>\n\n\n\n<p><\/p>\n","protected":false},"excerpt":{"rendered":"<p>La demande d\u2019asile L\u2019acc\u00e8s \u00e0 la proc\u00e9dure de protection internationale est libre et sans frais. Les autorit\u00e9s comp\u00e9tentes pour recevoir votre demande d\u2019asile sont les Bureaux R\u00e9gionaux d\u2019Asile et les Unit\u00e9s d\u2019Asile. Si vous vous trouvez dans un Centre d\u2019Accueil et d\u2019Identification (CAI), votre demande peut \u00e9galement \u00eatre enregistr\u00e9e par les fonctionnaires du CAI. La [&hellip;]<\/p>\n","protected":false},"author":296,"featured_media":0,"parent":113,"menu_order":0,"comment_status":"closed","ping_status":"closed","template":"","meta":{"_acf_changed":false,"footnotes":""},"class_list":["post-7809","page","type-page","status-publish","hentry"],"acf":[],"_links":{"self":[{"href":"https:\/\/help.unhcr.org\/greece\/fr\/wp-json\/wp\/v2\/pages\/7809","targetHints":{"allow":["GET"]}}],"collection":[{"href":"https:\/\/help.unhcr.org\/greece\/fr\/wp-json\/wp\/v2\/pages"}],"about":[{"href":"https:\/\/help.unhcr.org\/greece\/fr\/wp-json\/wp\/v2\/types\/page"}],"author":[{"embeddable":true,"href":"https:\/\/help.unhcr.org\/greece\/fr\/wp-json\/wp\/v2\/users\/296"}],"replies":[{"embeddable":true,"href":"https:\/\/help.unhcr.org\/greece\/fr\/wp-json\/wp\/v2\/comments?post=7809"}],"version-history":[{"count":9,"href":"https:\/\/help.unhcr.org\/greece\/fr\/wp-json\/wp\/v2\/pages\/7809\/revisions"}],"predecessor-version":[{"id":28934,"href":"https:\/\/help.unhcr.org\/greece\/fr\/wp-json\/wp\/v2\/pages\/7809\/revisions\/28934"}],"up":[{"embeddable":true,"href":"https:\/\/help.unhcr.org\/greece\/fr\/wp-json\/wp\/v2\/pages\/113"}],"wp:attachment":[{"href":"https:\/\/help.unhcr.org\/greece\/fr\/wp-json\/wp\/v2\/media?parent=7809"}],"curies":[{"name":"wp","href":"https:\/\/api.w.org\/{rel}","templated":true}]}}