{"id":300,"date":"2017-03-09T13:28:57","date_gmt":"2017-03-09T13:28:57","guid":{"rendered":"http:\/\/help.unhcr.org\/greece\/about-unhcr-in-greece-2\/"},"modified":"2025-06-24T09:36:15","modified_gmt":"2025-06-24T09:36:15","slug":"about-unhcr-in-greece","status":"publish","type":"page","link":"https:\/\/help.unhcr.org\/greece\/fr\/about-unhcr-in-greece\/","title":{"rendered":"\u00c0 propos du HCR en Gr\u00e8ce"},"content":{"rendered":"<p>Le HCR, l\u2019Agence des Nations Unies pour les r\u00e9fugi\u00e9s, a \u00e9t\u00e9 cr\u00e9\u00e9 en 1950 par l&rsquo;Assembl\u00e9e g\u00e9n\u00e9rale des Nations Unies. Le HCR dirige et coordonne les activit\u00e9s visant \u00e0 prot\u00e9ger et \u00e0 soutenir les r\u00e9fugi\u00e9s dans le monde entier. N\u00e9anmoins, la responsabilit\u00e9 premi\u00e8re de prot\u00e9ger les r\u00e9fugi\u00e9s incombe toujours au gouvernement du pays dans lequel le r\u00e9fugi\u00e9 r\u00e9side.<\/p>\n","protected":false},"excerpt":{"rendered":"<p>Le HCR, l\u2019Agence des Nations Unies pour les r\u00e9fugi\u00e9s, a \u00e9t\u00e9 cr\u00e9\u00e9 en 1950 par l&rsquo;Assembl\u00e9e g\u00e9n\u00e9rale des Nations Unies. Le HCR dirige et coordonne les activit\u00e9s visant \u00e0 prot\u00e9ger et \u00e0 soutenir les r\u00e9fugi\u00e9s dans le monde entier. N\u00e9anmoins, la responsabilit\u00e9 premi\u00e8re de prot\u00e9ger les r\u00e9fugi\u00e9s incombe toujours au gouvernement du pays dans lequel [&hellip;]<\/p>\n","protected":false},"author":1,"featured_media":0,"parent":0,"menu_order":6,"comment_status":"closed","ping_status":"closed","template":"page-templates\/sectioned.php","meta":{"_acf_changed":false,"footnotes":""},"class_list":["post-300","page","type-page","status-publish","hentry"],"acf":[],"_links":{"self":[{"href":"https:\/\/help.unhcr.org\/greece\/fr\/wp-json\/wp\/v2\/pages\/300","targetHints":{"allow":["GET"]}}],"collection":[{"href":"https:\/\/help.unhcr.org\/greece\/fr\/wp-json\/wp\/v2\/pages"}],"about":[{"href":"https:\/\/help.unhcr.org\/greece\/fr\/wp-json\/wp\/v2\/types\/page"}],"author":[{"embeddable":true,"href":"https:\/\/help.unhcr.org\/greece\/fr\/wp-json\/wp\/v2\/users\/1"}],"replies":[{"embeddable":true,"href":"https:\/\/help.unhcr.org\/greece\/fr\/wp-json\/wp\/v2\/comments?post=300"}],"version-history":[{"count":14,"href":"https:\/\/help.unhcr.org\/greece\/fr\/wp-json\/wp\/v2\/pages\/300\/revisions"}],"predecessor-version":[{"id":30368,"href":"https:\/\/help.unhcr.org\/greece\/fr\/wp-json\/wp\/v2\/pages\/300\/revisions\/30368"}],"wp:attachment":[{"href":"https:\/\/help.unhcr.org\/greece\/fr\/wp-json\/wp\/v2\/media?parent=300"}],"curies":[{"name":"wp","href":"https:\/\/api.w.org\/{rel}","templated":true}]}}