{"id":292,"date":"2017-03-09T13:28:13","date_gmt":"2017-03-09T13:28:13","guid":{"rendered":"http:\/\/help.unhcr.org\/greece\/voluntary-return-2\/"},"modified":"2023-06-01T13:22:08","modified_gmt":"2023-06-01T13:22:08","slug":"voluntary-return","status":"publish","type":"page","link":"https:\/\/help.unhcr.org\/greece\/fr\/voluntary-return\/","title":{"rendered":"Le retour volontaire"},"content":{"rendered":"\n<figure class=\"wp-block-image size-large\"><img loading=\"lazy\" decoding=\"async\" width=\"1024\" height=\"474\" src=\"https:\/\/help.unhcr.org\/greece\/wp-content\/uploads\/sites\/6\/2023\/06\/HowtoApplyforAsylum-1-1024x474.png\" alt=\"\" class=\"wp-image-16626\" srcset=\"https:\/\/help.unhcr.org\/greece\/wp-content\/uploads\/sites\/6\/2023\/06\/HowtoApplyforAsylum-1-1024x474.png 1024w, https:\/\/help.unhcr.org\/greece\/wp-content\/uploads\/sites\/6\/2023\/06\/HowtoApplyforAsylum-1-300x139.png 300w, https:\/\/help.unhcr.org\/greece\/wp-content\/uploads\/sites\/6\/2023\/06\/HowtoApplyforAsylum-1-768x356.png 768w, https:\/\/help.unhcr.org\/greece\/wp-content\/uploads\/sites\/6\/2023\/06\/HowtoApplyforAsylum-1.png 1080w\" sizes=\"auto, (max-width: 1024px) 100vw, 1024px\" \/><\/figure>\n\n\n<p>Si vous d\u00e9cidez de ne pas demander l&rsquo;asile en Gr\u00e8ce, vous pourrez solliciter un retour volontaire dans votre pays d&rsquo;origine. L&rsquo;Organisation internationale pour les migrations (OIM) pourra vous fournir davantage d&rsquo;informations quant \u00e0 la proc\u00e9dure \u00e0 suivre. Vous pourrez la contacter \u00e0 l&rsquo;adresse suivante&nbsp;:<\/p>\n<p><strong>Organisation internationale pour les migrations<\/strong><\/p>\n<p>T\u00e9l.&nbsp;: +30 210 99 19 040<br>\nAdresse&nbsp;: Dodekanisou 6, 17456, Alimos, Ath\u00e8nes<br>\nM\u00e9tro&nbsp;: Ligne rouge (\u00e0 proximit\u00e9 de la station Ilioupoli)<br>\nHoraires d&rsquo;ouverture&nbsp;: de 8&nbsp;h&nbsp;30 \u00e0 16&nbsp;h&nbsp;00<\/p>","protected":false},"excerpt":{"rendered":"<p>Si vous d\u00e9cidez de ne pas demander l&rsquo;asile en Gr\u00e8ce, vous pourrez solliciter un retour volontaire dans votre pays d&rsquo;origine. L&rsquo;Organisation internationale pour les migrations (OIM) pourra vous fournir davantage d&rsquo;informations quant \u00e0 la proc\u00e9dure \u00e0 suivre. Vous pourrez la contacter \u00e0 l&rsquo;adresse suivante&nbsp;: Organisation internationale pour les migrations T\u00e9l.&nbsp;: +30 210 99 19 040 [&hellip;]<\/p>\n","protected":false},"author":1,"featured_media":0,"parent":0,"menu_order":15,"comment_status":"closed","ping_status":"closed","template":"","meta":{"_acf_changed":false,"footnotes":""},"class_list":["post-292","page","type-page","status-publish","hentry"],"acf":[],"_links":{"self":[{"href":"https:\/\/help.unhcr.org\/greece\/fr\/wp-json\/wp\/v2\/pages\/292","targetHints":{"allow":["GET"]}}],"collection":[{"href":"https:\/\/help.unhcr.org\/greece\/fr\/wp-json\/wp\/v2\/pages"}],"about":[{"href":"https:\/\/help.unhcr.org\/greece\/fr\/wp-json\/wp\/v2\/types\/page"}],"author":[{"embeddable":true,"href":"https:\/\/help.unhcr.org\/greece\/fr\/wp-json\/wp\/v2\/users\/1"}],"replies":[{"embeddable":true,"href":"https:\/\/help.unhcr.org\/greece\/fr\/wp-json\/wp\/v2\/comments?post=292"}],"version-history":[{"count":3,"href":"https:\/\/help.unhcr.org\/greece\/fr\/wp-json\/wp\/v2\/pages\/292\/revisions"}],"predecessor-version":[{"id":16636,"href":"https:\/\/help.unhcr.org\/greece\/fr\/wp-json\/wp\/v2\/pages\/292\/revisions\/16636"}],"wp:attachment":[{"href":"https:\/\/help.unhcr.org\/greece\/fr\/wp-json\/wp\/v2\/media?parent=292"}],"curies":[{"name":"wp","href":"https:\/\/api.w.org\/{rel}","templated":true}]}}