{"id":2865,"date":"2020-05-15T07:08:50","date_gmt":"2020-05-15T07:08:50","guid":{"rendered":"http:\/\/help.unhcr.org\/greece\/?page_id=2865"},"modified":"2020-05-15T07:08:51","modified_gmt":"2020-05-15T07:08:51","slug":"lesvos-2","status":"publish","type":"page","link":"https:\/\/help.unhcr.org\/greece\/fr\/a-propos-du-coronavirus\/lesvos-2\/","title":{"rendered":"Lesvos"},"content":{"rendered":"\n<p class=\"has-text-color has-background has-medium-font-size has-very-light-gray-color has-vivid-cyan-blue-background-color\"><strong>ANNONCE DU BUREAU REGIONAL DES SERVICES D\u2019ASILE DE LESVOS <\/strong><\/p>\n\n\n\n<p>Nous aimerions vous annoncer que le bureau r\u00e9gional des services d\u2019asile de Lesvos reprendra\nGraduellement ses activit\u00e9s \u00e0 partir du 18\/05\/2020.\n<\/p>\n\n\n\n<p>Pour ce qui concerne les diff\u00e9rentes actions administratives qui auront lieu, pri\u00e8re de vous r\u00e9f\u00e9rer\naux informations ci-dessous:\n<\/p>\n\n\n\n<p class=\"has-medium-font-size\"><strong>1. LE RENOUVELLEMENT DES CARTES DES DEMANDEURS D\u2019ASILE : <\/strong><\/p>\n\n\n\n<ul class=\"wp-block-list\"><li>Lundi 18\/05\/2020 les titulaires des cartes d\u2019asile doivent se pr\u00e9senter au bureau d\u2019asile de 7:00- 9:00 avec la mention d\u2019expiration de la date du 18\/03\/2020. <\/li><li>Mardi 19\/05\/2020 les titulaires des cartes d\u2019asile doivent se pr\u00e9senter au bureau d\u2019asile de 7:00- 9:00 avec la mention d\u2019expiration de la date du 19\/03\/2020. <\/li><li>Mercredi 20\/05\/2020 les titulaires des cartes d\u2019asile doivent se pr\u00e9senter au bureau d\u2019asile de 7:00- 9:00 avec la mention d\u2019expiration de la date du 20\/03\/2020. <\/li><li>Jeudi 21\/05\/2020 les titulaires des cartes d\u2019asile doivent se pr\u00e9senter au bureau d\u2019asile de 7:00- 9:00 avec la mention d\u2019expiration de la date du 21\/03\/2020. <\/li><li>Vendredi 22\/05\/2020 les titulaires des cartes d\u2019asile doivent se pr\u00e9senter au bureau d\u2019asile de 7:00- 9:00 avec la mention d\u2019expiration de la date du 22\/03\/2020, 23\/03\/2020 et 24\/03\/2020. <\/li><\/ul>\n\n\n\n<p>Pour tous ceux qui restent, l\u2019annonce de nouvelles clarifications \u00e0 ce sujet sera publi\u00e9e durant la semaine. <\/p>\n\n\n\n<p class=\"has-medium-font-size\"><strong>2. LES ENREGISTREMENTS : <\/strong><\/p>\n\n\n\n<p>Pri\u00e8re aux nouveaux arrivants du 1\/03\/2020 au 17\/05\/2020 de pouvoir se pr\u00e9senter tous les jours \u00e0 partir de 8:00 dans les installations du bureau r\u00e9gional d\u2019asile de Lesvos, pour proc\u00e9der \u00e0 l\u2019enregistrement de leurs demandes d\u2019asile. <\/p>\n\n\n\n<p class=\"has-medium-font-size\"><strong> 3. LES SOUMISSIONS D\u2019APPELS : <\/strong><\/p>\n\n\n\n<p>Ceux qui ont re\u00e7u une r\u00e9ponse n\u00e9gative et souhaitent soumettre leurs demandes d\u2019appel conform\u00e9ment \u00e0 la loi, peuvent venir tous les jours de 9 :00 \u00e0 15 :00, jusqu\u2019au 28\/05\/2020. Les bureaux recevront 100 cas de soumissions d\u2019appel par jour. <\/p>\n\n\n\n<p class=\"has-medium-font-size\"><strong> 4. LES INTERVIEWS: <\/strong><\/p>\n\n\n\n<p>Les titulaires des cartes d\u2019asile ouvertes, tenant compte de la non violation des restrictions g\u00e9ographiques actuelles, NE POURRONT PAS SE PRESENTER \u00e0 leurs interviews. En plus, ceux dont leurs interviews n\u2019ont pas eu lieu en raison de la fermeture du bureau d\u2019asile, NE DEVRONT PAS SE PRESENTER \u00e0 nos bureaux. Votre nouvelle date d\u2019interview sera mentionn\u00e9e dans votre nouvelle carte d\u2019asile, accompagn\u00e9e des documents \u00e9crits en plusieurs langues. <\/p>\n\n\n\n<p class=\"has-medium-font-size\"><strong>5. LE POINT INFO: <\/strong><\/p>\n\n\n\n<p>Vous \u00eates pri\u00e9s de ne pas venir aux bureaux d\u2019asile pour soumettre quel que document que ce soit, pour compl\u00e9ter votre dossier jusqu\u2019\u00e0 nouvel ordre. <\/p>\n\n\n\n<p><strong>POUR NOTRE PROTECTION A TOUS CONTRE LE COVID-19, NOUS VOUS PRIONS DE PORTER UN MASQUE LORSQUE VOUS VOUS PRESENTEZ A NOS BUREAUX. <\/strong><\/p>\n","protected":false},"excerpt":{"rendered":"<p>ANNONCE DU BUREAU REGIONAL DES SERVICES D\u2019ASILE DE LESVOS Nous aimerions vous annoncer que le bureau r\u00e9gional des services d\u2019asile de Lesvos reprendra Graduellement ses activit\u00e9s \u00e0 partir du 18\/05\/2020. Pour ce qui concerne les diff\u00e9rentes actions administratives qui auront lieu, pri\u00e8re de vous r\u00e9f\u00e9rer aux informations ci-dessous: 1. LE RENOUVELLEMENT DES CARTES DES DEMANDEURS [&hellip;]<\/p>\n","protected":false},"author":26,"featured_media":0,"parent":1657,"menu_order":3,"comment_status":"closed","ping_status":"closed","template":"","meta":{"_acf_changed":false,"footnotes":""},"class_list":["post-2865","page","type-page","status-publish","hentry"],"acf":[],"_links":{"self":[{"href":"https:\/\/help.unhcr.org\/greece\/fr\/wp-json\/wp\/v2\/pages\/2865","targetHints":{"allow":["GET"]}}],"collection":[{"href":"https:\/\/help.unhcr.org\/greece\/fr\/wp-json\/wp\/v2\/pages"}],"about":[{"href":"https:\/\/help.unhcr.org\/greece\/fr\/wp-json\/wp\/v2\/types\/page"}],"author":[{"embeddable":true,"href":"https:\/\/help.unhcr.org\/greece\/fr\/wp-json\/wp\/v2\/users\/26"}],"replies":[{"embeddable":true,"href":"https:\/\/help.unhcr.org\/greece\/fr\/wp-json\/wp\/v2\/comments?post=2865"}],"version-history":[{"count":1,"href":"https:\/\/help.unhcr.org\/greece\/fr\/wp-json\/wp\/v2\/pages\/2865\/revisions"}],"predecessor-version":[{"id":2866,"href":"https:\/\/help.unhcr.org\/greece\/fr\/wp-json\/wp\/v2\/pages\/2865\/revisions\/2866"}],"up":[{"embeddable":true,"href":"https:\/\/help.unhcr.org\/greece\/fr\/wp-json\/wp\/v2\/pages\/1657"}],"wp:attachment":[{"href":"https:\/\/help.unhcr.org\/greece\/fr\/wp-json\/wp\/v2\/media?parent=2865"}],"curies":[{"name":"wp","href":"https:\/\/api.w.org\/{rel}","templated":true}]}}