{"id":2769,"date":"2020-05-08T10:15:35","date_gmt":"2020-05-08T10:15:35","guid":{"rendered":"http:\/\/help.unhcr.org\/greece\/?page_id=2769"},"modified":"2020-06-23T06:37:25","modified_gmt":"2020-06-23T06:37:25","slug":"podcasts-2","status":"publish","type":"page","link":"https:\/\/help.unhcr.org\/greece\/fr\/a-propos-du-coronavirus\/podcasts-2\/","title":{"rendered":"Podcasts"},"content":{"rendered":"\n<p class=\"has-text-color has-background has-large-font-size has-very-light-gray-color has-vivid-cyan-blue-background-color\"><strong>Int\u00e9gration par le logement<\/strong><\/p>\n\n\n\n<figure class=\"wp-block-embed-youtube wp-block-embed is-type-video is-provider-youtube wp-embed-aspect-16-9 wp-has-aspect-ratio\"><div class=\"wp-block-embed__wrapper\">\n<iframe loading=\"lazy\" title=\"Podcast: Integration through housing\" width=\"640\" height=\"360\" src=\"https:\/\/www.youtube.com\/embed\/videoseries?list=PLDhxOid2aiAEL4oPkDo6msaLwB_1ShI59\" frameborder=\"0\" allow=\"accelerometer; autoplay; clipboard-write; encrypted-media; gyroscope; picture-in-picture; web-share\" referrerpolicy=\"strict-origin-when-cross-origin\" allowfullscreen><\/iframe>\n<\/div><figcaption> Utilisez les boutons suivant \/ pr\u00e9c\u00e9dent pour changer la langue <\/figcaption><\/figure>\n\n\n\n<p class=\"has-text-color has-background has-large-font-size has-very-light-gray-color has-vivid-cyan-blue-background-color\"><strong>Prot\u00e9gez-vous de la violence<\/strong><\/p>\n\n\n\n<figure class=\"wp-block-embed-youtube wp-block-embed is-type-video is-provider-youtube wp-embed-aspect-16-9 wp-has-aspect-ratio\"><div class=\"wp-block-embed__wrapper\">\n<iframe loading=\"lazy\" title=\"Podcast: &quot;Protect yourself from violence. You have the right to feel safe!&quot;\" width=\"640\" height=\"360\" src=\"https:\/\/www.youtube.com\/embed\/videoseries?list=PLDhxOid2aiAGGERCpCjG6IukQqK-264vj\" frameborder=\"0\" allow=\"accelerometer; autoplay; clipboard-write; encrypted-media; gyroscope; picture-in-picture; web-share\" referrerpolicy=\"strict-origin-when-cross-origin\" allowfullscreen><\/iframe>\n<\/div><figcaption>Utilisez les boutons suivant \/ pr\u00e9c\u00e9dent pour changer la langue<\/figcaption><\/figure>\n\n\n\n<p class=\"has-text-color has-background has-large-font-size has-very-light-gray-color has-vivid-cyan-blue-background-color\"><strong>G\u00e9rer le stress<\/strong><\/p>\n\n\n\n<figure class=\"wp-block-embed-youtube wp-block-embed is-type-video is-provider-youtube wp-embed-aspect-16-9 wp-has-aspect-ratio\"><div class=\"wp-block-embed__wrapper\">\n<iframe loading=\"lazy\" title=\"Podcast: \u201cCoping with Stress\u201d\" width=\"640\" height=\"360\" src=\"https:\/\/www.youtube.com\/embed\/videoseries?list=PLDhxOid2aiAGaBM4AlTBZa1TIh_nLIzB_\" frameborder=\"0\" allow=\"accelerometer; autoplay; clipboard-write; encrypted-media; gyroscope; picture-in-picture; web-share\" referrerpolicy=\"strict-origin-when-cross-origin\" allowfullscreen><\/iframe>\n<\/div><figcaption>Utilisez les boutons suivant \/ pr\u00e9c\u00e9dent pour changer la langue<\/figcaption><\/figure>\n\n\n\n<p class=\"has-text-color has-background has-large-font-size has-very-light-gray-color has-vivid-cyan-blue-background-color\"><strong>Dites non aux fausses nouvelles<\/strong><\/p>\n\n\n\n<figure class=\"wp-block-embed-youtube wp-block-embed is-type-video is-provider-youtube wp-embed-aspect-16-9 wp-has-aspect-ratio\"><div class=\"wp-block-embed__wrapper\">\n<iframe loading=\"lazy\" title=\"Podcasts - Say No to fake news\" width=\"640\" height=\"360\" src=\"https:\/\/www.youtube.com\/embed\/videoseries?list=PLDhxOid2aiAFVRKYV3TUKCHZIRDM8gGNr\" frameborder=\"0\" allow=\"accelerometer; autoplay; clipboard-write; encrypted-media; gyroscope; picture-in-picture; web-share\" referrerpolicy=\"strict-origin-when-cross-origin\" allowfullscreen><\/iframe>\n<\/div><figcaption>Utilisez les boutons suivant \/ pr\u00e9c\u00e9dent pour changer la langue<\/figcaption><\/figure>\n\n\n\n<hr class=\"wp-block-separator\" \/>\n\n\n\n<p class=\"has-text-color has-background has-large-font-size has-very-light-gray-color has-vivid-cyan-blue-background-color\"><strong>COVID-19: Instructions pour les soins \u00e0 domicile des patients<\/strong><\/p>\n\n\n\n<figure class=\"wp-block-embed-youtube wp-block-embed is-type-video is-provider-youtube wp-embed-aspect-16-9 wp-has-aspect-ratio\"><div class=\"wp-block-embed__wrapper\">\n<iframe loading=\"lazy\" title=\"Podcasts\" width=\"640\" height=\"360\" src=\"https:\/\/www.youtube.com\/embed\/videoseries?list=PLDhxOid2aiAGj5SMiX69mVQZZeS436YUl\" frameborder=\"0\" allow=\"accelerometer; autoplay; clipboard-write; encrypted-media; gyroscope; picture-in-picture; web-share\" referrerpolicy=\"strict-origin-when-cross-origin\" allowfullscreen><\/iframe>\n<\/div><figcaption>Utilisez les boutons suivant \/ pr\u00e9c\u00e9dent pour changer la langue<\/figcaption><\/figure>\n\n\n\n<hr class=\"wp-block-separator\" \/>\n\n\n\n<p class=\"has-text-color has-background has-large-font-size has-very-light-gray-color has-vivid-cyan-blue-background-color\"><strong>Guide d&rsquo;\u00c9tat sur le culte et le ramadan \u00e0 l&rsquo;\u00e9poque de COVID-19 (mp3)<\/strong><\/p>\n\n\n\n<figure class=\"wp-block-image size-large\"><img loading=\"lazy\" decoding=\"async\" width=\"1024\" height=\"1024\" src=\"https:\/\/help.unhcr.org\/greece\/wp-content\/uploads\/sites\/6\/2020\/05\/RADIO-SPOT-2_COVER_FINAL-1024x1024.png\" alt=\"\" class=\"wp-image-2825\" srcset=\"https:\/\/help.unhcr.org\/greece\/wp-content\/uploads\/sites\/6\/2020\/05\/RADIO-SPOT-2_COVER_FINAL-1024x1024.png 1024w, https:\/\/help.unhcr.org\/greece\/wp-content\/uploads\/sites\/6\/2020\/05\/RADIO-SPOT-2_COVER_FINAL-300x300.png 300w, https:\/\/help.unhcr.org\/greece\/wp-content\/uploads\/sites\/6\/2020\/05\/RADIO-SPOT-2_COVER_FINAL-150x150.png 150w, https:\/\/help.unhcr.org\/greece\/wp-content\/uploads\/sites\/6\/2020\/05\/RADIO-SPOT-2_COVER_FINAL-768x768.png 768w, https:\/\/help.unhcr.org\/greece\/wp-content\/uploads\/sites\/6\/2020\/05\/RADIO-SPOT-2_COVER_FINAL.png 1080w\" sizes=\"auto, (max-width: 1024px) 100vw, 1024px\" \/><\/figure>\n\n\n\n<p class=\"has-text-color has-background has-medium-font-size has-very-light-gray-color has-vivid-green-cyan-background-color\"><strong><a href=\"https:\/\/help.unhcr.org\/greece\/wp-content\/uploads\/sites\/6\/2020\/05\/English.mp3\">English<\/a><\/strong><\/p>\n\n\n\n<p class=\"has-text-color has-background has-medium-font-size has-very-light-gray-color has-vivid-green-cyan-background-color\"><strong><a href=\"https:\/\/help.unhcr.org\/greece\/wp-content\/uploads\/sites\/6\/2020\/05\/French.mp3\">French<\/a><\/strong><\/p>\n\n\n\n<p class=\"has-text-color has-background has-medium-font-size has-very-light-gray-color has-vivid-green-cyan-background-color\"><strong><a href=\"https:\/\/help.unhcr.org\/greece\/wp-content\/uploads\/sites\/6\/2020\/05\/Arabic.mp3\">Arabic<\/a><\/strong><\/p>\n\n\n\n<p class=\"has-text-color has-background has-medium-font-size has-very-light-gray-color has-vivid-green-cyan-background-color\"><strong><a href=\"https:\/\/help.unhcr.org\/greece\/wp-content\/uploads\/sites\/6\/2020\/05\/Farsi.mp3\">Farsi<\/a><\/strong><\/p>\n\n\n\n<p class=\"has-text-color has-background has-medium-font-size has-very-light-gray-color has-vivid-green-cyan-background-color\"><strong><a href=\"https:\/\/help.unhcr.org\/greece\/wp-content\/uploads\/sites\/6\/2020\/05\/Urdu.mp3\">Urdu<\/a><\/strong><\/p>\n\n\n\n<p class=\"has-text-color has-background has-medium-font-size has-very-light-gray-color has-vivid-green-cyan-background-color\"><strong><a href=\"https:\/\/help.unhcr.org\/greece\/wp-content\/uploads\/sites\/6\/2020\/05\/Turlish.mp3\">Turkish<\/a><\/strong><\/p>\n\n\n\n<p class=\"has-text-color has-background has-large-font-size has-very-light-gray-color has-vivid-cyan-blue-background-color\"><strong>Fichiers audio des messages de l&rsquo;\u00c9tat<\/strong><\/p>\n\n\n\n<p class=\"has-text-color has-background has-medium-font-size has-very-light-gray-color has-vivid-green-cyan-background-color\"><strong><a href=\"https:\/\/help.unhcr.org\/greece\/wp-content\/uploads\/sites\/6\/2020\/05\/1-English.mp3\">English<\/a><\/strong><\/p>\n\n\n\n<p class=\"has-text-color has-background has-medium-font-size has-very-light-gray-color has-vivid-green-cyan-background-color\"><strong><a href=\"https:\/\/help.unhcr.org\/greece\/wp-content\/uploads\/sites\/6\/2020\/05\/2-French.mp3\">French<\/a><\/strong><\/p>\n\n\n\n<p class=\"has-text-color has-background has-medium-font-size has-very-light-gray-color has-vivid-green-cyan-background-color\"><strong><a href=\"https:\/\/help.unhcr.org\/greece\/wp-content\/uploads\/sites\/6\/2020\/05\/3-Arabic.mp3\">Arabic<\/a><\/strong><\/p>\n\n\n\n<p class=\"has-text-color has-background has-medium-font-size has-very-light-gray-color has-vivid-green-cyan-background-color\"><strong><a href=\"https:\/\/help.unhcr.org\/greece\/wp-content\/uploads\/sites\/6\/2020\/05\/6-Farsi-2.mp3\">Farsi<\/a><\/strong><\/p>\n\n\n\n<p class=\"has-text-color has-background has-medium-font-size has-very-light-gray-color has-vivid-green-cyan-background-color\"><strong><a href=\"https:\/\/help.unhcr.org\/greece\/wp-content\/uploads\/sites\/6\/2020\/05\/5-Urdu.mp3\">Urdu<\/a><\/strong><\/p>\n\n\n\n<p class=\"has-text-color has-background has-medium-font-size has-very-light-gray-color has-vivid-green-cyan-background-color\"><strong><a href=\"https:\/\/help.unhcr.org\/greece\/wp-content\/uploads\/sites\/6\/2020\/05\/4-Turkish.mp3\">Turkish<\/a><\/strong><\/p>\n\n\n\n<p class=\"has-text-color has-background has-large-font-size has-very-light-gray-color has-vivid-cyan-blue-background-color\"><strong>Fichiers audio du service d&rsquo;asile<\/strong><\/p>\n\n\n\n<p class=\"has-text-color has-background has-medium-font-size has-very-light-gray-color has-vivid-green-cyan-background-color\"><strong><a href=\"https:\/\/help.unhcr.org\/greece\/wp-content\/uploads\/sites\/6\/2020\/05\/2-Eng.mp3\">English<\/a><\/strong><\/p>\n\n\n\n<p class=\"has-text-color has-background has-medium-font-size has-very-light-gray-color has-vivid-green-cyan-background-color\"><strong><a href=\"https:\/\/help.unhcr.org\/greece\/wp-content\/uploads\/sites\/6\/2020\/05\/6-Fr.mp3\">French<\/a><\/strong><\/p>\n\n\n\n<p class=\"has-text-color has-background has-medium-font-size has-very-light-gray-color has-vivid-green-cyan-background-color\"><strong><a href=\"https:\/\/help.unhcr.org\/greece\/wp-content\/uploads\/sites\/6\/2020\/05\/3-Ar.mp3\">Arabic<\/a><\/strong><\/p>\n\n\n\n<p class=\"has-text-color has-background has-medium-font-size has-very-light-gray-color has-vivid-green-cyan-background-color\"><strong><a href=\"https:\/\/help.unhcr.org\/greece\/wp-content\/uploads\/sites\/6\/2020\/05\/1-Fa.mp3\">Farsi<\/a><\/strong><\/p>\n\n\n\n<p class=\"has-text-color has-background has-medium-font-size has-very-light-gray-color has-vivid-green-cyan-background-color\"><strong><a href=\"https:\/\/help.unhcr.org\/greece\/wp-content\/uploads\/sites\/6\/2020\/05\/4-Ur.mp3\">Urdu<\/a><\/strong><\/p>\n\n\n\n<p class=\"has-text-color has-background has-medium-font-size has-very-light-gray-color has-vivid-green-cyan-background-color\"><strong><a href=\"https:\/\/help.unhcr.org\/greece\/wp-content\/uploads\/sites\/6\/2020\/05\/7-Tu.mp3\">Turkish<\/a><\/strong><\/p>\n","protected":false},"excerpt":{"rendered":"<p>Int\u00e9gration par le logement Prot\u00e9gez-vous de la violence G\u00e9rer le stress Dites non aux fausses nouvelles COVID-19: Instructions pour les soins \u00e0 domicile des patients Guide d&rsquo;\u00c9tat sur le culte et le ramadan \u00e0 l&rsquo;\u00e9poque de COVID-19 (mp3) English French Arabic Farsi Urdu Turkish Fichiers audio des messages de l&rsquo;\u00c9tat English French Arabic Farsi Urdu [&hellip;]<\/p>\n","protected":false},"author":26,"featured_media":0,"parent":1657,"menu_order":0,"comment_status":"closed","ping_status":"closed","template":"page-templates\/listing_page.php","meta":{"_acf_changed":false,"footnotes":""},"class_list":["post-2769","page","type-page","status-publish","hentry"],"acf":[],"_links":{"self":[{"href":"https:\/\/help.unhcr.org\/greece\/fr\/wp-json\/wp\/v2\/pages\/2769","targetHints":{"allow":["GET"]}}],"collection":[{"href":"https:\/\/help.unhcr.org\/greece\/fr\/wp-json\/wp\/v2\/pages"}],"about":[{"href":"https:\/\/help.unhcr.org\/greece\/fr\/wp-json\/wp\/v2\/types\/page"}],"author":[{"embeddable":true,"href":"https:\/\/help.unhcr.org\/greece\/fr\/wp-json\/wp\/v2\/users\/26"}],"replies":[{"embeddable":true,"href":"https:\/\/help.unhcr.org\/greece\/fr\/wp-json\/wp\/v2\/comments?post=2769"}],"version-history":[{"count":8,"href":"https:\/\/help.unhcr.org\/greece\/fr\/wp-json\/wp\/v2\/pages\/2769\/revisions"}],"predecessor-version":[{"id":3079,"href":"https:\/\/help.unhcr.org\/greece\/fr\/wp-json\/wp\/v2\/pages\/2769\/revisions\/3079"}],"up":[{"embeddable":true,"href":"https:\/\/help.unhcr.org\/greece\/fr\/wp-json\/wp\/v2\/pages\/1657"}],"wp:attachment":[{"href":"https:\/\/help.unhcr.org\/greece\/fr\/wp-json\/wp\/v2\/media?parent=2769"}],"curies":[{"name":"wp","href":"https:\/\/api.w.org\/{rel}","templated":true}]}}