{"id":267,"date":"2017-03-09T13:26:05","date_gmt":"2017-03-09T13:26:05","guid":{"rendered":"http:\/\/help.unhcr.org\/greece\/rights-and-duties\/rights-and-duties-of-asylum-seekers\/"},"modified":"2025-05-16T09:54:06","modified_gmt":"2025-05-16T09:54:06","slug":"rights-and-duties-of-asylum-seekers","status":"publish","type":"page","link":"https:\/\/help.unhcr.org\/greece\/fr\/vivre-en-grece\/rights-and-duties\/rights-and-duties-of-asylum-seekers\/","title":{"rendered":"Les droits et obligations des demandeurs d&rsquo;asile"},"content":{"rendered":"<p>La demande d\u2019asile en Gr\u00e8ce constitue un processus comportant\u00a0<a href=\"https:\/\/migration.gov.gr\/en\/gas\/diadikasia-asyloy\/i-aitisi-gia-asylo\/\">plusieurs \u00e9tapes<\/a>. Voir la page d\u2019informations juridiques de ce site.<\/p>\n<p>En tant que demandeur d\u2019asile, vous avez les droits et obligations indiqu\u00e9s ci-dessous.<\/p>\n<p>Quel que soit l\u2019\u00e9tat d\u2019avancement de la proc\u00e9dure, vous aurez toujours les droits et obligations suivants\u00a0:<\/p>\n<ul>\n<li>Vous \u00eates en droit d\u2019\u00eatre inform\u00e9(e), dans une langue que vous comprenez, sur le d\u00e9veloppement\u00a0de votre demande d\u2019asile, de vos droits et de vos obligations.<\/li>\n<li>Vous \u00eates en droit d\u2019acc\u00e9der \u00e0 une assistance de base, incluant l\u2019h\u00e9bergement et l\u2019aide alimentaire, juridique, m\u00e9dicale et psychosociale.<\/li>\n<li>Vous \u00eates tenu(e) de coop\u00e9rer pleinement avec les autorit\u00e9s grecques.<\/li>\n<\/ul>\n<p>D\u00e8s la d\u00e9livrance dudit document, vous aurez toute une s\u00e9rie de droits et d\u2019obligations\u00a0:<\/p>\n<ul>\n<li>Vous pourrez habiter l\u00e9galement en Gr\u00e8ce jusqu\u2019\u00e0 ce que le Service d\u2019asile ait pris une d\u00e9cision d\u00e9finitive concernant votre demande d\u2019asile. Ceci implique que vous ne pourrez pas \u00eatre renvoy\u00e9(e) dans un autre pays contre votre volont\u00e9, tant que vous serez dans l\u2019attente de la d\u00e9cision relative \u00e0 votre demande d\u2019asile.<\/li>\n<li>Les enfants peuvent aller \u00e0 l\u2019\u00e9cole.<\/li>\n<li>En possession de votre carte de pr\u00e9-inscription, vous pouvez vous d\u00e9placer librement en Gr\u00e8ce, mais vous <strong>n&rsquo;ETES PAS<\/strong> autoris\u00e9 \u00e0 voyager dans un autre pays.<\/li>\n<li>L\u2019\u00c9tat grec vous fournira un h\u00e9bergement dans un site sur la Gr\u00e8ce. Vous n\u2019y aurez aucun loyer \u00e0 payer. Vous ne pouvez pas choisir le site dans lequel vous souhaitez habiter lorsque celui-ci vous est fourni par l\u2019\u00c9tat. Vous n\u2019\u00eates pas oblig\u00e9(e) de vivre au lieu fourni par l\u2019\u00c9tat si vous ne le souhaitez pas.<\/li>\n<li>Vous pouvez acc\u00e9der aux soins de sant\u00e9 de base, mais pour certains services plus complexes, il se pourrait que vous ayez \u00e0 r\u00e9gler un tarif minimal.<\/li>\n<li>Pendant que vous \u00eates pr\u00e9inscrit, vous <strong>N\u2019\u00caTES PAS<\/strong>\u00a0 en droit de travailler en Gr\u00e8ce. Vous avez le droit de travailler en Gr\u00e8ce seulement apr\u00e8s avoir \u00e9t\u00e9 enti\u00e8rement inscrit. Si vous travaillez, vous devrez payer les taxes nationales.<\/li>\n<li>Vous devez respecter et suivre la l\u00e9gislation du pays.<\/li>\n<li>Vous devez coop\u00e9rer avec les autorit\u00e9s qui \u00e9tudient votre demande.<\/li>\n<li>En cas de changement d&rsquo;adresse \u00e9lectronique ou de num\u00e9ro de t\u00e9l\u00e9phone, vous devez en informer l&rsquo;agent responsable de votre dossier de demande d&rsquo;asile.<\/li>\n<\/ul>\n\n\n<p><\/p>\n","protected":false},"excerpt":{"rendered":"<p>La demande d\u2019asile en Gr\u00e8ce constitue un processus comportant\u00a0plusieurs \u00e9tapes. Voir la page d\u2019informations juridiques de ce site. En tant que demandeur d\u2019asile, vous avez les droits et obligations indiqu\u00e9s ci-dessous. Quel que soit l\u2019\u00e9tat d\u2019avancement de la proc\u00e9dure, vous aurez toujours les droits et obligations suivants\u00a0: Vous \u00eates en droit d\u2019\u00eatre inform\u00e9(e), dans une [&hellip;]<\/p>\n","protected":false},"author":1,"featured_media":0,"parent":259,"menu_order":0,"comment_status":"closed","ping_status":"closed","template":"","meta":{"_acf_changed":false,"footnotes":""},"class_list":["post-267","page","type-page","status-publish","hentry"],"acf":[],"_links":{"self":[{"href":"https:\/\/help.unhcr.org\/greece\/fr\/wp-json\/wp\/v2\/pages\/267","targetHints":{"allow":["GET"]}}],"collection":[{"href":"https:\/\/help.unhcr.org\/greece\/fr\/wp-json\/wp\/v2\/pages"}],"about":[{"href":"https:\/\/help.unhcr.org\/greece\/fr\/wp-json\/wp\/v2\/types\/page"}],"author":[{"embeddable":true,"href":"https:\/\/help.unhcr.org\/greece\/fr\/wp-json\/wp\/v2\/users\/1"}],"replies":[{"embeddable":true,"href":"https:\/\/help.unhcr.org\/greece\/fr\/wp-json\/wp\/v2\/comments?post=267"}],"version-history":[{"count":9,"href":"https:\/\/help.unhcr.org\/greece\/fr\/wp-json\/wp\/v2\/pages\/267\/revisions"}],"predecessor-version":[{"id":29797,"href":"https:\/\/help.unhcr.org\/greece\/fr\/wp-json\/wp\/v2\/pages\/267\/revisions\/29797"}],"up":[{"embeddable":true,"href":"https:\/\/help.unhcr.org\/greece\/fr\/wp-json\/wp\/v2\/pages\/259"}],"wp:attachment":[{"href":"https:\/\/help.unhcr.org\/greece\/fr\/wp-json\/wp\/v2\/media?parent=267"}],"curies":[{"name":"wp","href":"https:\/\/api.w.org\/{rel}","templated":true}]}}