{"id":22278,"date":"2024-04-02T07:27:36","date_gmt":"2024-04-02T07:27:36","guid":{"rendered":"https:\/\/help.unhcr.org\/greece\/rights-and-duties\/right-to-family-reunification-in-greece\/"},"modified":"2024-07-11T12:10:02","modified_gmt":"2024-07-11T12:10:02","slug":"right-to-family-reunification-in-greece","status":"publish","type":"page","link":"https:\/\/help.unhcr.org\/greece\/fr\/vivre-en-grece\/right-to-family-reunification-in-greece\/","title":{"rendered":"Droit au regroupement familial en Gr\u00e8ce"},"content":{"rendered":"\n<p>Si vous obtenez le statut de r\u00e9fugi\u00e9, vous avez droit au regroupement familial. Cela signifie que vous pouvez demander \u00e0 ce que les membres de votre famille r\u00e9sidant dans leur pays d\u2019origine ou dans un autre pays hors de l\u2019UE puissent entrer et r\u00e9sider l\u00e9galement en Gr\u00e8ce.<\/p>\n\n\n\n<p>Veuillez noter que les b\u00e9n\u00e9ficiaires du statut de protection subsidiaire ne peuvent pas introduire une demande de regroupement familial.<\/p>\n\n\n\n<p class=\"has-text-align-center has-white-color has-text-color has-background has-link-color wp-elements-a56853bf9c0815404896010b17e5efbb\" style=\"background-color:#0072bc\"><strong>Qui est consid\u00e9r\u00e9 comme un membre de la famille aux fins du regroupement familial:<\/strong><\/p>\n\n\n\n<p>Vous pouvez introduire une demande de regroupement familial avec&nbsp;:<\/p>\n\n\n\n<ul class=\"wp-block-list\">\n<li>Votre conjoint (mari\/femme) \u00e2g\u00e9 de plus de 18 ans.<\/li>\n<\/ul>\n\n\n\n<p>Veuillez noter que les mariages polygames ne sont pas reconnus en Gr\u00e8ce. Par cons\u00e9quent, vous ne pouvez pas demander le regroupement familial avec plus d\u2019un(e) conjoint(e).<\/p>\n\n\n\n<ul class=\"wp-block-list\">\n<li>Les enfants mineurs non mari\u00e9s (&lt;18 ans) que vous et votre conjoint(e) avez eus ensemble, y compris ceux que vous avez adopt\u00e9s, \u00e0 condition que certaines conditions l\u00e9gales suppl\u00e9mentaires soient remplies.<\/li>\n\n\n\n<li>Vos autres enfants ou ceux de votre conjoint(e), \u00e0 condition qu\u2019ils soient \u00e2g\u00e9s de moins de 18 ans et non mari\u00e9s, y compris les enfants adopt\u00e9s, \u00e0 condition que vous en ayez obtenu la garde compl\u00e8te et que votre conjoint(e) ait obtenu la garde compl\u00e8te pour les siens.<\/li>\n\n\n\n<li>Vos enfants adultes non mari\u00e9s ou ceux de votre conjoint(e) qui sont objectivement incapables de subvenir \u00e0 leurs besoins en raison de leur \u00e9tat de sant\u00e9.<\/li>\n\n\n\n<li>Vos parents, \u00e0 condition qu\u2019ils aient v\u00e9cu avec vous dans la m\u00eame maison et qu\u2019ils aient \u00e9t\u00e9 soutenus par vous avant votre arriv\u00e9e en Gr\u00e8ce et qu\u2019ils ne disposent pas du soutien familial requis dans votre pays d\u2019origine.<\/li>\n\n\n\n<li>Votre partenaire hors mariage avec qui vous avez une relation stable et durable d\u00fbment \u00e9tablie (notamment par l\u2019existence d\u2019un enfant ou d\u2019une cohabitation ant\u00e9rieure, ou tout autre moyen de preuve appropri\u00e9).<\/li>\n<\/ul>\n\n\n\n<p>Si vous \u00eates un enfant non accompagn\u00e9 et que vous avez obtenu le statut de r\u00e9fugi\u00e9, vous pouvez demander le regroupement familial avec:<\/p>\n\n\n\n<ul class=\"wp-block-list\">\n<li>Vos parents.<\/li>\n\n\n\n<li>Votre tuteur l\u00e9gal ou un autre membre de votre famille, si vous n\u2019avez pas de parents ou si vos parents sont introuvables.<\/li>\n<\/ul>\n\n\n\n<p class=\"has-text-align-center has-white-color has-text-color has-background has-link-color wp-elements-f665459fb28c949c05c100a343c710af\" style=\"background-color:#0072bc\"><strong>Documents requis<\/strong>:<\/p>\n\n\n\n<p><strong>Si vous demandez le regroupement familial dans les 3 mois suivant la notification de la d\u00e9cision relative au statut de r\u00e9fugi\u00e9 ou si vous \u00eates \u00e2g\u00e9 de moins de 18 ans,&nbsp;<\/strong>vous devrez fournir&nbsp;:<\/p>\n\n\n\n<ol class=\"wp-block-list\">\n<li>Une photocopie des passeports des membres de votre famille.<\/li>\n\n\n\n<li>Un certificat d\u2019\u00e9tat civil r\u00e9cent qui prouve votre lien de parent\u00e9 avec les membres de votre famille et leur \u00e2ge.<\/li>\n\n\n\n<li>Si vous demandez le regroupement avec un enfant dont vous ou votre conjoint(e) avez \u00e9t\u00e9 l\u00e9galement d\u00e9sign\u00e9 comme tuteur, un document d\u00e9livr\u00e9 par l\u2019autorit\u00e9 comp\u00e9tente du pays o\u00f9 vit l\u2019enfant, certifiant que vous en avez la garde exclusive est \u00e9galement requis.<br>Les documents susmentionn\u00e9s doivent \u00eatre certifi\u00e9s par les autorit\u00e9s grecques comp\u00e9tentes et traduits.<\/li>\n<\/ol>\n\n\n\n<p>Pour v\u00e9rifier les conditions requises pour la certification des documents d\u00e9livr\u00e9s par les diff\u00e9rents pays, consultez le site web du Minist\u00e8re grec des affaires \u00e9trang\u00e8res&nbsp;<a href=\"https:\/\/www.mfa.gr\/en\/citizen-services\/administrative-affairs\/verification-of-the-authenticity-of-foreign-documents.html\">ICI.<\/a><\/p>\n\n\n\n<p><strong>Si vous demandez le regroupement familial plus de 3 mois apr\u00e8s la notification de la d\u00e9cision relative au statut de r\u00e9fugi\u00e9, vous aurez besoin des documents justificatifs suppl\u00e9mentaires suivants&nbsp;<\/strong><strong>:<\/strong><\/p>\n\n\n\n<ul class=\"wp-block-list\">\n<li>Un contrat certifi\u00e9 pour l\u2019achat d\u2019une maison ou un contrat de location pour une maison qui peut r\u00e9pondre aux besoins de logement de votre famille.<\/li>\n\n\n\n<li>Une copie d\u2019une d\u00e9claration de revenus annuels suffisants pour vous et votre famille (le revenu minimum requis d\u00e9pend du nombre de membres de votre famille).<\/li>\n\n\n\n<li>Une copie de l\u2019attestation de s\u00e9curit\u00e9 sociale, qui doit \u00e9galement couvrir les membres de votre famille.<\/li>\n<\/ul>\n\n\n\n<p class=\"has-text-align-center has-white-color has-text-color has-background has-link-color wp-elements-14f08ee637a279b0ac9371f2a289dd75\" style=\"background-color:#0072bc\"><strong>Comment introduire une demande de regroupement familial<\/strong>:<\/p>\n\n\n\n<p>Pour introduire une demande de regroupement familial vous devez prendre rendez-vous via les services en ligne du Minist\u00e8re des Migrations et de l\u2019Asile.<\/p>\n\n\n\n<ul class=\"wp-block-list\">\n<li>Acc\u00e9der \u00e0 la page web\u00a0<a href=\"https:\/\/migration.gov.gr\/\">https:\/\/migration.gov.gr<\/a><\/li>\n\n\n\n<li>En haut \u00e0 droite de la page, s\u00e9lectionner : e-Services<\/li>\n\n\n\n<li>S\u00e9lectionner : Services d\u2019asile<\/li>\n\n\n\n<li>S\u00e9lectionner : Prendre rendez-vous<\/li>\n\n\n\n<li>Dans la rubrique \u00ab\u00a0\u00c0 l\u2019attention du Bureau r\u00e9gional\/Unit\u00e9 d\u2019asile\u00a0\u00bb, s\u00e9lectionner\u00a0: le Bureau d\u2019asile comp\u00e9tent dans votre r\u00e9gion ou le Bureau d\u2019asile pour b\u00e9n\u00e9ficiaires de la protection internationale<\/li>\n\n\n\n<li>En haut \u00e0 droite, s\u00e9lectionner la langue que vous souhaitez utiliser.<\/li>\n\n\n\n<li>Saisir vos coordonn\u00e9es et s\u00e9lectionner \u00abEnvoyer\u00bb.<\/li>\n<\/ul>\n\n\n\n<p>Le jour de votre rendez-vous, pour plus de commodit\u00e9, veuillez apporter des copies des passeports des membres de votre famille avec lesquels vous demandez le regroupement familial.<\/p>\n\n\n\n<p class=\"has-text-align-center has-white-color has-text-color has-background has-link-color wp-elements-4eec7c6bacb40730b49cef53da9bf6ec\" style=\"background-color:#0072bc\"><strong>Proc\u00e9dure \u00e0 suivre:<\/strong><\/p>\n\n\n\n<p>Le Service d\u2019asile vous convoquera \u00e0 un entretien.<\/p>\n\n\n\n<p>Les autorit\u00e9s comp\u00e9tentes peuvent \u00e9galement inviter les membres de votre famille \u00e0 un entretien personnel et mener toute enqu\u00eate pertinente afin d\u2019\u00e9tablir votre lien de parent\u00e9.<\/p>\n\n\n\n<p>La d\u00e9cision devrait \u00eatre rendue et vous \u00eatre notifi\u00e9e dans un d\u00e9lai de neuf mois.<\/p>\n\n\n\n<p>Apr\u00e8s une d\u00e9cision positive sur votre demande de regroupement familial, les membres de votre famille doivent se faire d\u00e9livrer des visas par le consulat grec comp\u00e9tent afin de pouvoir se rendre en Gr\u00e8ce.<\/p>\n\n\n\n<p>Veuillez garder \u00e0 l\u2019esprit que la proc\u00e9dure de regroupement familial est assez compliqu\u00e9e et longue.<\/p>\n","protected":false},"excerpt":{"rendered":"<p>Si vous obtenez le statut de r\u00e9fugi\u00e9, vous avez droit au regroupement familial. Cela signifie que vous pouvez demander \u00e0 ce que les membres de votre famille r\u00e9sidant dans leur pays d\u2019origine ou dans un autre pays hors de l\u2019UE puissent entrer et r\u00e9sider l\u00e9galement en Gr\u00e8ce. Veuillez noter que les b\u00e9n\u00e9ficiaires du statut de [&hellip;]<\/p>\n","protected":false},"author":418,"featured_media":0,"parent":798,"menu_order":1,"comment_status":"closed","ping_status":"closed","template":"","meta":{"_acf_changed":false,"footnotes":""},"class_list":["post-22278","page","type-page","status-publish","hentry"],"acf":[],"_links":{"self":[{"href":"https:\/\/help.unhcr.org\/greece\/fr\/wp-json\/wp\/v2\/pages\/22278","targetHints":{"allow":["GET"]}}],"collection":[{"href":"https:\/\/help.unhcr.org\/greece\/fr\/wp-json\/wp\/v2\/pages"}],"about":[{"href":"https:\/\/help.unhcr.org\/greece\/fr\/wp-json\/wp\/v2\/types\/page"}],"author":[{"embeddable":true,"href":"https:\/\/help.unhcr.org\/greece\/fr\/wp-json\/wp\/v2\/users\/418"}],"replies":[{"embeddable":true,"href":"https:\/\/help.unhcr.org\/greece\/fr\/wp-json\/wp\/v2\/comments?post=22278"}],"version-history":[{"count":1,"href":"https:\/\/help.unhcr.org\/greece\/fr\/wp-json\/wp\/v2\/pages\/22278\/revisions"}],"predecessor-version":[{"id":22281,"href":"https:\/\/help.unhcr.org\/greece\/fr\/wp-json\/wp\/v2\/pages\/22278\/revisions\/22281"}],"up":[{"embeddable":true,"href":"https:\/\/help.unhcr.org\/greece\/fr\/wp-json\/wp\/v2\/pages\/798"}],"wp:attachment":[{"href":"https:\/\/help.unhcr.org\/greece\/fr\/wp-json\/wp\/v2\/media?parent=22278"}],"curies":[{"name":"wp","href":"https:\/\/api.w.org\/{rel}","templated":true}]}}