{"id":197,"date":"2017-03-09T13:21:22","date_gmt":"2017-03-09T13:21:22","guid":{"rendered":"http:\/\/help.unhcr.org\/greece\/applying-for-asylum\/what-is-asylum\/"},"modified":"2021-04-02T10:56:45","modified_gmt":"2021-04-02T10:56:45","slug":"what-is-asylum","status":"publish","type":"page","link":"https:\/\/help.unhcr.org\/greece\/fr\/applying-for-asylum\/what-is-asylum\/","title":{"rendered":"Qu&rsquo;est-ce que l&rsquo;asile ?"},"content":{"rendered":"<h2>Informations g\u00e9n\u00e9rales concernant la proc\u00e9dure de demande d&rsquo;asile en Gr\u00e8ce<\/h2>\n<ul>\n<li>Vous pouvez demander l\u2019asile en Gr\u00e8ce si vous avez peur de retourner dans votre pays d\u2019origine ou dans votre ancien pays de r\u00e9sidence quand vous \u00eates apatride, car vous risquez d\u2019\u00eatre pers\u00e9cut\u00e9 pour des raisons li\u00e9es \u00e0 votre race, votre religion, votre nationalit\u00e9, vos opinions politiques ou \u00e0 votre appartenance \u00e0 un groupe social donn\u00e9, ou parce que vous fuyez la torture ou des traitements inhumains et d\u00e9gradants.<\/li>\n<li>Le Service d\u2019asile grec en premi\u00e8re instance et, en cas de recours, les Commissions Ind\u00e9pendantes de Recours, examineront votre demande et prendront une d\u00e9cision dans le respect de la l\u00e9gislation de l\u2019Union europ\u00e9enne et grecque.<\/li>\n<li>En tant que demandeur d\u2019asile en Gr\u00e8ce, vous pourrez \u00e9galement solliciter un regroupement familial avec vos proches parents demeurant dans d\u2019autres pays europ\u00e9ens, \u00e0 condition de remplir certains crit\u00e8res. Vous trouverez advantage d\u2019 informations dans\u00a0<a href=\"https:\/\/help.unhcr.org\/greece\/fr\/applying-for-asylum\/can-my-application-for-asylum-be-examined-in-another-european-country\/dublin-iii-family-reunification-and-other-legal-pathways\/\">la rubrique \u00ab\u00a0Dublin III\u00a0\u00bb<\/a>.<\/li>\n<li>Vous pourrez aussi demander l\u2019asile au nom et pour le compte de votre conjoint(e) et de vos enfants \u00e2g\u00e9s de moins de 18 ans, ou de vos enfants \u00e2g\u00e9s de plus de 18 ans atteints d\u2019un handicap mental ou physique et qui ne seraient pas en mesure de pr\u00e9senter une demande par eux-m\u00eames, s\u2019ils se trouvent \u00e9galement en Gr\u00e8ce avec vous.<\/li>\n<li>Lors de la dur\u00e9e de la proc\u00e9dure de demande d\u2019asile, vous pourrez demeurer en Gr\u00e8ce. Si vous quittez le territoire grec sans autorisation pour vous rendre dans un autre pays europ\u00e9en alors que votre demande d\u2019asile en Gr\u00e8ce est toujours en cours de traitement, les autorit\u00e9s dudit pays seront en droit de vous reconduire en Gr\u00e8ce.<\/li>\n<\/ul>\n<p><em>Last Update: 11 Feb 2021<\/em><\/p>\n\n\n<p><\/p>\n","protected":false},"excerpt":{"rendered":"<p>Informations g\u00e9n\u00e9rales concernant la proc\u00e9dure de demande d&rsquo;asile en Gr\u00e8ce Vous pouvez demander l\u2019asile en Gr\u00e8ce si vous avez peur de retourner dans votre pays d\u2019origine ou dans votre ancien pays de r\u00e9sidence quand vous \u00eates apatride, car vous risquez d\u2019\u00eatre pers\u00e9cut\u00e9 pour des raisons li\u00e9es \u00e0 votre race, votre religion, votre nationalit\u00e9, vos opinions [&hellip;]<\/p>\n","protected":false},"author":1,"featured_media":0,"parent":189,"menu_order":0,"comment_status":"closed","ping_status":"closed","template":"","meta":{"_acf_changed":false,"footnotes":""},"class_list":["post-197","page","type-page","status-publish","hentry"],"acf":[],"_links":{"self":[{"href":"https:\/\/help.unhcr.org\/greece\/fr\/wp-json\/wp\/v2\/pages\/197","targetHints":{"allow":["GET"]}}],"collection":[{"href":"https:\/\/help.unhcr.org\/greece\/fr\/wp-json\/wp\/v2\/pages"}],"about":[{"href":"https:\/\/help.unhcr.org\/greece\/fr\/wp-json\/wp\/v2\/types\/page"}],"author":[{"embeddable":true,"href":"https:\/\/help.unhcr.org\/greece\/fr\/wp-json\/wp\/v2\/users\/1"}],"replies":[{"embeddable":true,"href":"https:\/\/help.unhcr.org\/greece\/fr\/wp-json\/wp\/v2\/comments?post=197"}],"version-history":[{"count":4,"href":"https:\/\/help.unhcr.org\/greece\/fr\/wp-json\/wp\/v2\/pages\/197\/revisions"}],"predecessor-version":[{"id":3570,"href":"https:\/\/help.unhcr.org\/greece\/fr\/wp-json\/wp\/v2\/pages\/197\/revisions\/3570"}],"up":[{"embeddable":true,"href":"https:\/\/help.unhcr.org\/greece\/fr\/wp-json\/wp\/v2\/pages\/189"}],"wp:attachment":[{"href":"https:\/\/help.unhcr.org\/greece\/fr\/wp-json\/wp\/v2\/media?parent=197"}],"curies":[{"name":"wp","href":"https:\/\/api.w.org\/{rel}","templated":true}]}}