{"id":189,"date":"2017-03-09T13:20:42","date_gmt":"2017-03-09T13:20:42","guid":{"rendered":"http:\/\/help.unhcr.org\/greece\/applying-for-asylum-2\/"},"modified":"2022-10-19T12:36:38","modified_gmt":"2022-10-19T12:36:38","slug":"applying-for-asylum","status":"publish","type":"page","link":"https:\/\/help.unhcr.org\/greece\/fr\/applying-for-asylum\/","title":{"rendered":"Pr\u00e9senter une demande d&rsquo;asile"},"content":{"rendered":"\n<figure class=\"wp-block-image size-large\"><img loading=\"lazy\" decoding=\"async\" width=\"1024\" height=\"474\" src=\"https:\/\/help.unhcr.org\/greece\/wp-content\/uploads\/sites\/6\/2022\/10\/HowtoApplyforAsylum-6-1024x474.png\" alt=\"\" class=\"wp-image-10197\" srcset=\"https:\/\/help.unhcr.org\/greece\/wp-content\/uploads\/sites\/6\/2022\/10\/HowtoApplyforAsylum-6-1024x474.png 1024w, https:\/\/help.unhcr.org\/greece\/wp-content\/uploads\/sites\/6\/2022\/10\/HowtoApplyforAsylum-6-300x139.png 300w, https:\/\/help.unhcr.org\/greece\/wp-content\/uploads\/sites\/6\/2022\/10\/HowtoApplyforAsylum-6-768x356.png 768w, https:\/\/help.unhcr.org\/greece\/wp-content\/uploads\/sites\/6\/2022\/10\/HowtoApplyforAsylum-6.png 1080w\" sizes=\"auto, (max-width: 1024px) 100vw, 1024px\" \/><\/figure>\n\n\n\n<p>Le r\u00f4le du HCR des Nations Unies en Gr\u00e8ce <strong>n&rsquo;inclut pas&nbsp;<\/strong>la r\u00e9ception et\/ou le traitement des demandes d&rsquo;asile ou de r\u00e9installation. Le personnel du HCR des Nations Unies vous informera de la proc\u00e9dure \u00e0 suivre pour demander l&rsquo;asile aupr\u00e8s des autorit\u00e9s grecques.<\/p>\n\n\n\n<p>Le <strong>Service d&rsquo;asile grec<\/strong> est la seule entit\u00e9 charg\u00e9e du traitement des demandes d&rsquo;asile et des proc\u00e9dures y aff\u00e9rentes.<\/p>\n","protected":false},"excerpt":{"rendered":"<p>Le r\u00f4le du HCR des Nations Unies en Gr\u00e8ce n&rsquo;inclut pas&nbsp;la r\u00e9ception et\/ou le traitement des demandes d&rsquo;asile ou de r\u00e9installation. Le personnel du HCR des Nations Unies vous informera de la proc\u00e9dure \u00e0 suivre pour demander l&rsquo;asile aupr\u00e8s des autorit\u00e9s grecques. Le Service d&rsquo;asile grec est la seule entit\u00e9 charg\u00e9e du traitement des demandes [&hellip;]<\/p>\n","protected":false},"author":1,"featured_media":0,"parent":0,"menu_order":2,"comment_status":"closed","ping_status":"closed","template":"page-templates\/listing_page.php","meta":{"_acf_changed":false,"footnotes":""},"class_list":["post-189","page","type-page","status-publish","hentry"],"acf":[],"_links":{"self":[{"href":"https:\/\/help.unhcr.org\/greece\/fr\/wp-json\/wp\/v2\/pages\/189","targetHints":{"allow":["GET"]}}],"collection":[{"href":"https:\/\/help.unhcr.org\/greece\/fr\/wp-json\/wp\/v2\/pages"}],"about":[{"href":"https:\/\/help.unhcr.org\/greece\/fr\/wp-json\/wp\/v2\/types\/page"}],"author":[{"embeddable":true,"href":"https:\/\/help.unhcr.org\/greece\/fr\/wp-json\/wp\/v2\/users\/1"}],"replies":[{"embeddable":true,"href":"https:\/\/help.unhcr.org\/greece\/fr\/wp-json\/wp\/v2\/comments?post=189"}],"version-history":[{"count":4,"href":"https:\/\/help.unhcr.org\/greece\/fr\/wp-json\/wp\/v2\/pages\/189\/revisions"}],"predecessor-version":[{"id":10207,"href":"https:\/\/help.unhcr.org\/greece\/fr\/wp-json\/wp\/v2\/pages\/189\/revisions\/10207"}],"wp:attachment":[{"href":"https:\/\/help.unhcr.org\/greece\/fr\/wp-json\/wp\/v2\/media?parent=189"}],"curies":[{"name":"wp","href":"https:\/\/api.w.org\/{rel}","templated":true}]}}