{"id":1854,"date":"2020-04-10T07:42:52","date_gmt":"2020-04-10T07:42:52","guid":{"rendered":"http:\/\/help.unhcr.org\/greece\/?page_id=1854"},"modified":"2021-05-28T07:02:48","modified_gmt":"2021-05-28T07:02:48","slug":"attique","status":"publish","type":"page","link":"https:\/\/help.unhcr.org\/greece\/fr\/a-propos-du-coronavirus\/attique\/","title":{"rendered":"Attique"},"content":{"rendered":"\n<h2 class=\"wp-block-heading\"><strong>Mise \u00e0 jour de la prestation de services \u00e0 la suite de la pand\u00e9mie de COVID-19 en Attique<\/strong><\/h2>\n\n\n\n<p class=\"has-very-light-gray-color has-vivid-cyan-blue-background-color has-text-color has-background has-medium-font-size\"><strong>Services municipaux<\/strong><\/p>\n\n\n\n<ul class=\"wp-block-list\"><li><strong>Centre d\u2019appels municipal d\u2019Ath\u00e8nes&nbsp;<\/strong>: 210 52 77&nbsp;000<\/li><\/ul>\n\n\n\n<p>Lundi &#8211; vendredi, 8h &#8211; 20h<\/p>\n\n\n\n<p>Aucune interpr\u00e9tation disponible<\/p>\n\n\n\n<ul class=\"wp-block-list\"><li><strong>Soutien psychosocial&nbsp;<\/strong>: 210&nbsp;3637365, Aucune interpr\u00e9tation disponible.<\/li><\/ul>\n\n\n\n<ul class=\"wp-block-list\"><li><strong>Soutien en premiers secours&nbsp;: <\/strong>210&nbsp;3638049, aucune interpr\u00e9tation disponible.<\/li><\/ul>\n\n\n\n<p class=\"has-very-light-gray-color has-vivid-cyan-blue-background-color has-text-color has-background has-medium-font-size\"><strong>ACCMR \u2013 Centre de coordination d\u2019Ath\u00e8nes pour les questions li\u00e9es aux &nbsp;Migrants et Refugies&nbsp; &nbsp;<\/strong><\/p>\n\n\n\n<ul class=\"wp-block-list\"><li>Mesures prises par la Ville d\u2019Ath\u00e8nes pour la sant\u00e9 publique (14 mesures) <\/li><\/ul>\n\n\n\n<p><a href=\"https:\/\/www.accmr.gr\/en\/news\/845-measures-of-the-city-of-athens-to-protect-public-health.html?art=1\">https:\/\/www.accmr.gr\/en\/news\/845-measures-of-the-city-of-athens-to-protect-public-health.html?art=1<\/a><\/p>\n\n\n\n<ul class=\"wp-block-list\"><li>Services et activit\u00e9s pour les groupes vuln\u00e9rables (y compris les migrants et les r\u00e9fugi\u00e9s). Cartographies des services disponible ici&nbsp;:&nbsp;<a href=\"https:\/\/eur02.safelinks.protection.outlook.com\/?url=https%3A%2F%2Fbit.ly%2F3daDZJG&amp;data=02%7C01%7Cdimitrio%40unhcr.org%7Ccf7c74796c3144af154e08d7cf60f24d%7Ce5c37981666441348a0c6543d2af80be%7C0%7C1%7C637205888209638268&amp;sdata=UlhbHtwQWHJBg6EL8MsSdAV4jjg3WS2vvkKD3%2FWkOKg%3D&amp;reserved=0\">https:\/\/bit.ly\/3daDZJG<\/a><\/li><li>Information sur les mesures de pr\u00e9vention du coronavirus pour les travailleurs communautaires et les b\u00e9n\u00e9ficiaires <a href=\"https:\/\/www.accmr.gr\/en\/news\/835-coronavirus-info-en.html?art=1\">https:\/\/www.accmr.gr\/en\/news\/835-coronavirus-info-en.html?art=1<\/a><\/li><\/ul>\n\n\n\n<p class=\"has-very-light-gray-color has-vivid-cyan-blue-background-color has-text-color has-background has-medium-font-size\"><strong>H\u00f4pitaux\ndans la R\u00e9gion d\u2019 Attique<\/strong><\/p>\n\n\n\n<ul class=\"wp-block-list\"><li>Tous les h\u00f4pitaux en Gr\u00e8ce fonctionnent actuellement sur appel uniquement (\u03b5\u03c6\u03b7\u03bc\u03b5\u03c1\u03af\u03b1) et, par cons\u00e9quent, tous les rendez-vous pris avant l\u2019\u00e9pid\u00e9mie de COVID-19 sont annul\u00e9s. Les personnes avec des probl\u00e8mes de sant\u00e9 urgents doivent se rendre \u00e0 la salle d\u2019urgence de l\u2019h\u00f4pital de garde le plus proche.<\/li><\/ul>\n\n\n\n<ul class=\"wp-block-list\"><li><strong>Les personnes pr\u00e9sentant des sympt\u00f4mes de COVID-19 (fi\u00e8vre, toux ou essoufflement) doivent appeler l\u2019Organisation nationale de la sant\u00e9 publique (EODY) 24h \u00e0 1135 (disponible en grec et en anglais).<\/strong><\/li><\/ul>\n\n\n\n<ul class=\"wp-block-list\"><li>Organisation nationale de sant\u00e9 publique (EODY):<a href=\"https:\/\/eody.gov.gr\/en\/\">https:\/\/eody.gov.gr\/en\/<\/a><\/li><\/ul>\n\n\n\n<p class=\"has-very-light-gray-color has-vivid-cyan-blue-background-color has-text-color has-background has-medium-font-size\"><strong>Les activit\u00e9s\nde travail de rue par Arsis Ath\u00e8nes pour les enfants non accompagn\u00e9s et les\nsans-abris<\/strong><\/p>\n\n\n\n<p>ARSIS poursuit ses activit\u00e9s de\ntravail de rue afin de fournir des trousses qui comprennent des articles\nd\u2019hygi\u00e8ne, des sacs de couchage, des v\u00eatements et un chargeur solaire aux\nenfants non accompagn\u00e9s sans abri. Toute personne \u00e2g\u00e9e de moins de 18 ans qui\nn\u2019est pas accompagn\u00e9e de sa m\u00e8re ou de son p\u00e8re et qui est actuellement sans\nabri dans la r\u00e9gion d\u2019Ath\u00e8nes peut communiquer avec l\u2019\u00e9quipe de travail de rue\nde l\u2019ARSIS au (+30) 6941410777 (appel ou messages Viber, WhatsApp, OMI) et par\ncourriel \u00e0 arsis.neonchora@gmail.com.<\/p>\n\n\n\n<p class=\"has-very-light-gray-color has-vivid-cyan-blue-background-color has-text-color has-background has-medium-font-size\"><strong>GCR Bureau d\u2019aide en ligne <\/strong>&nbsp;<\/p>\n\n\n\n<p>Pour les demandeurs d\u2019asile et les r\u00e9fugi\u00e9s reconnus qui n\u2019ont pas de cas ouvert avec GCR. GCR a lanc\u00e9 un centre d\u2019information sur FB auquel les personnes peuvent envoyer leurs requ\u00eates par Messenger, dans leur langue. GCR \u00e9valuera la nature et l\u2019urgence de la demande et la renverra \u00e0 l\u2019unit\u00e9 des services juridiques ou sociaux. Si le cas est entrepris, les personnes seront en contact avec le professionnel qui assurera le suivi de leur cas par courriel. GCR demande aux personnes qui souhaitent adresser leur question \u00e0 l\u2019organisation de fournir dans leur message initial l\u2019information ci-dessous&nbsp;: <\/p>\n\n\n\n<p>1) Quel est votre emplacement en Gr\u00e8ce? , <\/p>\n\n\n\n<p>2) De quoi avez-vous besoin (quelle est votre demande)? , <\/p>\n\n\n\n<p>3) Quelle est votre langue parl\u00e9e?<\/p>\n\n\n\n<p><a href=\"https:\/\/eur02.safelinks.protection.outlook.com\/?url=https%3A%2F%2Fwww.facebook.com%2FGCRhelpdesk%2F%3F__tn__%3DkC-R%26eid%3DARBoPXcI0uWvd6VCKPGRxgm4eYIufAnRyVb3jhUzCcgx_qP65R1mTQytr7dKui6t4Mgfdw_5dtWh1XHl%26hc_ref%3DARQEDt9_5riPbRMt2BpIFBPIsml2gMk\"><strong>Greek Council for Refugees- centre d\u2019information <\/strong><\/a><\/p>\n\n\n\n<p class=\"has-very-light-gray-color has-vivid-cyan-blue-background-color has-text-color has-background has-medium-font-size\"><strong>R\u00e9seau d&rsquo;assistance t\u00e9l\u00e9phonique pour les droits de l&rsquo;enfant<\/strong><\/p>\n\n\n\n<p>Un service pour les enfants non accompagn\u00e9s qui vivent dans des conditions de logement pr\u00e9caires \u00e0 Ath\u00e8nes et qui ont besoin d\u2019un soutien psychosoque et juridique. Farsi 6940580338, Arabe 6940580531, Urdu 6940580367 disponible dans les applications imo, Viber, Whatsapp. et Skype.<\/p>\n\n\n\n<p class=\"has-very-light-gray-color has-vivid-cyan-blue-background-color has-text-color has-background has-medium-font-size\"><strong>DIOTIMA-Attica<\/strong><\/p>\n\n\n\n<p>Services de\nsoutien en mati\u00e8re de violence sexuelle et base sexiste <\/p>\n\n\n\n<p>Dans le cadre des\nmesures visant \u00e0 pr\u00e9venir et \u00e0 limiter la propagation du COVID-19 en Gr\u00e8ce, le\nCentre Diotima a adapt\u00e9 son fonctionnement au nouveau contexte, permettant \u00e0\nson personnel de travailler \u00e0 distance.<\/p>\n\n\n\n<p>Ainsi, Diotima\ncontinue de fournir des services psychosociaux et d\u2019aide juridique \u00e0 distance\naux r\u00e9fugi\u00e9s victimes de violence a caract\u00e8re sexiste.<\/p>\n\n\n\n<p><strong>Coordonn\u00e9es de contact<\/strong> : <\/p>\n\n\n\n<p>&nbsp;t\u00e9l\u00e9phone : 2108816405\n(10.00-17.00)<\/p>\n\n\n\n<p>&nbsp;courriel : urban.athens.diotima@gmail.com\n(pour le soutien psychosocial)<\/p>\n\n\n\n<p>&nbsp;&nbsp;&nbsp;&nbsp;&nbsp;&nbsp;&nbsp;&nbsp;&nbsp;&nbsp;&nbsp;&nbsp;&nbsp;&nbsp;&nbsp;&nbsp;&nbsp;&nbsp;&nbsp;legal.diotima@gmail.com (pour l\u2019aide juridique)<\/p>\n\n\n\n<p>D\u2019autres\napplications telles que viber et whatsApp sont \u00e9galement disponibles :<\/p>\n\n\n\n<p><strong>Farsi<\/strong> : 6988587846<\/p>\n\n\n\n<p><strong>Fran\u00e7ais<\/strong> : 6988587809<\/p>\n\n\n\n<p><strong>Arabe<\/strong> : 6986921161<\/p>\n\n\n\n<p><strong>Sorani<\/strong> : 6988528460<\/p>\n","protected":false},"excerpt":{"rendered":"<p>Mise \u00e0 jour de la prestation de services \u00e0 la suite de la pand\u00e9mie de COVID-19 en Attique Services municipaux Centre d\u2019appels municipal d\u2019Ath\u00e8nes&nbsp;: 210 52 77&nbsp;000 Lundi &#8211; vendredi, 8h &#8211; 20h Aucune interpr\u00e9tation disponible Soutien psychosocial&nbsp;: 210&nbsp;3637365, Aucune interpr\u00e9tation disponible. Soutien en premiers secours&nbsp;: 210&nbsp;3638049, aucune interpr\u00e9tation disponible. ACCMR \u2013 Centre de coordination [&hellip;]<\/p>\n","protected":false},"author":26,"featured_media":0,"parent":1657,"menu_order":1,"comment_status":"closed","ping_status":"closed","template":"","meta":{"_acf_changed":false,"footnotes":""},"class_list":["post-1854","page","type-page","status-publish","hentry"],"acf":[],"_links":{"self":[{"href":"https:\/\/help.unhcr.org\/greece\/fr\/wp-json\/wp\/v2\/pages\/1854","targetHints":{"allow":["GET"]}}],"collection":[{"href":"https:\/\/help.unhcr.org\/greece\/fr\/wp-json\/wp\/v2\/pages"}],"about":[{"href":"https:\/\/help.unhcr.org\/greece\/fr\/wp-json\/wp\/v2\/types\/page"}],"author":[{"embeddable":true,"href":"https:\/\/help.unhcr.org\/greece\/fr\/wp-json\/wp\/v2\/users\/26"}],"replies":[{"embeddable":true,"href":"https:\/\/help.unhcr.org\/greece\/fr\/wp-json\/wp\/v2\/comments?post=1854"}],"version-history":[{"count":4,"href":"https:\/\/help.unhcr.org\/greece\/fr\/wp-json\/wp\/v2\/pages\/1854\/revisions"}],"predecessor-version":[{"id":3683,"href":"https:\/\/help.unhcr.org\/greece\/fr\/wp-json\/wp\/v2\/pages\/1854\/revisions\/3683"}],"up":[{"embeddable":true,"href":"https:\/\/help.unhcr.org\/greece\/fr\/wp-json\/wp\/v2\/pages\/1657"}],"wp:attachment":[{"href":"https:\/\/help.unhcr.org\/greece\/fr\/wp-json\/wp\/v2\/media?parent=1854"}],"curies":[{"name":"wp","href":"https:\/\/api.w.org\/{rel}","templated":true}]}}